{"id":22027,"date":"2025-07-22T19:46:27","date_gmt":"2025-07-22T17:46:27","guid":{"rendered":"https:\/\/uj.adatbank.ro\/lexikon\/termek\/szentivani-janos\/"},"modified":"2025-07-22T19:46:27","modified_gmt":"2025-07-22T17:46:27","slug":"szentivani-janos","status":"publish","type":"product","link":"https:\/\/uj.adatbank.ro\/lexikon\/termek\/szentivani-janos\/","title":{"rendered":"SZENTIV\u00c1NI J\u00e1nos"},"content":{"rendered":"<p>? \u2020\u00a01842: alkir\u00e1lyb\u00edr\u00f3. \u2013 Marossz\u00e9k alkir\u00e1lyb\u00edr\u00f3ja. \u2013 Unok\u00e1ja J\u00e1nos (\u2020\u00a01892). <br \/><strong>Irod.:<\/strong> K\u0151v\u00e1ry L\u00e1szl\u00f3 1899.<\/br><\/p>\n","protected":false},"excerpt":{"rendered":"<p>? \u2020\u00a01842: alkir\u00e1lyb\u00edr\u00f3. \u2013 Marossz\u00e9k alkir\u00e1lyb\u00edr\u00f3ja. \u2013 Unok\u00e1ja J\u00e1nos (\u2020\u00a01892). Irod.: K\u0151v\u00e1ry L\u00e1szl\u00f3 1899.<\/p>\n","protected":false},"featured_media":0,"comment_status":"open","ping_status":"closed","template":"","meta":[],"product_brand":[],"product_cat":[137],"product_tag":[],"class_list":{"0":"post-22027","1":"product","2":"type-product","3":"status-publish","5":"product_cat-maros-megyei-eletrajzi-lexikon","7":"first","8":"instock","9":"shipping-taxable","10":"product-type-simple"},"_links":{"self":[{"href":"https:\/\/uj.adatbank.ro\/lexikon\/wp-json\/wp\/v2\/product\/22027","targetHints":{"allow":["GET"]}}],"collection":[{"href":"https:\/\/uj.adatbank.ro\/lexikon\/wp-json\/wp\/v2\/product"}],"about":[{"href":"https:\/\/uj.adatbank.ro\/lexikon\/wp-json\/wp\/v2\/types\/product"}],"replies":[{"embeddable":true,"href":"https:\/\/uj.adatbank.ro\/lexikon\/wp-json\/wp\/v2\/comments?post=22027"}],"wp:attachment":[{"href":"https:\/\/uj.adatbank.ro\/lexikon\/wp-json\/wp\/v2\/media?parent=22027"}],"wp:term":[{"taxonomy":"product_brand","embeddable":true,"href":"https:\/\/uj.adatbank.ro\/lexikon\/wp-json\/wp\/v2\/product_brand?post=22027"},{"taxonomy":"product_cat","embeddable":true,"href":"https:\/\/uj.adatbank.ro\/lexikon\/wp-json\/wp\/v2\/product_cat?post=22027"},{"taxonomy":"product_tag","embeddable":true,"href":"https:\/\/uj.adatbank.ro\/lexikon\/wp-json\/wp\/v2\/product_tag?post=22027"}],"curies":[{"name":"wp","href":"https:\/\/api.w.org\/{rel}","templated":true}]}}