{"id":22028,"date":"2025-07-22T19:46:29","date_gmt":"2025-07-22T17:46:29","guid":{"rendered":"https:\/\/uj.adatbank.ro\/lexikon\/termek\/szentivani-janos-2\/"},"modified":"2025-07-22T19:46:29","modified_gmt":"2025-07-22T17:46:29","slug":"szentivani-janos-2","status":"publish","type":"product","link":"https:\/\/uj.adatbank.ro\/lexikon\/termek\/szentivani-janos-2\/","title":{"rendered":"SZENTIV\u00c1NI J\u00e1nos"},"content":{"rendered":"<p>? \u2020?: unit. lelk\u00e9sz. \u2013 Nagyteremiben volt lelk\u00e9sz (1631), amikor meghalt S\u00fck\u00f6sd Gy\u00f6rgy f\u00f6ldbirtokos, a temet\u00e9si szertart\u00e1st is \u0151 v\u00e9gezte. <br \/><strong>Irod.:<\/strong> K\u00e9nosi\u2013Uzoni 2.<\/br><\/p>\n","protected":false},"excerpt":{"rendered":"<p>? \u2020?: unit. lelk\u00e9sz. \u2013 Nagyteremiben volt lelk\u00e9sz (1631), amikor meghalt S\u00fck\u00f6sd Gy\u00f6rgy f\u00f6ldbirtokos, a temet\u00e9si szertart\u00e1st is \u0151 v\u00e9gezte. Irod.: K\u00e9nosi\u2013Uzoni 2.<\/p>\n","protected":false},"featured_media":0,"comment_status":"open","ping_status":"closed","template":"","meta":[],"product_brand":[],"product_cat":[137],"product_tag":[],"class_list":{"0":"post-22028","1":"product","2":"type-product","3":"status-publish","5":"product_cat-maros-megyei-eletrajzi-lexikon","7":"first","8":"instock","9":"shipping-taxable","10":"product-type-simple"},"_links":{"self":[{"href":"https:\/\/uj.adatbank.ro\/lexikon\/wp-json\/wp\/v2\/product\/22028","targetHints":{"allow":["GET"]}}],"collection":[{"href":"https:\/\/uj.adatbank.ro\/lexikon\/wp-json\/wp\/v2\/product"}],"about":[{"href":"https:\/\/uj.adatbank.ro\/lexikon\/wp-json\/wp\/v2\/types\/product"}],"replies":[{"embeddable":true,"href":"https:\/\/uj.adatbank.ro\/lexikon\/wp-json\/wp\/v2\/comments?post=22028"}],"wp:attachment":[{"href":"https:\/\/uj.adatbank.ro\/lexikon\/wp-json\/wp\/v2\/media?parent=22028"}],"wp:term":[{"taxonomy":"product_brand","embeddable":true,"href":"https:\/\/uj.adatbank.ro\/lexikon\/wp-json\/wp\/v2\/product_brand?post=22028"},{"taxonomy":"product_cat","embeddable":true,"href":"https:\/\/uj.adatbank.ro\/lexikon\/wp-json\/wp\/v2\/product_cat?post=22028"},{"taxonomy":"product_tag","embeddable":true,"href":"https:\/\/uj.adatbank.ro\/lexikon\/wp-json\/wp\/v2\/product_tag?post=22028"}],"curies":[{"name":"wp","href":"https:\/\/api.w.org\/{rel}","templated":true}]}}