{"id":22029,"date":"2025-07-22T19:46:31","date_gmt":"2025-07-22T17:46:31","guid":{"rendered":"https:\/\/uj.adatbank.ro\/lexikon\/termek\/szentivani-janos-3\/"},"modified":"2025-07-22T19:46:31","modified_gmt":"2025-07-22T17:46:31","slug":"szentivani-janos-3","status":"publish","type":"product","link":"https:\/\/uj.adatbank.ro\/lexikon\/termek\/szentivani-janos-3\/","title":{"rendered":"SZENTIV\u00c1NI J\u00e1nos"},"content":{"rendered":"<p>? \u2020?: birtokos. \u2013 Ny\u00e1r\u00e1dszentl\u00e1szl\u00f3i, akit a Marossz\u00e9ki rendi k\u00f6zgy\u0171l\u00e9s az unit\u00e1riusok r\u00e9sz\u00e9r\u0151l javasolt \u00e9s v\u00e1lasztott meg f\u0151kir\u00e1lyb\u00edr\u00f3nak (1847. dec. 6\u201311.), de a b\u00e9csi udvar ennek ellen\u00e9re gr. Toldalagi Ferencet er\u0151s\u00edtette meg megb\u00edzat\u00e1s\u00e1ban. A Marosi R\u00f6gt\u00f6n\u00edt\u00e9l\u0151 Hadb\u00edr\u00f3s\u00e1g, \u00edt\u00e9l\u0151sz\u00e9k, eln\u00f6ke Mv.-en (1848) (Popa Traian szerint). <br \/><strong>Irod.:<\/strong> Ny\u00e1r\u00e1dszentl\u00e1szl\u00f3, Popa, Traian: Tg. M.; Transilvania 1848\u201349.<\/br><\/p>\n","protected":false},"excerpt":{"rendered":"<p>? \u2020?: birtokos. \u2013 Ny\u00e1r\u00e1dszentl\u00e1szl\u00f3i, akit a Marossz\u00e9ki rendi k\u00f6zgy\u0171l\u00e9s az unit\u00e1riusok r\u00e9sz\u00e9r\u0151l javasolt \u00e9s v\u00e1lasztott meg f\u0151kir\u00e1lyb\u00edr\u00f3nak (1847. dec. 6\u201311.), de a b\u00e9csi udvar ennek ellen\u00e9re gr. Toldalagi Ferencet er\u0151s\u00edtette meg megb\u00edzat\u00e1s\u00e1ban. A Marosi R\u00f6gt\u00f6n\u00edt\u00e9l\u0151 Hadb\u00edr\u00f3s\u00e1g, \u00edt\u00e9l\u0151sz\u00e9k, eln\u00f6ke Mv.-en (1848) (Popa Traian szerint). Irod.: Ny\u00e1r\u00e1dszentl\u00e1szl\u00f3, Popa, Traian: Tg. M.; Transilvania 1848\u201349.<\/p>\n","protected":false},"featured_media":0,"comment_status":"open","ping_status":"closed","template":"","meta":[],"product_brand":[],"product_cat":[137],"product_tag":[],"class_list":{"0":"post-22029","1":"product","2":"type-product","3":"status-publish","5":"product_cat-maros-megyei-eletrajzi-lexikon","7":"first","8":"instock","9":"shipping-taxable","10":"product-type-simple"},"_links":{"self":[{"href":"https:\/\/uj.adatbank.ro\/lexikon\/wp-json\/wp\/v2\/product\/22029","targetHints":{"allow":["GET"]}}],"collection":[{"href":"https:\/\/uj.adatbank.ro\/lexikon\/wp-json\/wp\/v2\/product"}],"about":[{"href":"https:\/\/uj.adatbank.ro\/lexikon\/wp-json\/wp\/v2\/types\/product"}],"replies":[{"embeddable":true,"href":"https:\/\/uj.adatbank.ro\/lexikon\/wp-json\/wp\/v2\/comments?post=22029"}],"wp:attachment":[{"href":"https:\/\/uj.adatbank.ro\/lexikon\/wp-json\/wp\/v2\/media?parent=22029"}],"wp:term":[{"taxonomy":"product_brand","embeddable":true,"href":"https:\/\/uj.adatbank.ro\/lexikon\/wp-json\/wp\/v2\/product_brand?post=22029"},{"taxonomy":"product_cat","embeddable":true,"href":"https:\/\/uj.adatbank.ro\/lexikon\/wp-json\/wp\/v2\/product_cat?post=22029"},{"taxonomy":"product_tag","embeddable":true,"href":"https:\/\/uj.adatbank.ro\/lexikon\/wp-json\/wp\/v2\/product_tag?post=22029"}],"curies":[{"name":"wp","href":"https:\/\/api.w.org\/{rel}","templated":true}]}}