{"id":2203,"date":"2025-06-28T12:06:51","date_gmt":"2025-06-28T10:06:51","guid":{"rendered":"https:\/\/uj.adatbank.ro\/lexikon\/termek\/banffy-laszlo-losonczi-br-3\/"},"modified":"2025-06-28T12:06:51","modified_gmt":"2025-06-28T10:06:51","slug":"banffy-laszlo-losonczi-br-3","status":"publish","type":"product","link":"https:\/\/uj.adatbank.ro\/lexikon\/termek\/banffy-laszlo-losonczi-br-3\/","title":{"rendered":"B\u00c1NFFY L\u00e1szl\u00f3, losonczi br."},"content":{"rendered":"<p>? \u2020 Mv., 1783.: f\u0151\u00far, f\u00f6ldbirtokos.-B. S\u00e1ndor \u00e9s magyargyer\u0151monostori br. Kem\u00e9ny \u00c1gnes (\u20201802) fia. <br \/><strong>Irod.:<\/strong> Halotti besz\u00e9dek; Pap Mih\u00e1ly, szathm\u00e1ri: Az igaz \u00e9s Isten el\u0151tt kedves&#8230;: Halotti besz\u00e9d (Mv., 1784)<\/br><\/p>\n","protected":false},"excerpt":{"rendered":"<p>? \u2020 Mv., 1783.: f\u0151\u00far, f\u00f6ldbirtokos.-B. S\u00e1ndor \u00e9s magyargyer\u0151monostori br. Kem\u00e9ny \u00c1gnes (\u20201802) fia. Irod.: Halotti besz\u00e9dek; Pap Mih\u00e1ly, szathm\u00e1ri: Az igaz \u00e9s Isten el\u0151tt kedves&#8230;: Halotti besz\u00e9d (Mv., 1784)<\/p>\n","protected":false},"featured_media":0,"comment_status":"open","ping_status":"closed","template":"","meta":[],"product_brand":[],"product_cat":[137],"product_tag":[],"class_list":{"0":"post-2203","1":"product","2":"type-product","3":"status-publish","5":"product_cat-maros-megyei-eletrajzi-lexikon","7":"first","8":"instock","9":"shipping-taxable","10":"product-type-simple"},"_links":{"self":[{"href":"https:\/\/uj.adatbank.ro\/lexikon\/wp-json\/wp\/v2\/product\/2203","targetHints":{"allow":["GET"]}}],"collection":[{"href":"https:\/\/uj.adatbank.ro\/lexikon\/wp-json\/wp\/v2\/product"}],"about":[{"href":"https:\/\/uj.adatbank.ro\/lexikon\/wp-json\/wp\/v2\/types\/product"}],"replies":[{"embeddable":true,"href":"https:\/\/uj.adatbank.ro\/lexikon\/wp-json\/wp\/v2\/comments?post=2203"}],"wp:attachment":[{"href":"https:\/\/uj.adatbank.ro\/lexikon\/wp-json\/wp\/v2\/media?parent=2203"}],"wp:term":[{"taxonomy":"product_brand","embeddable":true,"href":"https:\/\/uj.adatbank.ro\/lexikon\/wp-json\/wp\/v2\/product_brand?post=2203"},{"taxonomy":"product_cat","embeddable":true,"href":"https:\/\/uj.adatbank.ro\/lexikon\/wp-json\/wp\/v2\/product_cat?post=2203"},{"taxonomy":"product_tag","embeddable":true,"href":"https:\/\/uj.adatbank.ro\/lexikon\/wp-json\/wp\/v2\/product_tag?post=2203"}],"curies":[{"name":"wp","href":"https:\/\/api.w.org\/{rel}","templated":true}]}}