{"id":22031,"date":"2025-07-22T19:46:37","date_gmt":"2025-07-22T17:46:37","guid":{"rendered":"https:\/\/uj.adatbank.ro\/lexikon\/termek\/szentivani-jozsef\/"},"modified":"2025-07-22T19:46:37","modified_gmt":"2025-07-22T17:46:37","slug":"szentivani-jozsef","status":"publish","type":"product","link":"https:\/\/uj.adatbank.ro\/lexikon\/termek\/szentivani-jozsef\/","title":{"rendered":"SZENTIV\u00c1NI J\u00f3zsef"},"content":{"rendered":"<p>Ny\u00e1r\u00e1dg\u00e1lfalva, 1827., \u2020 Ny\u00e1r\u00e1dg\u00e1lfalva1870.: f\u00f6ldbirtokos, kr\u00f3nik\u00e1s. \u2013 A m. hadsereg hadnagyak\u00e9nt r\u00e9szt vett az 1848\u201349-es forradalomban. Nagy Iv\u00e1n \u00e9rt\u00e9kel\u00e9se szerint szenved\u00e9lyes t\u00f6rt\u00e9net\u00edr\u00f3 \u00e9s f\u00e1radhatatlan gazdak\u00e9nt tartj\u00e1k sz\u00e1mon. <br \/><strong>Irod.:<\/strong> Ny\u00e1r\u00e1dg\u00e1lfalva \u2013 500.<\/br><\/p>\n","protected":false},"excerpt":{"rendered":"<p>Ny\u00e1r\u00e1dg\u00e1lfalva, 1827., \u2020 Ny\u00e1r\u00e1dg\u00e1lfalva1870.: f\u00f6ldbirtokos, kr\u00f3nik\u00e1s. \u2013 A m. hadsereg hadnagyak\u00e9nt r\u00e9szt vett az 1848\u201349-es forradalomban. Nagy Iv\u00e1n \u00e9rt\u00e9kel\u00e9se szerint szenved\u00e9lyes t\u00f6rt\u00e9net\u00edr\u00f3 \u00e9s f\u00e1radhatatlan gazdak\u00e9nt tartj\u00e1k sz\u00e1mon. Irod.: Ny\u00e1r\u00e1dg\u00e1lfalva \u2013 500.<\/p>\n","protected":false},"featured_media":0,"comment_status":"open","ping_status":"closed","template":"","meta":[],"product_brand":[],"product_cat":[137],"product_tag":[],"class_list":{"0":"post-22031","1":"product","2":"type-product","3":"status-publish","5":"product_cat-maros-megyei-eletrajzi-lexikon","7":"first","8":"instock","9":"shipping-taxable","10":"product-type-simple"},"_links":{"self":[{"href":"https:\/\/uj.adatbank.ro\/lexikon\/wp-json\/wp\/v2\/product\/22031","targetHints":{"allow":["GET"]}}],"collection":[{"href":"https:\/\/uj.adatbank.ro\/lexikon\/wp-json\/wp\/v2\/product"}],"about":[{"href":"https:\/\/uj.adatbank.ro\/lexikon\/wp-json\/wp\/v2\/types\/product"}],"replies":[{"embeddable":true,"href":"https:\/\/uj.adatbank.ro\/lexikon\/wp-json\/wp\/v2\/comments?post=22031"}],"wp:attachment":[{"href":"https:\/\/uj.adatbank.ro\/lexikon\/wp-json\/wp\/v2\/media?parent=22031"}],"wp:term":[{"taxonomy":"product_brand","embeddable":true,"href":"https:\/\/uj.adatbank.ro\/lexikon\/wp-json\/wp\/v2\/product_brand?post=22031"},{"taxonomy":"product_cat","embeddable":true,"href":"https:\/\/uj.adatbank.ro\/lexikon\/wp-json\/wp\/v2\/product_cat?post=22031"},{"taxonomy":"product_tag","embeddable":true,"href":"https:\/\/uj.adatbank.ro\/lexikon\/wp-json\/wp\/v2\/product_tag?post=22031"}],"curies":[{"name":"wp","href":"https:\/\/api.w.org\/{rel}","templated":true}]}}