{"id":22032,"date":"2025-07-22T19:46:39","date_gmt":"2025-07-22T17:46:39","guid":{"rendered":"https:\/\/uj.adatbank.ro\/lexikon\/termek\/szentivani-kalman-iklodi\/"},"modified":"2025-07-22T19:46:39","modified_gmt":"2025-07-22T17:46:39","slug":"szentivani-kalman-iklodi","status":"publish","type":"product","link":"https:\/\/uj.adatbank.ro\/lexikon\/termek\/szentivani-kalman-iklodi\/","title":{"rendered":"SZENTIV\u00c1NI K\u00e1lm\u00e1n, ikl\u00f3di"},"content":{"rendered":"<p>D\u00e9s, 1839., \u2020?: alisp\u00e1n, ogy. k\u00e9pvisel\u0151. Maros-Torda vm. alisp\u00e1nja, h\u00e1zass\u00e1g r\u00e9v\u00e9n (Tompai Bothos Katalinnal) jutott birtokokhoz. Modernebb udvarh\u00e1zat \u00e9p\u00edtettek Ny\u00e1r\u00e1dg\u00e1lfalv\u00e1n (mai F\u0151\u00fat 174. sz. alatt), de az \u00e9p\u00edttet\u0151 neve \u00e9s az id\u0151pont nem maradt fenn. Az eml\u00e9kezet azt tartja, h. t\u00f6bb szakaszban \u00e9p\u00fclt, de r\u00e9szletekben az \u00f6r\u00f6k\u00f6s\u00f6k el is adt\u00e1k a birtokokkal egy\u00fctt. <br \/><strong>Irod.:<\/strong> K\u0151v\u00e1ry L\u00e1szl\u00f3 1899; Ny\u00e1r\u00e1dg\u00e1lfalva.<\/br><\/p>\n","protected":false},"excerpt":{"rendered":"<p>D\u00e9s, 1839., \u2020?: alisp\u00e1n, ogy. k\u00e9pvisel\u0151. Maros-Torda vm. alisp\u00e1nja, h\u00e1zass\u00e1g r\u00e9v\u00e9n (Tompai Bothos Katalinnal) jutott birtokokhoz. Modernebb udvarh\u00e1zat \u00e9p\u00edtettek Ny\u00e1r\u00e1dg\u00e1lfalv\u00e1n (mai F\u0151\u00fat 174. sz. alatt), de az \u00e9p\u00edttet\u0151 neve \u00e9s az id\u0151pont nem maradt fenn. Az eml\u00e9kezet azt tartja, h. t\u00f6bb szakaszban \u00e9p\u00fclt, de r\u00e9szletekben az \u00f6r\u00f6k\u00f6s\u00f6k el is adt\u00e1k a birtokokkal egy\u00fctt. Irod.: K\u0151v\u00e1ry [&hellip;]<\/p>\n","protected":false},"featured_media":0,"comment_status":"open","ping_status":"closed","template":"","meta":[],"product_brand":[],"product_cat":[137],"product_tag":[],"class_list":{"0":"post-22032","1":"product","2":"type-product","3":"status-publish","5":"product_cat-maros-megyei-eletrajzi-lexikon","7":"first","8":"instock","9":"shipping-taxable","10":"product-type-simple"},"_links":{"self":[{"href":"https:\/\/uj.adatbank.ro\/lexikon\/wp-json\/wp\/v2\/product\/22032","targetHints":{"allow":["GET"]}}],"collection":[{"href":"https:\/\/uj.adatbank.ro\/lexikon\/wp-json\/wp\/v2\/product"}],"about":[{"href":"https:\/\/uj.adatbank.ro\/lexikon\/wp-json\/wp\/v2\/types\/product"}],"replies":[{"embeddable":true,"href":"https:\/\/uj.adatbank.ro\/lexikon\/wp-json\/wp\/v2\/comments?post=22032"}],"wp:attachment":[{"href":"https:\/\/uj.adatbank.ro\/lexikon\/wp-json\/wp\/v2\/media?parent=22032"}],"wp:term":[{"taxonomy":"product_brand","embeddable":true,"href":"https:\/\/uj.adatbank.ro\/lexikon\/wp-json\/wp\/v2\/product_brand?post=22032"},{"taxonomy":"product_cat","embeddable":true,"href":"https:\/\/uj.adatbank.ro\/lexikon\/wp-json\/wp\/v2\/product_cat?post=22032"},{"taxonomy":"product_tag","embeddable":true,"href":"https:\/\/uj.adatbank.ro\/lexikon\/wp-json\/wp\/v2\/product_tag?post=22032"}],"curies":[{"name":"wp","href":"https:\/\/api.w.org\/{rel}","templated":true}]}}