{"id":22034,"date":"2025-07-22T19:46:44","date_gmt":"2025-07-22T17:46:44","guid":{"rendered":"https:\/\/uj.adatbank.ro\/lexikon\/termek\/szentivani-mihaly-szentivani-szentivanyi-mihaly-alnevei-csillador-drant-vandor\/"},"modified":"2025-07-22T19:46:44","modified_gmt":"2025-07-22T17:46:44","slug":"szentivani-mihaly-szentivani-szentivanyi-mihaly-alnevei-csillador-drant-vandor","status":"publish","type":"product","link":"https:\/\/uj.adatbank.ro\/lexikon\/termek\/szentivani-mihaly-szentivani-szentivanyi-mihaly-alnevei-csillador-drant-vandor\/","title":{"rendered":"SZENTIV\u00c1NI Mih\u00e1ly, szentiv\u00e1ni, Szentiv\u00e1nyi Mih\u00e1ly, \u00e1lnevei: Csillador, Drant, V\u00e1ndor"},"content":{"rendered":"<p>Ny\u00e1r\u00e1dg\u00e1lfalva, 1813. m\u00e1j. 30. \u2013 Kolozsv\u00e1r, 1842. dec. 10. : k\u00f6lt\u0151, \u00edr\u00f3, publicista. \u2013 Apja: Szentiv\u00e1ni S\u00e1muel f\u0151kir\u00e1lyb\u00edr\u00f3, anyja P\u00e1lfi Zsuzs\u00e1nna. \u2013 Sz\u00e9kelykereszt\u00faron, majd Kolozsv\u00e1ron tanult, 1833-ban \u00fcgyv\u00e9di oklevelet szerzett. Az 1834-i erd\u00e9lyi ogy.-r\u0151l k\u00e9ziratos tud\u00f3s\u00edt\u00e1sokat k\u00e9sz\u00edtett. A di\u00e1kt\u00fcntet\u00e9sek egyik vez\u00e9re. \u00d6sszek\u00f6ttet\u00e9sben \u00e1llt a Pozsonyi orsz\u00e1ggy\u0171l\u00e9si ifj\u00fas\u00e1ggal \u00e9s az Orsz\u00e1ggy\u0171l\u00e9si T\u00e1rsalkod\u00e1si Egylettel. Feketelist\u00e1ra ker\u00fclt, nem kaphatott \u00fatlevelet \u00e9s ez\u00e9rt tervezett k\u00fclf\u00f6ldi tanulm\u00e1nyai meghi\u00fasultak. 1837\u20131838 k\u00f6z\u00f6tt bej\u00e1rta Erd\u00e9lyt, t\u00f6bbnyire humoros \u00fati jegyzeteit a Nemzeti T\u00e1rsalkod\u00f3ban jelentette meg V\u00e1ndor n\u00e9v alatt. 1840\u20131841-ben a Rem\u00e9ny c. almanachot szerkesztette. Az 1841-i erd\u00e9lyi ogy.-en az ellenz\u00e9k politik\u00e1ja mellett sz\u00e1llt s\u00edkra, ellenfelei emiatt meghi\u00fas\u00edtott\u00e1k k\u00f6vett\u00e9 v\u00e1laszt\u00e1s\u00e1t. 1841-t\u0151l Kem\u00e9ny Zsigmonddal az Erd\u00e9lyi H\u00edrad\u00f3t szerkesztette. Versei (k\u00f6zt\u00fck sz\u00e1mos dala), elbesz\u00e9l\u00e9sei, cikkei \u00e9s erd\u00e9lyi \u00fati jegyzetei a korabeli erd\u00e9lyi foly\u00f3iratokban jelentek meg. Egyik legjelent\u00e9kenyebb harcosa volt az uni\u00f3nak, a demokrata elveknek. \u2013 <strong><strong>F. m.<\/strong><\/strong>: Szentiv\u00e1ni Mih\u00e1ly munk\u00e1i (kiadt\u00e1k Kem\u00e9ny Zsigmond \u00e9s Kriza J\u00e1nos, Kolozsv\u00e1r, 1843); Szentiv\u00e1ni Mih\u00e1ly \u00f6sszes k\u00f6ltem\u00e9nyei (Bp., 1930). <br \/><strong>Irod.:<\/strong> Antal \u00c1rp\u00e1d: Sz. M. (Bukarest, 1958.); G\u00e1los Dezs\u0151: A \u201eRem\u00e9ny\u201d t\u00f6rt\u00e9net\u00e9hez (Erd\u00e9lyi M\u00fazeum, 1915.); Horv\u00e1th J\u00e1nos: A magyar irodalmi n\u00e9piess\u00e9g Faludit\u00f3l Pet\u0151fiig (Bp., 1927); Szinnyei.<\/br><\/p>\n","protected":false},"excerpt":{"rendered":"<p>Ny\u00e1r\u00e1dg\u00e1lfalva, 1813. m\u00e1j. 30. \u2013 Kolozsv\u00e1r, 1842. dec. 10. : k\u00f6lt\u0151, \u00edr\u00f3, publicista. \u2013 Apja: Szentiv\u00e1ni S\u00e1muel f\u0151kir\u00e1lyb\u00edr\u00f3, anyja P\u00e1lfi Zsuzs\u00e1nna. \u2013 Sz\u00e9kelykereszt\u00faron, majd Kolozsv\u00e1ron tanult, 1833-ban \u00fcgyv\u00e9di oklevelet szerzett. Az 1834-i erd\u00e9lyi ogy.-r\u0151l k\u00e9ziratos tud\u00f3s\u00edt\u00e1sokat k\u00e9sz\u00edtett. A di\u00e1kt\u00fcntet\u00e9sek egyik vez\u00e9re. \u00d6sszek\u00f6ttet\u00e9sben \u00e1llt a Pozsonyi orsz\u00e1ggy\u0171l\u00e9si ifj\u00fas\u00e1ggal \u00e9s az Orsz\u00e1ggy\u0171l\u00e9si T\u00e1rsalkod\u00e1si Egylettel. Feketelist\u00e1ra ker\u00fclt, nem [&hellip;]<\/p>\n","protected":false},"featured_media":0,"comment_status":"open","ping_status":"closed","template":"","meta":[],"product_brand":[],"product_cat":[137],"product_tag":[],"class_list":{"0":"post-22034","1":"product","2":"type-product","3":"status-publish","5":"product_cat-maros-megyei-eletrajzi-lexikon","7":"first","8":"instock","9":"shipping-taxable","10":"product-type-simple"},"_links":{"self":[{"href":"https:\/\/uj.adatbank.ro\/lexikon\/wp-json\/wp\/v2\/product\/22034","targetHints":{"allow":["GET"]}}],"collection":[{"href":"https:\/\/uj.adatbank.ro\/lexikon\/wp-json\/wp\/v2\/product"}],"about":[{"href":"https:\/\/uj.adatbank.ro\/lexikon\/wp-json\/wp\/v2\/types\/product"}],"replies":[{"embeddable":true,"href":"https:\/\/uj.adatbank.ro\/lexikon\/wp-json\/wp\/v2\/comments?post=22034"}],"wp:attachment":[{"href":"https:\/\/uj.adatbank.ro\/lexikon\/wp-json\/wp\/v2\/media?parent=22034"}],"wp:term":[{"taxonomy":"product_brand","embeddable":true,"href":"https:\/\/uj.adatbank.ro\/lexikon\/wp-json\/wp\/v2\/product_brand?post=22034"},{"taxonomy":"product_cat","embeddable":true,"href":"https:\/\/uj.adatbank.ro\/lexikon\/wp-json\/wp\/v2\/product_cat?post=22034"},{"taxonomy":"product_tag","embeddable":true,"href":"https:\/\/uj.adatbank.ro\/lexikon\/wp-json\/wp\/v2\/product_tag?post=22034"}],"curies":[{"name":"wp","href":"https:\/\/api.w.org\/{rel}","templated":true}]}}