{"id":22036,"date":"2025-07-22T19:46:48","date_gmt":"2025-07-22T17:46:48","guid":{"rendered":"https:\/\/uj.adatbank.ro\/lexikon\/termek\/szentivani-samuel-sepsiszentivani-szentiuani-szentiuanyi\/"},"modified":"2025-07-22T19:46:48","modified_gmt":"2025-07-22T17:46:48","slug":"szentivani-samuel-sepsiszentivani-szentiuani-szentiuanyi","status":"publish","type":"product","link":"https:\/\/uj.adatbank.ro\/lexikon\/termek\/szentivani-samuel-sepsiszentivani-szentiuani-szentiuanyi\/","title":{"rendered":"SZENTIV\u00c1NI S\u00e1muel, sepsiszentiv\u00e1ni, SzentIuani, SzentIuanyi"},"content":{"rendered":"<p>Mih\u00e1ly erd\u00e9lyi fejedelem uralkod\u00e1sa idej\u00e9ben (1661\u201390) f\u0151 \u00edt\u00e9l\u0151mester, \u00fcgyv\u00e9d egy ogy. el\u0151tti perben (1664), kincst\u00e1ri jog\u00fcgyigazgat\u00f3 (fiscalis director) (1668\u201378). Elhagyta katolikus vall\u00e1s\u00e1t \u00e9s unit\u00e1rius lett, majd \u00e1tt\u00e9rt a ref. vall\u00e1sra. A fia t\u00e9rt vissza az unit. vall\u00e1sra, amely vall\u00e1st azt\u00e1n az ut\u00f3dok is mind k\u00f6vett\u00e9k. <br \/><strong>Irod.:<\/strong> K\u00e9nosi\u2013Uzoni 1.; Ny\u00e1r\u00e1dg\u00e1lfalva; Teleki Mih\u00e1ly udvartart\u00e1si napl\u00f3ja (1673\u20131681) (Kv., 2007).<\/br><\/p>\n","protected":false},"excerpt":{"rendered":"<p>Mih\u00e1ly erd\u00e9lyi fejedelem uralkod\u00e1sa idej\u00e9ben (1661\u201390) f\u0151 \u00edt\u00e9l\u0151mester, \u00fcgyv\u00e9d egy ogy. el\u0151tti perben (1664), kincst\u00e1ri jog\u00fcgyigazgat\u00f3 (fiscalis director) (1668\u201378). Elhagyta katolikus vall\u00e1s\u00e1t \u00e9s unit\u00e1rius lett, majd \u00e1tt\u00e9rt a ref. vall\u00e1sra. A fia t\u00e9rt vissza az unit. vall\u00e1sra, amely vall\u00e1st azt\u00e1n az ut\u00f3dok is mind k\u00f6vett\u00e9k. Irod.: K\u00e9nosi\u2013Uzoni 1.; Ny\u00e1r\u00e1dg\u00e1lfalva; Teleki Mih\u00e1ly udvartart\u00e1si napl\u00f3ja (1673\u20131681) (Kv., [&hellip;]<\/p>\n","protected":false},"featured_media":0,"comment_status":"open","ping_status":"closed","template":"","meta":[],"product_brand":[],"product_cat":[137],"product_tag":[],"class_list":{"0":"post-22036","1":"product","2":"type-product","3":"status-publish","5":"product_cat-maros-megyei-eletrajzi-lexikon","7":"first","8":"instock","9":"shipping-taxable","10":"product-type-simple"},"_links":{"self":[{"href":"https:\/\/uj.adatbank.ro\/lexikon\/wp-json\/wp\/v2\/product\/22036","targetHints":{"allow":["GET"]}}],"collection":[{"href":"https:\/\/uj.adatbank.ro\/lexikon\/wp-json\/wp\/v2\/product"}],"about":[{"href":"https:\/\/uj.adatbank.ro\/lexikon\/wp-json\/wp\/v2\/types\/product"}],"replies":[{"embeddable":true,"href":"https:\/\/uj.adatbank.ro\/lexikon\/wp-json\/wp\/v2\/comments?post=22036"}],"wp:attachment":[{"href":"https:\/\/uj.adatbank.ro\/lexikon\/wp-json\/wp\/v2\/media?parent=22036"}],"wp:term":[{"taxonomy":"product_brand","embeddable":true,"href":"https:\/\/uj.adatbank.ro\/lexikon\/wp-json\/wp\/v2\/product_brand?post=22036"},{"taxonomy":"product_cat","embeddable":true,"href":"https:\/\/uj.adatbank.ro\/lexikon\/wp-json\/wp\/v2\/product_cat?post=22036"},{"taxonomy":"product_tag","embeddable":true,"href":"https:\/\/uj.adatbank.ro\/lexikon\/wp-json\/wp\/v2\/product_tag?post=22036"}],"curies":[{"name":"wp","href":"https:\/\/api.w.org\/{rel}","templated":true}]}}