{"id":22037,"date":"2025-07-22T19:46:49","date_gmt":"2025-07-22T17:46:49","guid":{"rendered":"https:\/\/uj.adatbank.ro\/lexikon\/termek\/szentivani-samuel-sepiszentivani\/"},"modified":"2025-07-22T19:46:49","modified_gmt":"2025-07-22T17:46:49","slug":"szentivani-samuel-sepiszentivani","status":"publish","type":"product","link":"https:\/\/uj.adatbank.ro\/lexikon\/termek\/szentivani-samuel-sepiszentivani\/","title":{"rendered":"SZENTIV\u00c1NI S\u00e1muel, sepiszentiv\u00e1ni"},"content":{"rendered":"<p>Ny\u00e1r\u00e1dg\u00e1lfalva, 1782. okt. 6. \u2020 G\u00e1lfalva?: f\u00f6ldbirtokos, alkir\u00e1lyb\u00edr\u00f3. \u2013 Feles\u00e9ge P\u00e1lfi Zsuzs\u00e1nna. Nyolc gyermek\u00fck: S\u00e1muel (\u00c1brah\u00e1mfalva, 1807. \u2013 uo., 1877); Karolina (1811 \u2013 S\u00f3v\u00e1rad?); Mih\u00e1ly, a k\u00f6lt\u0151 (G\u00e1lfalva, 13. m\u00e1j. 30. \u2013 Kv., 1942. dec. 10); Fl\u00f3ra (Ny\u00e1r\u00e1dszentl\u00e1szl\u00f3, 1815\u20131876. aug. 26.); Borb\u00e1la (1818. febr. 1. \u2013 Szenth\u00e1roms\u00e1g?); R\u00f3za (1819. okt. 7. \u2013 Gagy?); M\u00f3zes (1822. dec. 8. \u2013?); Ferenc (1824 \u2013?). \u2013 Ny\u00e1r\u00e1dg\u00e1lfalv\u00e1n voltak birtokai. Marossz\u00e9k sz\u00e9k\u00fcl\u00e9si jegyz\u0151k\u00f6nyv\u00e9b\u0151l tudjuk, h. Marossz\u00e9k alkir\u00e1lyb\u00edr\u00f3j\u00e1v\u00e1 v\u00e1lasztott\u00e1k (1814), \u00e1m hatalm\u00e1val sem tudta mentes\u00edteni, v. legal\u00e1bb cs\u00f6kkenteni a sz\u00fcl\u0151faluj\u00e1ra kir\u00f3tt, az osztr\u00e1k hadsereg fenntart\u00e1s\u00e1t c\u00e9lz\u00f3, kv\u00f3t\u00e1t. Ez\u00e9rt saj\u00e1t maga sietett falubelijei seg\u00edts\u00e9g\u00e9re az el\u00f6lj\u00e1r\u00f3k \u00e1ltal elz\u00e1logos\u00edtott f\u00f6ldter\u00fcletek kifizet\u00e9s\u00e9vel. K\u00e9s\u0151bb a falu visszav\u00e1ltotta volna a f\u00f6ldeket, de a f\u0151\u00far csak a k\u00f6zbirtokoss\u00e1g jav\u00e1ra tette ezt volna meg. Hossz\u00fa peresked\u00e9s lett bel\u0151le, amelynek kimenetele ismeretlen. <br \/><strong>Irod.:<\/strong> Ny\u00e1r\u00e1dg\u00e1lfalva; Ny\u00e1r\u00e1dg\u00e1lfalva \u2013 500.<\/br><\/p>\n","protected":false},"excerpt":{"rendered":"<p>Ny\u00e1r\u00e1dg\u00e1lfalva, 1782. okt. 6. \u2020 G\u00e1lfalva?: f\u00f6ldbirtokos, alkir\u00e1lyb\u00edr\u00f3. \u2013 Feles\u00e9ge P\u00e1lfi Zsuzs\u00e1nna. Nyolc gyermek\u00fck: S\u00e1muel (\u00c1brah\u00e1mfalva, 1807. \u2013 uo., 1877); Karolina (1811 \u2013 S\u00f3v\u00e1rad?); Mih\u00e1ly, a k\u00f6lt\u0151 (G\u00e1lfalva, 13. m\u00e1j. 30. \u2013 Kv., 1942. dec. 10); Fl\u00f3ra (Ny\u00e1r\u00e1dszentl\u00e1szl\u00f3, 1815\u20131876. aug. 26.); Borb\u00e1la (1818. febr. 1. \u2013 Szenth\u00e1roms\u00e1g?); R\u00f3za (1819. okt. 7. \u2013 Gagy?); M\u00f3zes (1822. [&hellip;]<\/p>\n","protected":false},"featured_media":0,"comment_status":"open","ping_status":"closed","template":"","meta":[],"product_brand":[],"product_cat":[137],"product_tag":[],"class_list":{"0":"post-22037","1":"product","2":"type-product","3":"status-publish","5":"product_cat-maros-megyei-eletrajzi-lexikon","7":"first","8":"instock","9":"shipping-taxable","10":"product-type-simple"},"_links":{"self":[{"href":"https:\/\/uj.adatbank.ro\/lexikon\/wp-json\/wp\/v2\/product\/22037","targetHints":{"allow":["GET"]}}],"collection":[{"href":"https:\/\/uj.adatbank.ro\/lexikon\/wp-json\/wp\/v2\/product"}],"about":[{"href":"https:\/\/uj.adatbank.ro\/lexikon\/wp-json\/wp\/v2\/types\/product"}],"replies":[{"embeddable":true,"href":"https:\/\/uj.adatbank.ro\/lexikon\/wp-json\/wp\/v2\/comments?post=22037"}],"wp:attachment":[{"href":"https:\/\/uj.adatbank.ro\/lexikon\/wp-json\/wp\/v2\/media?parent=22037"}],"wp:term":[{"taxonomy":"product_brand","embeddable":true,"href":"https:\/\/uj.adatbank.ro\/lexikon\/wp-json\/wp\/v2\/product_brand?post=22037"},{"taxonomy":"product_cat","embeddable":true,"href":"https:\/\/uj.adatbank.ro\/lexikon\/wp-json\/wp\/v2\/product_cat?post=22037"},{"taxonomy":"product_tag","embeddable":true,"href":"https:\/\/uj.adatbank.ro\/lexikon\/wp-json\/wp\/v2\/product_tag?post=22037"}],"curies":[{"name":"wp","href":"https:\/\/api.w.org\/{rel}","templated":true}]}}