{"id":2204,"date":"2025-06-28T12:06:52","date_gmt":"2025-06-28T10:06:52","guid":{"rendered":"https:\/\/uj.adatbank.ro\/lexikon\/termek\/banffy-laszlo-losonczi-br-banffi-laszlo\/"},"modified":"2025-06-28T12:06:52","modified_gmt":"2025-06-28T10:06:52","slug":"banffy-laszlo-losonczi-br-banffi-laszlo","status":"publish","type":"product","link":"https:\/\/uj.adatbank.ro\/lexikon\/termek\/banffy-laszlo-losonczi-br-banffi-laszlo\/","title":{"rendered":"B\u00c1NFFY L\u00e1szl\u00f3, losonczi br., B\u00e1nffi L\u00e1szl\u00f3"},"content":{"rendered":"<p>? \u2020\u00a0? : f\u00f6ldbirtokos. \u2013 Feles\u00e9ge: Wessel\u00e9nyi Polix\u00e9nia. Le\u00e1nyuk: B\u00e1nffy Jozefa Bethlen S\u00e1ndorn\u00e9. \u2013 Orsz\u00e1gos teljhatalm\u00fa biztos volt (1849). <br \/><strong>Irod.:<\/strong> P\u00e1l-Antal 2002<\/br><\/p>\n","protected":false},"excerpt":{"rendered":"<p>? \u2020\u00a0? : f\u00f6ldbirtokos. \u2013 Feles\u00e9ge: Wessel\u00e9nyi Polix\u00e9nia. Le\u00e1nyuk: B\u00e1nffy Jozefa Bethlen S\u00e1ndorn\u00e9. \u2013 Orsz\u00e1gos teljhatalm\u00fa biztos volt (1849). Irod.: P\u00e1l-Antal 2002<\/p>\n","protected":false},"featured_media":0,"comment_status":"open","ping_status":"closed","template":"","meta":[],"product_brand":[],"product_cat":[137],"product_tag":[],"class_list":{"0":"post-2204","1":"product","2":"type-product","3":"status-publish","5":"product_cat-maros-megyei-eletrajzi-lexikon","7":"first","8":"instock","9":"shipping-taxable","10":"product-type-simple"},"_links":{"self":[{"href":"https:\/\/uj.adatbank.ro\/lexikon\/wp-json\/wp\/v2\/product\/2204","targetHints":{"allow":["GET"]}}],"collection":[{"href":"https:\/\/uj.adatbank.ro\/lexikon\/wp-json\/wp\/v2\/product"}],"about":[{"href":"https:\/\/uj.adatbank.ro\/lexikon\/wp-json\/wp\/v2\/types\/product"}],"replies":[{"embeddable":true,"href":"https:\/\/uj.adatbank.ro\/lexikon\/wp-json\/wp\/v2\/comments?post=2204"}],"wp:attachment":[{"href":"https:\/\/uj.adatbank.ro\/lexikon\/wp-json\/wp\/v2\/media?parent=2204"}],"wp:term":[{"taxonomy":"product_brand","embeddable":true,"href":"https:\/\/uj.adatbank.ro\/lexikon\/wp-json\/wp\/v2\/product_brand?post=2204"},{"taxonomy":"product_cat","embeddable":true,"href":"https:\/\/uj.adatbank.ro\/lexikon\/wp-json\/wp\/v2\/product_cat?post=2204"},{"taxonomy":"product_tag","embeddable":true,"href":"https:\/\/uj.adatbank.ro\/lexikon\/wp-json\/wp\/v2\/product_tag?post=2204"}],"curies":[{"name":"wp","href":"https:\/\/api.w.org\/{rel}","templated":true}]}}