{"id":22040,"date":"2025-07-22T19:46:55","date_gmt":"2025-07-22T17:46:55","guid":{"rendered":"https:\/\/uj.adatbank.ro\/lexikon\/termek\/szentivani-sandor-3\/"},"modified":"2025-07-22T19:46:55","modified_gmt":"2025-07-22T17:46:55","slug":"szentivani-sandor-3","status":"publish","type":"product","link":"https:\/\/uj.adatbank.ro\/lexikon\/termek\/szentivani-sandor-3\/","title":{"rendered":"SZENTIV\u00c1NI S\u00e1ndor"},"content":{"rendered":"<p>1847. okt. 31. \u2020 Mv., 1919.: f\u00f6ldbirtokos. \u2013 Ny\u00e1r\u00e1dg\u00e1lfalv\u00e1n voltak birtokai. Feles\u00e9ge Varnhelmi Wiedemann Emilia (\u2020 Mv., 1942). <br \/><strong>Irod.:<\/strong> Ny\u00e1r\u00e1dg\u00e1falva.<\/br><\/p>\n","protected":false},"excerpt":{"rendered":"<p>1847. okt. 31. \u2020 Mv., 1919.: f\u00f6ldbirtokos. \u2013 Ny\u00e1r\u00e1dg\u00e1lfalv\u00e1n voltak birtokai. Feles\u00e9ge Varnhelmi Wiedemann Emilia (\u2020 Mv., 1942). Irod.: Ny\u00e1r\u00e1dg\u00e1falva.<\/p>\n","protected":false},"featured_media":0,"comment_status":"open","ping_status":"closed","template":"","meta":[],"product_brand":[],"product_cat":[137],"product_tag":[],"class_list":{"0":"post-22040","1":"product","2":"type-product","3":"status-publish","5":"product_cat-maros-megyei-eletrajzi-lexikon","7":"first","8":"instock","9":"shipping-taxable","10":"product-type-simple"},"_links":{"self":[{"href":"https:\/\/uj.adatbank.ro\/lexikon\/wp-json\/wp\/v2\/product\/22040","targetHints":{"allow":["GET"]}}],"collection":[{"href":"https:\/\/uj.adatbank.ro\/lexikon\/wp-json\/wp\/v2\/product"}],"about":[{"href":"https:\/\/uj.adatbank.ro\/lexikon\/wp-json\/wp\/v2\/types\/product"}],"replies":[{"embeddable":true,"href":"https:\/\/uj.adatbank.ro\/lexikon\/wp-json\/wp\/v2\/comments?post=22040"}],"wp:attachment":[{"href":"https:\/\/uj.adatbank.ro\/lexikon\/wp-json\/wp\/v2\/media?parent=22040"}],"wp:term":[{"taxonomy":"product_brand","embeddable":true,"href":"https:\/\/uj.adatbank.ro\/lexikon\/wp-json\/wp\/v2\/product_brand?post=22040"},{"taxonomy":"product_cat","embeddable":true,"href":"https:\/\/uj.adatbank.ro\/lexikon\/wp-json\/wp\/v2\/product_cat?post=22040"},{"taxonomy":"product_tag","embeddable":true,"href":"https:\/\/uj.adatbank.ro\/lexikon\/wp-json\/wp\/v2\/product_tag?post=22040"}],"curies":[{"name":"wp","href":"https:\/\/api.w.org\/{rel}","templated":true}]}}