{"id":22041,"date":"2025-07-22T19:46:56","date_gmt":"2025-07-22T17:46:56","guid":{"rendered":"https:\/\/uj.adatbank.ro\/lexikon\/termek\/szentivani-zsigmond-sepsiszentivanyi\/"},"modified":"2025-07-22T19:46:56","modified_gmt":"2025-07-22T17:46:56","slug":"szentivani-zsigmond-sepsiszentivanyi","status":"publish","type":"product","link":"https:\/\/uj.adatbank.ro\/lexikon\/termek\/szentivani-zsigmond-sepsiszentivanyi\/","title":{"rendered":"SZENTIV\u00c1NI Zsigmond, sepsiszentiv\u00e1nyi"},"content":{"rendered":"<p>? \u2020?: Sz. Gy\u00f6rgy alvajda fia. \u2013 Ny\u00e1r\u00e1dg\u00e1lfalv\u00e1n udvarh\u00e1zat kezdett \u00e9p\u00edteni (az 1500-as \u00e9vek elej\u00e9n). <br \/><strong>Irod.:<\/strong> Ny\u00e1r\u00e1dg\u00e1falva.<\/br><\/p>\n","protected":false},"excerpt":{"rendered":"<p>? \u2020?: Sz. Gy\u00f6rgy alvajda fia. \u2013 Ny\u00e1r\u00e1dg\u00e1lfalv\u00e1n udvarh\u00e1zat kezdett \u00e9p\u00edteni (az 1500-as \u00e9vek elej\u00e9n). Irod.: Ny\u00e1r\u00e1dg\u00e1falva.<\/p>\n","protected":false},"featured_media":0,"comment_status":"open","ping_status":"closed","template":"","meta":[],"product_brand":[],"product_cat":[137],"product_tag":[],"class_list":{"0":"post-22041","1":"product","2":"type-product","3":"status-publish","5":"product_cat-maros-megyei-eletrajzi-lexikon","7":"first","8":"instock","9":"shipping-taxable","10":"product-type-simple"},"_links":{"self":[{"href":"https:\/\/uj.adatbank.ro\/lexikon\/wp-json\/wp\/v2\/product\/22041","targetHints":{"allow":["GET"]}}],"collection":[{"href":"https:\/\/uj.adatbank.ro\/lexikon\/wp-json\/wp\/v2\/product"}],"about":[{"href":"https:\/\/uj.adatbank.ro\/lexikon\/wp-json\/wp\/v2\/types\/product"}],"replies":[{"embeddable":true,"href":"https:\/\/uj.adatbank.ro\/lexikon\/wp-json\/wp\/v2\/comments?post=22041"}],"wp:attachment":[{"href":"https:\/\/uj.adatbank.ro\/lexikon\/wp-json\/wp\/v2\/media?parent=22041"}],"wp:term":[{"taxonomy":"product_brand","embeddable":true,"href":"https:\/\/uj.adatbank.ro\/lexikon\/wp-json\/wp\/v2\/product_brand?post=22041"},{"taxonomy":"product_cat","embeddable":true,"href":"https:\/\/uj.adatbank.ro\/lexikon\/wp-json\/wp\/v2\/product_cat?post=22041"},{"taxonomy":"product_tag","embeddable":true,"href":"https:\/\/uj.adatbank.ro\/lexikon\/wp-json\/wp\/v2\/product_tag?post=22041"}],"curies":[{"name":"wp","href":"https:\/\/api.w.org\/{rel}","templated":true}]}}