{"id":22042,"date":"2025-07-22T19:46:58","date_gmt":"2025-07-22T17:46:58","guid":{"rendered":"https:\/\/uj.adatbank.ro\/lexikon\/termek\/szentivani-zsigmond-sepsiszentivanyi-2\/"},"modified":"2025-07-22T19:46:58","modified_gmt":"2025-07-22T17:46:58","slug":"szentivani-zsigmond-sepsiszentivanyi-2","status":"publish","type":"product","link":"https:\/\/uj.adatbank.ro\/lexikon\/termek\/szentivani-zsigmond-sepsiszentivanyi-2\/","title":{"rendered":"SZENTIV\u00c1NI Zsigmond, sepsiszentiv\u00e1nyi"},"content":{"rendered":"<p>? \u2020?: f\u00f6ldbirtokos. \u2013 Feles\u00e9ge: fels\u0151suki Suki Judit. Ny\u00e1r\u00e1dg\u00e1lfalvi f\u00f6ldbirtokos (18. sz k\u00f6zep\u00e9n). Lebontatta az \u00d3zdi Gergely \u00e1ltal adom\u00e1nyozott telekre \u00e9p\u00edtett (16. sz.) fatemplomot, 100 ezer t\u00e9gl\u00e1t adom\u00e1nyozott, \u00e9s saj\u00e1t k\u00f6lts\u00e9g\u00e9n \u00faj, ma is \u00e1ll\u00f3, unit. templomot \u00e9p\u00edttetett (1754\u201370). Az els\u0151 istentiszteletet a ny\u00e1r\u00e1dszentl\u00e1szl\u00f3i anyaegyh\u00e1z unit. lelk\u00e9sze, Kov\u00e1ts M\u00e1rton cerebr\u00e1lta benne (1770 kar\u00e1csony\u00e1n). A g\u00e1lfalvi temet\u0151ben csal\u00e1di kript\u00e1t \u00e9p\u00edttetett (1731. \u00e1pr. ), amely m\u00e1ra m\u00e1r \u00f6sszed\u0151lt. A Ny\u00e1r\u00e1d foly\u00f3n malmot l\u00e9tes\u00edtett, ez\u00e9rt visz\u00e1ly sz\u00fcletett a szint\u00e9n malomtulajdonos \u00d3zdi csal\u00e1ddal, ami\u00e9rt azt\u00e1n B\u00e9cs lez\u00e1ratta a templomot, majd hosszas ut\u00e1nj\u00e1r\u00e1snak k\u00f6sz\u00f6nhet\u0151en, \u00fajb\u00f3l haszn\u00e1latba vett\u00e9k (1772\u2013). A torny\u00e1t szint\u00e9n a sepsiszentiv\u00e1nyi Szentiv\u00e1nyi csal\u00e1d \u00e9p\u00edttette (1841). <br \/><strong>Irod.:<\/strong> Ny\u00e1r\u00e1dg\u00e1lfalva.<\/br><\/p>\n","protected":false},"excerpt":{"rendered":"<p>? \u2020?: f\u00f6ldbirtokos. \u2013 Feles\u00e9ge: fels\u0151suki Suki Judit. Ny\u00e1r\u00e1dg\u00e1lfalvi f\u00f6ldbirtokos (18. sz k\u00f6zep\u00e9n). Lebontatta az \u00d3zdi Gergely \u00e1ltal adom\u00e1nyozott telekre \u00e9p\u00edtett (16. sz.) fatemplomot, 100 ezer t\u00e9gl\u00e1t adom\u00e1nyozott, \u00e9s saj\u00e1t k\u00f6lts\u00e9g\u00e9n \u00faj, ma is \u00e1ll\u00f3, unit. templomot \u00e9p\u00edttetett (1754\u201370). Az els\u0151 istentiszteletet a ny\u00e1r\u00e1dszentl\u00e1szl\u00f3i anyaegyh\u00e1z unit. lelk\u00e9sze, Kov\u00e1ts M\u00e1rton cerebr\u00e1lta benne (1770 kar\u00e1csony\u00e1n). A g\u00e1lfalvi [&hellip;]<\/p>\n","protected":false},"featured_media":0,"comment_status":"open","ping_status":"closed","template":"","meta":[],"product_brand":[],"product_cat":[137],"product_tag":[],"class_list":{"0":"post-22042","1":"product","2":"type-product","3":"status-publish","5":"product_cat-maros-megyei-eletrajzi-lexikon","7":"first","8":"instock","9":"shipping-taxable","10":"product-type-simple"},"_links":{"self":[{"href":"https:\/\/uj.adatbank.ro\/lexikon\/wp-json\/wp\/v2\/product\/22042","targetHints":{"allow":["GET"]}}],"collection":[{"href":"https:\/\/uj.adatbank.ro\/lexikon\/wp-json\/wp\/v2\/product"}],"about":[{"href":"https:\/\/uj.adatbank.ro\/lexikon\/wp-json\/wp\/v2\/types\/product"}],"replies":[{"embeddable":true,"href":"https:\/\/uj.adatbank.ro\/lexikon\/wp-json\/wp\/v2\/comments?post=22042"}],"wp:attachment":[{"href":"https:\/\/uj.adatbank.ro\/lexikon\/wp-json\/wp\/v2\/media?parent=22042"}],"wp:term":[{"taxonomy":"product_brand","embeddable":true,"href":"https:\/\/uj.adatbank.ro\/lexikon\/wp-json\/wp\/v2\/product_brand?post=22042"},{"taxonomy":"product_cat","embeddable":true,"href":"https:\/\/uj.adatbank.ro\/lexikon\/wp-json\/wp\/v2\/product_cat?post=22042"},{"taxonomy":"product_tag","embeddable":true,"href":"https:\/\/uj.adatbank.ro\/lexikon\/wp-json\/wp\/v2\/product_tag?post=22042"}],"curies":[{"name":"wp","href":"https:\/\/api.w.org\/{rel}","templated":true}]}}