{"id":22045,"date":"2025-07-22T19:47:03","date_gmt":"2025-07-22T17:47:03","guid":{"rendered":"https:\/\/uj.adatbank.ro\/lexikon\/termek\/szent-ivanyi-adam-sepsiszentivanyi-primor\/"},"modified":"2025-07-22T19:47:03","modified_gmt":"2025-07-22T17:47:03","slug":"szent-ivanyi-adam-sepsiszentivanyi-primor","status":"publish","type":"product","link":"https:\/\/uj.adatbank.ro\/lexikon\/termek\/szent-ivanyi-adam-sepsiszentivanyi-primor\/","title":{"rendered":"SZENT-IV\u00c1NYI \u00c1d\u00e1m, sepsiszentiv\u00e1nyi, primor"},"content":{"rendered":"<p>Ny\u00e1r\u00e1dg\u00e1lfalva, 1897., \u2020?: z\u00e1szl\u00f3s az I. vh.-ban (1917. \u00e1pr. 16.\u2013). <br \/><strong>Irod.:<\/strong> Koszta.<\/br><\/p>\n","protected":false},"excerpt":{"rendered":"<p>Ny\u00e1r\u00e1dg\u00e1lfalva, 1897., \u2020?: z\u00e1szl\u00f3s az I. vh.-ban (1917. \u00e1pr. 16.\u2013). Irod.: Koszta.<\/p>\n","protected":false},"featured_media":0,"comment_status":"open","ping_status":"closed","template":"","meta":[],"product_brand":[],"product_cat":[137],"product_tag":[],"class_list":{"0":"post-22045","1":"product","2":"type-product","3":"status-publish","5":"product_cat-maros-megyei-eletrajzi-lexikon","7":"first","8":"instock","9":"shipping-taxable","10":"product-type-simple"},"_links":{"self":[{"href":"https:\/\/uj.adatbank.ro\/lexikon\/wp-json\/wp\/v2\/product\/22045","targetHints":{"allow":["GET"]}}],"collection":[{"href":"https:\/\/uj.adatbank.ro\/lexikon\/wp-json\/wp\/v2\/product"}],"about":[{"href":"https:\/\/uj.adatbank.ro\/lexikon\/wp-json\/wp\/v2\/types\/product"}],"replies":[{"embeddable":true,"href":"https:\/\/uj.adatbank.ro\/lexikon\/wp-json\/wp\/v2\/comments?post=22045"}],"wp:attachment":[{"href":"https:\/\/uj.adatbank.ro\/lexikon\/wp-json\/wp\/v2\/media?parent=22045"}],"wp:term":[{"taxonomy":"product_brand","embeddable":true,"href":"https:\/\/uj.adatbank.ro\/lexikon\/wp-json\/wp\/v2\/product_brand?post=22045"},{"taxonomy":"product_cat","embeddable":true,"href":"https:\/\/uj.adatbank.ro\/lexikon\/wp-json\/wp\/v2\/product_cat?post=22045"},{"taxonomy":"product_tag","embeddable":true,"href":"https:\/\/uj.adatbank.ro\/lexikon\/wp-json\/wp\/v2\/product_tag?post=22045"}],"curies":[{"name":"wp","href":"https:\/\/api.w.org\/{rel}","templated":true}]}}