{"id":22046,"date":"2025-07-22T19:47:06","date_gmt":"2025-07-22T17:47:06","guid":{"rendered":"https:\/\/uj.adatbank.ro\/lexikon\/termek\/szentivanyi-andras\/"},"modified":"2025-07-22T19:47:06","modified_gmt":"2025-07-22T17:47:06","slug":"szentivanyi-andras","status":"publish","type":"product","link":"https:\/\/uj.adatbank.ro\/lexikon\/termek\/szentivanyi-andras\/","title":{"rendered":"SZENTIV\u00c1NYI Andr\u00e1s"},"content":{"rendered":"<p>? \u2020?: unit. lelk\u00e9sz. \u2013 Pap Ny\u00e1r\u00e1dszentl\u00e1szl\u00f3n \u00e9s tan\u00edtott is (1680). <br \/><strong>Irod.:<\/strong> Ny\u00e1r\u00e1dszentl\u00e1szl\u00f3.<\/br><\/p>\n","protected":false},"excerpt":{"rendered":"<p>? \u2020?: unit. lelk\u00e9sz. \u2013 Pap Ny\u00e1r\u00e1dszentl\u00e1szl\u00f3n \u00e9s tan\u00edtott is (1680). Irod.: Ny\u00e1r\u00e1dszentl\u00e1szl\u00f3.<\/p>\n","protected":false},"featured_media":0,"comment_status":"open","ping_status":"closed","template":"","meta":[],"product_brand":[],"product_cat":[137],"product_tag":[],"class_list":{"0":"post-22046","1":"product","2":"type-product","3":"status-publish","5":"product_cat-maros-megyei-eletrajzi-lexikon","7":"first","8":"instock","9":"shipping-taxable","10":"product-type-simple"},"_links":{"self":[{"href":"https:\/\/uj.adatbank.ro\/lexikon\/wp-json\/wp\/v2\/product\/22046","targetHints":{"allow":["GET"]}}],"collection":[{"href":"https:\/\/uj.adatbank.ro\/lexikon\/wp-json\/wp\/v2\/product"}],"about":[{"href":"https:\/\/uj.adatbank.ro\/lexikon\/wp-json\/wp\/v2\/types\/product"}],"replies":[{"embeddable":true,"href":"https:\/\/uj.adatbank.ro\/lexikon\/wp-json\/wp\/v2\/comments?post=22046"}],"wp:attachment":[{"href":"https:\/\/uj.adatbank.ro\/lexikon\/wp-json\/wp\/v2\/media?parent=22046"}],"wp:term":[{"taxonomy":"product_brand","embeddable":true,"href":"https:\/\/uj.adatbank.ro\/lexikon\/wp-json\/wp\/v2\/product_brand?post=22046"},{"taxonomy":"product_cat","embeddable":true,"href":"https:\/\/uj.adatbank.ro\/lexikon\/wp-json\/wp\/v2\/product_cat?post=22046"},{"taxonomy":"product_tag","embeddable":true,"href":"https:\/\/uj.adatbank.ro\/lexikon\/wp-json\/wp\/v2\/product_tag?post=22046"}],"curies":[{"name":"wp","href":"https:\/\/api.w.org\/{rel}","templated":true}]}}