{"id":22049,"date":"2025-07-22T19:47:12","date_gmt":"2025-07-22T17:47:12","guid":{"rendered":"https:\/\/uj.adatbank.ro\/lexikon\/termek\/szent-ivanyi-ferenc-jozsef-sepsiszentivanyi-primor\/"},"modified":"2025-07-22T19:47:12","modified_gmt":"2025-07-22T17:47:12","slug":"szent-ivanyi-ferenc-jozsef-sepsiszentivanyi-primor","status":"publish","type":"product","link":"https:\/\/uj.adatbank.ro\/lexikon\/termek\/szent-ivanyi-ferenc-jozsef-sepsiszentivanyi-primor\/","title":{"rendered":"SZENT-IV\u00c1NYI Ferenc J\u00f3zsef, sepsiszentiv\u00e1nyi, primor"},"content":{"rendered":"<p>G\u00e1lfalva, 1752.\u2020?: test\u0151r, katonatiszt. \u2013 A test\u0151rs\u00e9gben szolg\u00e1lt (1776\u20131801), majd \u00e1tker\u00fclt a hadseregbe. Sz\u00e1zadosi rangban ment nyugd\u00edjba. <br \/><strong>Irod.:<\/strong> MTN.<\/br><\/p>\n","protected":false},"excerpt":{"rendered":"<p>G\u00e1lfalva, 1752.\u2020?: test\u0151r, katonatiszt. \u2013 A test\u0151rs\u00e9gben szolg\u00e1lt (1776\u20131801), majd \u00e1tker\u00fclt a hadseregbe. Sz\u00e1zadosi rangban ment nyugd\u00edjba. Irod.: MTN.<\/p>\n","protected":false},"featured_media":0,"comment_status":"open","ping_status":"closed","template":"","meta":[],"product_brand":[],"product_cat":[137],"product_tag":[],"class_list":{"0":"post-22049","1":"product","2":"type-product","3":"status-publish","5":"product_cat-maros-megyei-eletrajzi-lexikon","7":"first","8":"instock","9":"shipping-taxable","10":"product-type-simple"},"_links":{"self":[{"href":"https:\/\/uj.adatbank.ro\/lexikon\/wp-json\/wp\/v2\/product\/22049","targetHints":{"allow":["GET"]}}],"collection":[{"href":"https:\/\/uj.adatbank.ro\/lexikon\/wp-json\/wp\/v2\/product"}],"about":[{"href":"https:\/\/uj.adatbank.ro\/lexikon\/wp-json\/wp\/v2\/types\/product"}],"replies":[{"embeddable":true,"href":"https:\/\/uj.adatbank.ro\/lexikon\/wp-json\/wp\/v2\/comments?post=22049"}],"wp:attachment":[{"href":"https:\/\/uj.adatbank.ro\/lexikon\/wp-json\/wp\/v2\/media?parent=22049"}],"wp:term":[{"taxonomy":"product_brand","embeddable":true,"href":"https:\/\/uj.adatbank.ro\/lexikon\/wp-json\/wp\/v2\/product_brand?post=22049"},{"taxonomy":"product_cat","embeddable":true,"href":"https:\/\/uj.adatbank.ro\/lexikon\/wp-json\/wp\/v2\/product_cat?post=22049"},{"taxonomy":"product_tag","embeddable":true,"href":"https:\/\/uj.adatbank.ro\/lexikon\/wp-json\/wp\/v2\/product_tag?post=22049"}],"curies":[{"name":"wp","href":"https:\/\/api.w.org\/{rel}","templated":true}]}}