{"id":2205,"date":"2025-06-28T12:06:54","date_gmt":"2025-06-28T10:06:54","guid":{"rendered":"https:\/\/uj.adatbank.ro\/lexikon\/termek\/banffy-laszlo-losonczi-losonczi-laszlo\/"},"modified":"2025-06-28T12:06:54","modified_gmt":"2025-06-28T10:06:54","slug":"banffy-laszlo-losonczi-losonczi-laszlo","status":"publish","type":"product","link":"https:\/\/uj.adatbank.ro\/lexikon\/termek\/banffy-laszlo-losonczi-losonczi-laszlo\/","title":{"rendered":"B\u00c1NFFY L\u00e1szl\u00f3, losonczi; Losonczi L\u00e1szl\u00f3"},"content":{"rendered":"<p>? \u2020 1498 ut\u00e1n: erd\u00e9lyi vajda, kir. t\u00e1rnokmester, sz\u00e9kely isp\u00e1n. \u2013 Losonczi Albert \u00e9s Sz\u00e9cs\u00e9nyi Hedvig fia. Feles\u00e9ge D\u00f3czy Kata. Fia Istv\u00e1n, vele f\u00e9rfi\u00e1gon kihalt a csal\u00e1d, a B. nevet fi\u00fasitott le\u00e1ny\u00e1nak, B. Katalinnak gyermekei vett\u00e9k fel. \u2013 T\u00e1rnokmester (1491\u201393; 1496\u201398). Erd\u00e9lyi vajda Dr\u00e1gffy Bertalannal egy\u00fctt (1493\u201398). Sz\u00e9kelyv\u00e1s\u00e1rhely \u00e9s Szereda mez\u0151v\u00e1rosokat kiv\u00e1lts\u00e1gaikban meger\u0151s\u00edtette, felmentette a jogtalan t\u00e1boroz\u00e1s terhei \u00e9s k\u00f6lts\u00e9gei al\u00f3l (1493. \u00e1pr. 28). Az els\u0151 ismert mv.-i c\u00e9hkiv\u00e1lts\u00e1g lev\u00e9l adom\u00e1nyoz\u00f3ja a mv.-i m\u00e9sz\u00e1ros c\u00e9h sz\u00e1m\u00e1ra (G\u00f6rg\u00e9ny, 1493), a nagyg\u00f6rg\u00e9nyi sz\u00e9kely nemzetgy\u0171l\u00e9s hat\u00e1rozata \u00e9rtelm\u00e9ben. <br \/><strong>Irod.:<\/strong> Benk\u0151-Demeter-Sz\u00e9kely; B\u00f3nis Johanna: A mv.-i c\u00e9hekr\u0151l = P\u00e1l-Antal \u2013 Szab\u00f3 1; Gudenus; Id\u0151t\u00e1r 1; Keresztes Gyula: A M\u00e9sz\u00e1rosr\u00e9t, M\u00e9sz\u00e1rosk\u00f6z \u00e9s a Sz\u00e9kh\u00e1z (V. Z., 1983. febr. 6.); Nagy Iv\u00e1n; P\u00e1l-Antal 2009; Pap; Sz\u00e9kelys\u00e9g, \u00daM\u00c9L<\/br><\/p>\n","protected":false},"excerpt":{"rendered":"<p>? \u2020 1498 ut\u00e1n: erd\u00e9lyi vajda, kir. t\u00e1rnokmester, sz\u00e9kely isp\u00e1n. \u2013 Losonczi Albert \u00e9s Sz\u00e9cs\u00e9nyi Hedvig fia. Feles\u00e9ge D\u00f3czy Kata. Fia Istv\u00e1n, vele f\u00e9rfi\u00e1gon kihalt a csal\u00e1d, a B. nevet fi\u00fasitott le\u00e1ny\u00e1nak, B. Katalinnak gyermekei vett\u00e9k fel. \u2013 T\u00e1rnokmester (1491\u201393; 1496\u201398). Erd\u00e9lyi vajda Dr\u00e1gffy Bertalannal egy\u00fctt (1493\u201398). Sz\u00e9kelyv\u00e1s\u00e1rhely \u00e9s Szereda mez\u0151v\u00e1rosokat kiv\u00e1lts\u00e1gaikban meger\u0151s\u00edtette, felmentette a [&hellip;]<\/p>\n","protected":false},"featured_media":0,"comment_status":"open","ping_status":"closed","template":"","meta":[],"product_brand":[],"product_cat":[137],"product_tag":[],"class_list":{"0":"post-2205","1":"product","2":"type-product","3":"status-publish","5":"product_cat-maros-megyei-eletrajzi-lexikon","7":"first","8":"instock","9":"shipping-taxable","10":"product-type-simple"},"_links":{"self":[{"href":"https:\/\/uj.adatbank.ro\/lexikon\/wp-json\/wp\/v2\/product\/2205","targetHints":{"allow":["GET"]}}],"collection":[{"href":"https:\/\/uj.adatbank.ro\/lexikon\/wp-json\/wp\/v2\/product"}],"about":[{"href":"https:\/\/uj.adatbank.ro\/lexikon\/wp-json\/wp\/v2\/types\/product"}],"replies":[{"embeddable":true,"href":"https:\/\/uj.adatbank.ro\/lexikon\/wp-json\/wp\/v2\/comments?post=2205"}],"wp:attachment":[{"href":"https:\/\/uj.adatbank.ro\/lexikon\/wp-json\/wp\/v2\/media?parent=2205"}],"wp:term":[{"taxonomy":"product_brand","embeddable":true,"href":"https:\/\/uj.adatbank.ro\/lexikon\/wp-json\/wp\/v2\/product_brand?post=2205"},{"taxonomy":"product_cat","embeddable":true,"href":"https:\/\/uj.adatbank.ro\/lexikon\/wp-json\/wp\/v2\/product_cat?post=2205"},{"taxonomy":"product_tag","embeddable":true,"href":"https:\/\/uj.adatbank.ro\/lexikon\/wp-json\/wp\/v2\/product_tag?post=2205"}],"curies":[{"name":"wp","href":"https:\/\/api.w.org\/{rel}","templated":true}]}}