{"id":22050,"date":"2025-07-22T19:47:13","date_gmt":"2025-07-22T17:47:13","guid":{"rendered":"https:\/\/uj.adatbank.ro\/lexikon\/termek\/szentivanyi-gyorgy\/"},"modified":"2025-07-22T19:47:13","modified_gmt":"2025-07-22T17:47:13","slug":"szentivanyi-gyorgy","status":"publish","type":"product","link":"https:\/\/uj.adatbank.ro\/lexikon\/termek\/szentivanyi-gyorgy\/","title":{"rendered":"SZENTIV\u00c1NYI Gy\u00f6rgy"},"content":{"rendered":"<p>? \u2020\u00a01830.: b\u00edr\u00f3. \u2013 H\u00e1romsz\u00e9k \u2013 der\u00e9ksz\u00e9k b\u00edr\u00f3ja. A marosi egyh\u00e1zk\u00f6r gondnoka (1818). Malma volt Ny\u00e1r\u00e1dg\u00e1lfalv\u00e1n, a v\u00e1mj\u00e1t a sz\u00e9kelykereszt\u00fari gimn.-nak adta. <br \/><strong>Irod.:<\/strong> Kelemen.<\/br><\/p>\n","protected":false},"excerpt":{"rendered":"<p>? \u2020\u00a01830.: b\u00edr\u00f3. \u2013 H\u00e1romsz\u00e9k \u2013 der\u00e9ksz\u00e9k b\u00edr\u00f3ja. A marosi egyh\u00e1zk\u00f6r gondnoka (1818). Malma volt Ny\u00e1r\u00e1dg\u00e1lfalv\u00e1n, a v\u00e1mj\u00e1t a sz\u00e9kelykereszt\u00fari gimn.-nak adta. Irod.: Kelemen.<\/p>\n","protected":false},"featured_media":0,"comment_status":"open","ping_status":"closed","template":"","meta":[],"product_brand":[],"product_cat":[137],"product_tag":[],"class_list":{"0":"post-22050","1":"product","2":"type-product","3":"status-publish","5":"product_cat-maros-megyei-eletrajzi-lexikon","7":"first","8":"instock","9":"shipping-taxable","10":"product-type-simple"},"_links":{"self":[{"href":"https:\/\/uj.adatbank.ro\/lexikon\/wp-json\/wp\/v2\/product\/22050","targetHints":{"allow":["GET"]}}],"collection":[{"href":"https:\/\/uj.adatbank.ro\/lexikon\/wp-json\/wp\/v2\/product"}],"about":[{"href":"https:\/\/uj.adatbank.ro\/lexikon\/wp-json\/wp\/v2\/types\/product"}],"replies":[{"embeddable":true,"href":"https:\/\/uj.adatbank.ro\/lexikon\/wp-json\/wp\/v2\/comments?post=22050"}],"wp:attachment":[{"href":"https:\/\/uj.adatbank.ro\/lexikon\/wp-json\/wp\/v2\/media?parent=22050"}],"wp:term":[{"taxonomy":"product_brand","embeddable":true,"href":"https:\/\/uj.adatbank.ro\/lexikon\/wp-json\/wp\/v2\/product_brand?post=22050"},{"taxonomy":"product_cat","embeddable":true,"href":"https:\/\/uj.adatbank.ro\/lexikon\/wp-json\/wp\/v2\/product_cat?post=22050"},{"taxonomy":"product_tag","embeddable":true,"href":"https:\/\/uj.adatbank.ro\/lexikon\/wp-json\/wp\/v2\/product_tag?post=22050"}],"curies":[{"name":"wp","href":"https:\/\/api.w.org\/{rel}","templated":true}]}}