{"id":22051,"date":"2025-07-22T19:47:15","date_gmt":"2025-07-22T17:47:15","guid":{"rendered":"https:\/\/uj.adatbank.ro\/lexikon\/termek\/szent-ivanyi-gyula-sepsiszentivanyi\/"},"modified":"2025-07-22T19:47:15","modified_gmt":"2025-07-22T17:47:15","slug":"szent-ivanyi-gyula-sepsiszentivanyi","status":"publish","type":"product","link":"https:\/\/uj.adatbank.ro\/lexikon\/termek\/szent-ivanyi-gyula-sepsiszentivanyi\/","title":{"rendered":"SZENT-IV\u00c1NYI Gyula, sepsiszentiv\u00e1nyi"},"content":{"rendered":"<p>1842. jan. 25.\u2020\u00a01895 : f\u0151isp\u00e1n, k\u00fariai b\u00edr\u00f3. \u2013 Brass\u00f3ban az \u00e1gostai hitvall\u00e1s\u00faak gimn.-ban \u00e9s kv.-on az unit\u00e1riusok f\u0151tanod\u00e1j\u00e1ban (1860) tanult, jogot Mv.-en a Ref. Koll.-ban (1862), a jog-\u00e9s \u00e1llamtudom\u00e1nyokat Kv.-on a jogakad\u00e9mi\u00e1n v\u00e9gzett (1865), az erd\u00e9lyi kir. t\u00e1bl\u00e1n\u00e1l \u00fcgyv\u00e9di vizsg\u00e1t tett (1867) \u00e9s \u00fcgyv\u00e9di jogos\u00edtv\u00e1nyt nyert (1869), id\u0151k\u00f6zben a f\u0151korm\u00e1nysz\u00e9kn\u00e9l fogalmaz\u00f3 gyakornok (1862\u201366),Kv. megye t\u00f6rv\u00e9nysz\u00e9ki \u00fcln\u00f6ke (1867. j\u00fal.\u2013) \u00e9s \u00e1rvai, gondnoks\u00e1gi \u00fcgyek int\u00e9z\u0151je, p\u00e9nz\u00fcgyi t\u00f6rv\u00e9nysz\u00e9ki el\u0151ad\u00f3, telekk\u00f6nyvi el\u0151ad\u00f3, b\u00edr\u00f3 (1871\u2013), H\u00e1romsz\u00e9k f\u0151kir\u00e1lyb\u00edr\u00f3ja lemond\u00e1s\u00e1ig (1875\u201377. m\u00e1j.) \u00e9s Bereck, Ilyefalva, K\u00e9zdiv\u00e1s\u00e1rhely \u00e9s Sepsiszentgy\u00f6rgy v\u00e1rosok f\u0151isp\u00e1nja (1875\u2013), a megyei rendez\u00e9skor H\u00e1romsz\u00e9k \u00e9s Brass\u00f3 megy\u00e9k f\u0151isp\u00e1nj\u00e1nak nevezt\u00e9k ki (1876\u20131877. m\u00e1j. 26.), majd Brass\u00f3 \u00e9s Fogaras vm. f\u0151isp\u00e1nj\u00e1v\u00e1 nevezt\u00e9k ki (1877\u201382). A mv.-i kir. t\u00e1bla tan\u00e1cseln\u00f6ke (1882. m\u00e1j. 27.\u2013), a kir. k\u00faria rendes b\u00edr\u00f3j\u00e1v\u00e1 nevezt\u00e9k ki (1887\u2013). A Lip\u00f3trend lovagkeresztj\u00e9nek birtokosa (1880). <br \/><strong>Irod.:<\/strong> Kelemen; Mo. f\u0151isp\u00e1njai.<\/br><\/p>\n","protected":false},"excerpt":{"rendered":"<p>1842. jan. 25.\u2020\u00a01895 : f\u0151isp\u00e1n, k\u00fariai b\u00edr\u00f3. \u2013 Brass\u00f3ban az \u00e1gostai hitvall\u00e1s\u00faak gimn.-ban \u00e9s kv.-on az unit\u00e1riusok f\u0151tanod\u00e1j\u00e1ban (1860) tanult, jogot Mv.-en a Ref. Koll.-ban (1862), a jog-\u00e9s \u00e1llamtudom\u00e1nyokat Kv.-on a jogakad\u00e9mi\u00e1n v\u00e9gzett (1865), az erd\u00e9lyi kir. t\u00e1bl\u00e1n\u00e1l \u00fcgyv\u00e9di vizsg\u00e1t tett (1867) \u00e9s \u00fcgyv\u00e9di jogos\u00edtv\u00e1nyt nyert (1869), id\u0151k\u00f6zben a f\u0151korm\u00e1nysz\u00e9kn\u00e9l fogalmaz\u00f3 gyakornok (1862\u201366),Kv. megye t\u00f6rv\u00e9nysz\u00e9ki [&hellip;]<\/p>\n","protected":false},"featured_media":0,"comment_status":"open","ping_status":"closed","template":"","meta":[],"product_brand":[],"product_cat":[137],"product_tag":[],"class_list":{"0":"post-22051","1":"product","2":"type-product","3":"status-publish","5":"product_cat-maros-megyei-eletrajzi-lexikon","7":"first","8":"instock","9":"shipping-taxable","10":"product-type-simple"},"_links":{"self":[{"href":"https:\/\/uj.adatbank.ro\/lexikon\/wp-json\/wp\/v2\/product\/22051","targetHints":{"allow":["GET"]}}],"collection":[{"href":"https:\/\/uj.adatbank.ro\/lexikon\/wp-json\/wp\/v2\/product"}],"about":[{"href":"https:\/\/uj.adatbank.ro\/lexikon\/wp-json\/wp\/v2\/types\/product"}],"replies":[{"embeddable":true,"href":"https:\/\/uj.adatbank.ro\/lexikon\/wp-json\/wp\/v2\/comments?post=22051"}],"wp:attachment":[{"href":"https:\/\/uj.adatbank.ro\/lexikon\/wp-json\/wp\/v2\/media?parent=22051"}],"wp:term":[{"taxonomy":"product_brand","embeddable":true,"href":"https:\/\/uj.adatbank.ro\/lexikon\/wp-json\/wp\/v2\/product_brand?post=22051"},{"taxonomy":"product_cat","embeddable":true,"href":"https:\/\/uj.adatbank.ro\/lexikon\/wp-json\/wp\/v2\/product_cat?post=22051"},{"taxonomy":"product_tag","embeddable":true,"href":"https:\/\/uj.adatbank.ro\/lexikon\/wp-json\/wp\/v2\/product_tag?post=22051"}],"curies":[{"name":"wp","href":"https:\/\/api.w.org\/{rel}","templated":true}]}}