{"id":22053,"date":"2025-07-22T19:47:19","date_gmt":"2025-07-22T17:47:19","guid":{"rendered":"https:\/\/uj.adatbank.ro\/lexikon\/termek\/szentivanyi-janos-2\/"},"modified":"2025-07-22T19:47:19","modified_gmt":"2025-07-22T17:47:19","slug":"szentivanyi-janos-2","status":"publish","type":"product","link":"https:\/\/uj.adatbank.ro\/lexikon\/termek\/szentivanyi-janos-2\/","title":{"rendered":"SZENTIV\u00c1NYI J\u00e1nos"},"content":{"rendered":"<p>? \u2020?: ref. lelkip\u00e1sztor. \u2013 K\u00fck\u00fcll\u0151g\u00e1lfalvi ref. lelkip\u00e1sztor, Dadai J\u00e1nost k\u00f6vette az esperesi sz\u00e9kben (1668. m\u00e1rc. 7. \u2013 1684). Jegyz\u0151k\u00f6nyvbe foglalta Dadai J\u00e1nos esperes \u00e1ltal \u00f6ssze\u00e1ll\u00edtott (1646) egyh\u00e1zmegyei invent\u00e1riumot Protocollum Dioceseos ortodoxae Religionis in illustri Comitatu K\u00fck\u00fcll\u0151v\u00e1r existenti c. (1676), amely megtal\u00e1lhat\u00f3 a k\u00fck\u00fcll\u0151i Ref. Egyh\u00e1zmegye Lev\u00e9lt\u00e1r\u00e1ban. Lelk\u00e9sz volt m\u00e9g G\u00f3g\u00e1nban \u00e9s K\u00fck\u00fcll\u0151v\u00e1ron. <br \/><strong>Irod.:<\/strong> Nagy L\u00e1szl\u00f3: Tanulm\u00e1nyok a Cs\u00e1v\u00e1si Ref. Egyh\u00e1zk\u00f6zs\u00e9g t\u00f6rt\u00e9net\u00e9b\u0151l (Cs\u00e1v\u00e1s, 1995); Zov\u00e1nyi.<\/br><\/p>\n","protected":false},"excerpt":{"rendered":"<p>? \u2020?: ref. lelkip\u00e1sztor. \u2013 K\u00fck\u00fcll\u0151g\u00e1lfalvi ref. lelkip\u00e1sztor, Dadai J\u00e1nost k\u00f6vette az esperesi sz\u00e9kben (1668. m\u00e1rc. 7. \u2013 1684). Jegyz\u0151k\u00f6nyvbe foglalta Dadai J\u00e1nos esperes \u00e1ltal \u00f6ssze\u00e1ll\u00edtott (1646) egyh\u00e1zmegyei invent\u00e1riumot Protocollum Dioceseos ortodoxae Religionis in illustri Comitatu K\u00fck\u00fcll\u0151v\u00e1r existenti c. (1676), amely megtal\u00e1lhat\u00f3 a k\u00fck\u00fcll\u0151i Ref. Egyh\u00e1zmegye Lev\u00e9lt\u00e1r\u00e1ban. Lelk\u00e9sz volt m\u00e9g G\u00f3g\u00e1nban \u00e9s K\u00fck\u00fcll\u0151v\u00e1ron. Irod.: Nagy [&hellip;]<\/p>\n","protected":false},"featured_media":0,"comment_status":"open","ping_status":"closed","template":"","meta":[],"product_brand":[],"product_cat":[137],"product_tag":[],"class_list":{"0":"post-22053","1":"product","2":"type-product","3":"status-publish","5":"product_cat-maros-megyei-eletrajzi-lexikon","7":"first","8":"instock","9":"shipping-taxable","10":"product-type-simple"},"_links":{"self":[{"href":"https:\/\/uj.adatbank.ro\/lexikon\/wp-json\/wp\/v2\/product\/22053","targetHints":{"allow":["GET"]}}],"collection":[{"href":"https:\/\/uj.adatbank.ro\/lexikon\/wp-json\/wp\/v2\/product"}],"about":[{"href":"https:\/\/uj.adatbank.ro\/lexikon\/wp-json\/wp\/v2\/types\/product"}],"replies":[{"embeddable":true,"href":"https:\/\/uj.adatbank.ro\/lexikon\/wp-json\/wp\/v2\/comments?post=22053"}],"wp:attachment":[{"href":"https:\/\/uj.adatbank.ro\/lexikon\/wp-json\/wp\/v2\/media?parent=22053"}],"wp:term":[{"taxonomy":"product_brand","embeddable":true,"href":"https:\/\/uj.adatbank.ro\/lexikon\/wp-json\/wp\/v2\/product_brand?post=22053"},{"taxonomy":"product_cat","embeddable":true,"href":"https:\/\/uj.adatbank.ro\/lexikon\/wp-json\/wp\/v2\/product_cat?post=22053"},{"taxonomy":"product_tag","embeddable":true,"href":"https:\/\/uj.adatbank.ro\/lexikon\/wp-json\/wp\/v2\/product_tag?post=22053"}],"curies":[{"name":"wp","href":"https:\/\/api.w.org\/{rel}","templated":true}]}}