{"id":22055,"date":"2025-07-22T19:47:22","date_gmt":"2025-07-22T17:47:22","guid":{"rendered":"https:\/\/uj.adatbank.ro\/lexikon\/termek\/szentivanyi-janos-sepsiszentivanyi-2\/"},"modified":"2025-07-22T19:47:22","modified_gmt":"2025-07-22T17:47:22","slug":"szentivanyi-janos-sepsiszentivanyi-2","status":"publish","type":"product","link":"https:\/\/uj.adatbank.ro\/lexikon\/termek\/szentivanyi-janos-sepsiszentivanyi-2\/","title":{"rendered":"SZENTIV\u00c1NYI J\u00e1nos, sepsiszentiv\u00e1nyi"},"content":{"rendered":"<p>? \u2020?: marossz\u00e9ki igazgat\u00f3, alkir\u00e1lyb\u00edr\u00f3. \u2013 Marossz\u00e9k kir. p\u00e9nzt\u00e1rnoka, alkir\u00e1lyb\u00edr\u00f3 a k\u00fck\u00fcll\u0151i ker\u00fcletben (1848\u201349). Jelent\u00e9st tett a t\u00f3falvi zavarg\u00e1sok \u00fcgy\u00e9ben v\u00e9gzett kivizsg\u00e1l\u00e1sr\u00f3l (1848. m\u00e1j. 6.). Kir. hivatalos az utols\u00f3 erd\u00e9lyi rendi orsz\u00e1ggy\u0171l\u00e9sen (Kv., 1848. m\u00e1j. 29.). Az \u00fajoncoz\u00e1s \u00f6ssze\u00edr\u00f3biztosa (1848. szept). <br \/><strong>Irod.:<\/strong> 1848\u20131849 Marossz\u00e9k; Egyed \u00c1.: Erd\u00e9ly 1848. ogy.; Id\u0151t\u00e1r 2, P\u00e1l-Antal; P\u00e1l-Antal 2002; P\u00e1l-Antal 2003.<\/br><\/p>\n","protected":false},"excerpt":{"rendered":"<p>? \u2020?: marossz\u00e9ki igazgat\u00f3, alkir\u00e1lyb\u00edr\u00f3. \u2013 Marossz\u00e9k kir. p\u00e9nzt\u00e1rnoka, alkir\u00e1lyb\u00edr\u00f3 a k\u00fck\u00fcll\u0151i ker\u00fcletben (1848\u201349). Jelent\u00e9st tett a t\u00f3falvi zavarg\u00e1sok \u00fcgy\u00e9ben v\u00e9gzett kivizsg\u00e1l\u00e1sr\u00f3l (1848. m\u00e1j. 6.). Kir. hivatalos az utols\u00f3 erd\u00e9lyi rendi orsz\u00e1ggy\u0171l\u00e9sen (Kv., 1848. m\u00e1j. 29.). Az \u00fajoncoz\u00e1s \u00f6ssze\u00edr\u00f3biztosa (1848. szept). Irod.: 1848\u20131849 Marossz\u00e9k; Egyed \u00c1.: Erd\u00e9ly 1848. ogy.; Id\u0151t\u00e1r 2, P\u00e1l-Antal; P\u00e1l-Antal 2002; P\u00e1l-Antal [&hellip;]<\/p>\n","protected":false},"featured_media":0,"comment_status":"open","ping_status":"closed","template":"","meta":[],"product_brand":[],"product_cat":[137],"product_tag":[],"class_list":{"0":"post-22055","1":"product","2":"type-product","3":"status-publish","5":"product_cat-maros-megyei-eletrajzi-lexikon","7":"first","8":"instock","9":"shipping-taxable","10":"product-type-simple"},"_links":{"self":[{"href":"https:\/\/uj.adatbank.ro\/lexikon\/wp-json\/wp\/v2\/product\/22055","targetHints":{"allow":["GET"]}}],"collection":[{"href":"https:\/\/uj.adatbank.ro\/lexikon\/wp-json\/wp\/v2\/product"}],"about":[{"href":"https:\/\/uj.adatbank.ro\/lexikon\/wp-json\/wp\/v2\/types\/product"}],"replies":[{"embeddable":true,"href":"https:\/\/uj.adatbank.ro\/lexikon\/wp-json\/wp\/v2\/comments?post=22055"}],"wp:attachment":[{"href":"https:\/\/uj.adatbank.ro\/lexikon\/wp-json\/wp\/v2\/media?parent=22055"}],"wp:term":[{"taxonomy":"product_brand","embeddable":true,"href":"https:\/\/uj.adatbank.ro\/lexikon\/wp-json\/wp\/v2\/product_brand?post=22055"},{"taxonomy":"product_cat","embeddable":true,"href":"https:\/\/uj.adatbank.ro\/lexikon\/wp-json\/wp\/v2\/product_cat?post=22055"},{"taxonomy":"product_tag","embeddable":true,"href":"https:\/\/uj.adatbank.ro\/lexikon\/wp-json\/wp\/v2\/product_tag?post=22055"}],"curies":[{"name":"wp","href":"https:\/\/api.w.org\/{rel}","templated":true}]}}