{"id":22056,"date":"2025-07-22T19:47:24","date_gmt":"2025-07-22T17:47:24","guid":{"rendered":"https:\/\/uj.adatbank.ro\/lexikon\/termek\/szentivanyi-kalman-iklodszentivanyi\/"},"modified":"2025-07-22T19:47:24","modified_gmt":"2025-07-22T17:47:24","slug":"szentivanyi-kalman-iklodszentivanyi","status":"publish","type":"product","link":"https:\/\/uj.adatbank.ro\/lexikon\/termek\/szentivanyi-kalman-iklodszentivanyi\/","title":{"rendered":"SZENTIV\u00c1NYI K\u00e1lm\u00e1n, ikl\u00f3dszentiv\u00e1nyi"},"content":{"rendered":"<p>D\u00e9s, 1839. jan. 10., \u2020?: Maros-Torda vm. alisp\u00e1nja \u00e9s orsz\u00e1ggy\u0171l\u00e9si k\u00e9pvisel\u0151. \u2013 Gimn\u00e1ziumi tanulm\u00e1nyait Nagyenyeden \u00e9s Kv-on, a jogi tanfolyamot a nagyszebeni jogi akad\u00e9mi\u00e1n \u00e9s Mv.-en v\u00e9gezte, egyidej\u0171leg k\u00fcl\u00f6nf\u00e9le hivatalokban gyakorlati kik\u00e9peztet\u00e9st is nyert. A proviz\u00f3rium be\u00e1llt\u00e1val minden hivatalos t\u00e9nyked\u00e9st\u0151l visszal\u00e9pett \u00e9s Marossz\u00e9knek Cserefalva k\u00f6zs\u00e9g\u00e9ben saj\u00e1t birtok\u00e1n gazd\u00e1lkod\u00e1ssal foglalkozott. Mint t\u00f6rv\u00e9nyhat\u00f3s\u00e1gi rendes jegyz\u0151 helyet foglalt a megyei tiszti karban (1867\u2013), f\u0151jegyz\u0151v\u00e9 (1868), ism\u00e9t f\u0151jegyz\u0151v\u00e9 (1871) \u00e9s alkir\u00e1lyb\u00edr\u00f3v\u00e1 (1872) v\u00e1lasztott\u00e1k; ism\u00e9telten Maros-Torda megye alisp\u00e1nja (1876). Nagy munka- \u00e9s szorgalommal \u00e1ll\u00edtotta \u00f6ssze megy\u00e9j\u00e9nek \u00fagynevezett fekete k\u00f6nyv\u00e9t. A mv.-i Ref. Koll. gondnoka (1875. m\u00e1j. 23.\u20131885). Az \u00e1kosfalvi v\u00e1laszt\u00f3ker\u00fclet k\u00e9pvisel\u0151j\u00e9v\u00e9 v\u00e1lasztotta (1881) szabadelv\u0171-p\u00e1rti programmal; a m\u00e9rs\u00e9kelt ellenz\u00e9khez csatlakozott (1886) \u00e9s a ny\u00e1r\u00e1dszerdai v\u00e1laszt\u00f3ker\u00fcletnek lett k\u00e9pvisel\u0151je (1887). A nemzeti p\u00e1rt soraiban foglalt helyet (\u20131896), majd a szabadelv\u0171 p\u00e1rthoz csatlakozott. A Marostorda V\u00e1rmegyei Gazdas\u00e1gi Egylet alap\u00edt\u00f3 tagja. \u2013 <strong>F. m.<\/strong>: Marossz\u00e9k 1874. \u00e1llapot\u00e1r\u00f3l s tett k\u00f6zigazgat\u00e1si int\u00e9zked\u00e9sekr\u0151l \u00e9vi Jelent\u00e9s. (Mv, 1875.); Egyes\u00fclt Maros-Torda v\u00e1rmegye 1876. \u00e1llapot\u00e1r\u00f3l s tett k\u00f6zigazgat\u00e1si int\u00e9zked\u00e9sekr\u0151l \u00e9vi Jelent\u00e9s. (Mv., 1877.); Nyilt sz\u00f3. (Mv.. 1886.) (A Kolozsv\u00e1ri K\u00f6zl\u00f6ny 117. sz. \u201eF\u0151isp\u00e1nok megbuktat\u00e1sa\u201d c. cikk ellen); A ny\u00e1r\u00e1dszeredai v\u00e1laszt\u00f3ker\u00fclet v\u00e1laszt\u00f3 k\u00f6z\u00f6ns\u00e9g\u00e9hez besz\u00e1mol\u00f3ja&#8230; (Bp., 1900.); Orsz\u00e1ggy\u0171l\u00e9si besz\u00e9dei a Napl\u00f3kban vannak. <br \/><strong>Irod.:<\/strong> Dobr\u00e1nszky P\u00e9ter: Eml\u00e9khangok a Sz\u00e9kelyf\u00f6ldr\u0151l (Bp., 1875); D\u00f3sa S\u00e1ndor; F\u00fcl\u00f6p\u2013Ferencz; Koncz; P\u00e1lmay; Par\u00e1di; Rugonfalvi Kiss; Szinnyei, \u00daj ogyi almanach (Bp., 1888).<\/br><\/p>\n","protected":false},"excerpt":{"rendered":"<p>D\u00e9s, 1839. jan. 10., \u2020?: Maros-Torda vm. alisp\u00e1nja \u00e9s orsz\u00e1ggy\u0171l\u00e9si k\u00e9pvisel\u0151. \u2013 Gimn\u00e1ziumi tanulm\u00e1nyait Nagyenyeden \u00e9s Kv-on, a jogi tanfolyamot a nagyszebeni jogi akad\u00e9mi\u00e1n \u00e9s Mv.-en v\u00e9gezte, egyidej\u0171leg k\u00fcl\u00f6nf\u00e9le hivatalokban gyakorlati kik\u00e9peztet\u00e9st is nyert. A proviz\u00f3rium be\u00e1llt\u00e1val minden hivatalos t\u00e9nyked\u00e9st\u0151l visszal\u00e9pett \u00e9s Marossz\u00e9knek Cserefalva k\u00f6zs\u00e9g\u00e9ben saj\u00e1t birtok\u00e1n gazd\u00e1lkod\u00e1ssal foglalkozott. Mint t\u00f6rv\u00e9nyhat\u00f3s\u00e1gi rendes jegyz\u0151 helyet foglalt [&hellip;]<\/p>\n","protected":false},"featured_media":0,"comment_status":"open","ping_status":"closed","template":"","meta":[],"product_brand":[],"product_cat":[137],"product_tag":[],"class_list":{"0":"post-22056","1":"product","2":"type-product","3":"status-publish","5":"product_cat-maros-megyei-eletrajzi-lexikon","7":"first","8":"instock","9":"shipping-taxable","10":"product-type-simple"},"_links":{"self":[{"href":"https:\/\/uj.adatbank.ro\/lexikon\/wp-json\/wp\/v2\/product\/22056","targetHints":{"allow":["GET"]}}],"collection":[{"href":"https:\/\/uj.adatbank.ro\/lexikon\/wp-json\/wp\/v2\/product"}],"about":[{"href":"https:\/\/uj.adatbank.ro\/lexikon\/wp-json\/wp\/v2\/types\/product"}],"replies":[{"embeddable":true,"href":"https:\/\/uj.adatbank.ro\/lexikon\/wp-json\/wp\/v2\/comments?post=22056"}],"wp:attachment":[{"href":"https:\/\/uj.adatbank.ro\/lexikon\/wp-json\/wp\/v2\/media?parent=22056"}],"wp:term":[{"taxonomy":"product_brand","embeddable":true,"href":"https:\/\/uj.adatbank.ro\/lexikon\/wp-json\/wp\/v2\/product_brand?post=22056"},{"taxonomy":"product_cat","embeddable":true,"href":"https:\/\/uj.adatbank.ro\/lexikon\/wp-json\/wp\/v2\/product_cat?post=22056"},{"taxonomy":"product_tag","embeddable":true,"href":"https:\/\/uj.adatbank.ro\/lexikon\/wp-json\/wp\/v2\/product_tag?post=22056"}],"curies":[{"name":"wp","href":"https:\/\/api.w.org\/{rel}","templated":true}]}}