{"id":22058,"date":"2025-07-22T19:47:29","date_gmt":"2025-07-22T17:47:29","guid":{"rendered":"https:\/\/uj.adatbank.ro\/lexikon\/termek\/szentivanyi-laszlo\/"},"modified":"2025-07-22T19:47:29","modified_gmt":"2025-07-22T17:47:29","slug":"szentivanyi-laszlo","status":"publish","type":"product","link":"https:\/\/uj.adatbank.ro\/lexikon\/termek\/szentivanyi-laszlo\/","title":{"rendered":"SZENTIV\u00c1NYI L\u00e1szl\u00f3"},"content":{"rendered":"<p>18. sz. \u2020?: alkir\u00e1lyb\u00edr\u00f3. \u2013 Marossz\u00e9ken az iszl\u00f3i templom mennyezetdeszk\u00e1it ellopt\u00e1k. Az alkir\u00e1lyb\u00edr\u00f3 elrendelte az el\u0151ker\u00edt\u00e9s\u00fcket (1798). <br \/><strong>Irod.:<\/strong> Kelemen.<\/br><\/p>\n","protected":false},"excerpt":{"rendered":"<p>18. sz. \u2020?: alkir\u00e1lyb\u00edr\u00f3. \u2013 Marossz\u00e9ken az iszl\u00f3i templom mennyezetdeszk\u00e1it ellopt\u00e1k. Az alkir\u00e1lyb\u00edr\u00f3 elrendelte az el\u0151ker\u00edt\u00e9s\u00fcket (1798). Irod.: Kelemen.<\/p>\n","protected":false},"featured_media":0,"comment_status":"open","ping_status":"closed","template":"","meta":[],"product_brand":[],"product_cat":[137],"product_tag":[],"class_list":{"0":"post-22058","1":"product","2":"type-product","3":"status-publish","5":"product_cat-maros-megyei-eletrajzi-lexikon","7":"first","8":"instock","9":"shipping-taxable","10":"product-type-simple"},"_links":{"self":[{"href":"https:\/\/uj.adatbank.ro\/lexikon\/wp-json\/wp\/v2\/product\/22058","targetHints":{"allow":["GET"]}}],"collection":[{"href":"https:\/\/uj.adatbank.ro\/lexikon\/wp-json\/wp\/v2\/product"}],"about":[{"href":"https:\/\/uj.adatbank.ro\/lexikon\/wp-json\/wp\/v2\/types\/product"}],"replies":[{"embeddable":true,"href":"https:\/\/uj.adatbank.ro\/lexikon\/wp-json\/wp\/v2\/comments?post=22058"}],"wp:attachment":[{"href":"https:\/\/uj.adatbank.ro\/lexikon\/wp-json\/wp\/v2\/media?parent=22058"}],"wp:term":[{"taxonomy":"product_brand","embeddable":true,"href":"https:\/\/uj.adatbank.ro\/lexikon\/wp-json\/wp\/v2\/product_brand?post=22058"},{"taxonomy":"product_cat","embeddable":true,"href":"https:\/\/uj.adatbank.ro\/lexikon\/wp-json\/wp\/v2\/product_cat?post=22058"},{"taxonomy":"product_tag","embeddable":true,"href":"https:\/\/uj.adatbank.ro\/lexikon\/wp-json\/wp\/v2\/product_tag?post=22058"}],"curies":[{"name":"wp","href":"https:\/\/api.w.org\/{rel}","templated":true}]}}