{"id":22061,"date":"2025-07-22T19:47:36","date_gmt":"2025-07-22T17:47:36","guid":{"rendered":"https:\/\/uj.adatbank.ro\/lexikon\/termek\/szentivanyi-samuel-galfalvi\/"},"modified":"2025-07-22T19:47:36","modified_gmt":"2025-07-22T17:47:36","slug":"szentivanyi-samuel-galfalvi","status":"publish","type":"product","link":"https:\/\/uj.adatbank.ro\/lexikon\/termek\/szentivanyi-samuel-galfalvi\/","title":{"rendered":"SZENTIV\u00c1NYI S\u00e1muel, g\u00e1lfalvi"},"content":{"rendered":"<p>? \u2020?: alkir\u00e1lyb\u00edr\u00f3. \u2013 Megv\u00e1lasztott\u00e1k Marossz\u00e9k alkir\u00e1lyb\u00edr\u00f3j\u00e1nak (1713). <br \/><strong>Irod.:<\/strong> P\u00e1l-Antal 2002.<\/br><\/p>\n","protected":false},"excerpt":{"rendered":"<p>? \u2020?: alkir\u00e1lyb\u00edr\u00f3. \u2013 Megv\u00e1lasztott\u00e1k Marossz\u00e9k alkir\u00e1lyb\u00edr\u00f3j\u00e1nak (1713). Irod.: P\u00e1l-Antal 2002.<\/p>\n","protected":false},"featured_media":0,"comment_status":"open","ping_status":"closed","template":"","meta":[],"product_brand":[],"product_cat":[137],"product_tag":[],"class_list":{"0":"post-22061","1":"product","2":"type-product","3":"status-publish","5":"product_cat-maros-megyei-eletrajzi-lexikon","7":"first","8":"instock","9":"shipping-taxable","10":"product-type-simple"},"_links":{"self":[{"href":"https:\/\/uj.adatbank.ro\/lexikon\/wp-json\/wp\/v2\/product\/22061","targetHints":{"allow":["GET"]}}],"collection":[{"href":"https:\/\/uj.adatbank.ro\/lexikon\/wp-json\/wp\/v2\/product"}],"about":[{"href":"https:\/\/uj.adatbank.ro\/lexikon\/wp-json\/wp\/v2\/types\/product"}],"replies":[{"embeddable":true,"href":"https:\/\/uj.adatbank.ro\/lexikon\/wp-json\/wp\/v2\/comments?post=22061"}],"wp:attachment":[{"href":"https:\/\/uj.adatbank.ro\/lexikon\/wp-json\/wp\/v2\/media?parent=22061"}],"wp:term":[{"taxonomy":"product_brand","embeddable":true,"href":"https:\/\/uj.adatbank.ro\/lexikon\/wp-json\/wp\/v2\/product_brand?post=22061"},{"taxonomy":"product_cat","embeddable":true,"href":"https:\/\/uj.adatbank.ro\/lexikon\/wp-json\/wp\/v2\/product_cat?post=22061"},{"taxonomy":"product_tag","embeddable":true,"href":"https:\/\/uj.adatbank.ro\/lexikon\/wp-json\/wp\/v2\/product_tag?post=22061"}],"curies":[{"name":"wp","href":"https:\/\/api.w.org\/{rel}","templated":true}]}}