{"id":22062,"date":"2025-07-22T19:47:39","date_gmt":"2025-07-22T17:47:39","guid":{"rendered":"https:\/\/uj.adatbank.ro\/lexikon\/termek\/szentivanyi-sandor-sepsiszentivanyi\/"},"modified":"2025-07-22T19:47:39","modified_gmt":"2025-07-22T17:47:39","slug":"szentivanyi-sandor-sepsiszentivanyi","status":"publish","type":"product","link":"https:\/\/uj.adatbank.ro\/lexikon\/termek\/szentivanyi-sandor-sepsiszentivanyi\/","title":{"rendered":"SZENTIV\u00c1NYI S\u00e1ndor, sepsiszentiv\u00e1nyi"},"content":{"rendered":"<p>? \u2020?: b\u00edr\u00f3. \u2013 Feles\u00e9ge: oroszf\u00e1ji Geg\u0151 Ilka. \u2013 Megyei \u00e1rvasz\u00e9ki b\u00edr\u00f3. <br \/><strong>Irod.:<\/strong> Gy\u00e1szjelent\u0151.<\/br><\/p>\n","protected":false},"excerpt":{"rendered":"<p>? \u2020?: b\u00edr\u00f3. \u2013 Feles\u00e9ge: oroszf\u00e1ji Geg\u0151 Ilka. \u2013 Megyei \u00e1rvasz\u00e9ki b\u00edr\u00f3. Irod.: Gy\u00e1szjelent\u0151.<\/p>\n","protected":false},"featured_media":0,"comment_status":"open","ping_status":"closed","template":"","meta":[],"product_brand":[],"product_cat":[137],"product_tag":[],"class_list":{"0":"post-22062","1":"product","2":"type-product","3":"status-publish","5":"product_cat-maros-megyei-eletrajzi-lexikon","7":"first","8":"instock","9":"shipping-taxable","10":"product-type-simple"},"_links":{"self":[{"href":"https:\/\/uj.adatbank.ro\/lexikon\/wp-json\/wp\/v2\/product\/22062","targetHints":{"allow":["GET"]}}],"collection":[{"href":"https:\/\/uj.adatbank.ro\/lexikon\/wp-json\/wp\/v2\/product"}],"about":[{"href":"https:\/\/uj.adatbank.ro\/lexikon\/wp-json\/wp\/v2\/types\/product"}],"replies":[{"embeddable":true,"href":"https:\/\/uj.adatbank.ro\/lexikon\/wp-json\/wp\/v2\/comments?post=22062"}],"wp:attachment":[{"href":"https:\/\/uj.adatbank.ro\/lexikon\/wp-json\/wp\/v2\/media?parent=22062"}],"wp:term":[{"taxonomy":"product_brand","embeddable":true,"href":"https:\/\/uj.adatbank.ro\/lexikon\/wp-json\/wp\/v2\/product_brand?post=22062"},{"taxonomy":"product_cat","embeddable":true,"href":"https:\/\/uj.adatbank.ro\/lexikon\/wp-json\/wp\/v2\/product_cat?post=22062"},{"taxonomy":"product_tag","embeddable":true,"href":"https:\/\/uj.adatbank.ro\/lexikon\/wp-json\/wp\/v2\/product_tag?post=22062"}],"curies":[{"name":"wp","href":"https:\/\/api.w.org\/{rel}","templated":true}]}}