{"id":22063,"date":"2025-07-22T19:47:42","date_gmt":"2025-07-22T17:47:42","guid":{"rendered":"https:\/\/uj.adatbank.ro\/lexikon\/termek\/szent-ivanyi-sandor-alexander-st-ivanyi-szentivanyi-sandor\/"},"modified":"2025-07-22T19:47:42","modified_gmt":"2025-07-22T17:47:42","slug":"szent-ivanyi-sandor-alexander-st-ivanyi-szentivanyi-sandor","status":"publish","type":"product","link":"https:\/\/uj.adatbank.ro\/lexikon\/termek\/szent-ivanyi-sandor-alexander-st-ivanyi-szentivanyi-sandor\/","title":{"rendered":"SZENT-IV\u00c1NYI S\u00e1ndor; Alexander St-Iv\u00e1nyi, Szentiv\u00e1nyi S\u00e1ndor"},"content":{"rendered":"<p>Mv., 1902. jan. 18., \u2020 Lancaster (USA), 1983. okt. 16.: unit. lelk\u00e9sz, teol. tan\u00e1r, t\u00f6rt\u00e9n\u00e9sz, politikus. \u2013 Feles\u00e9ge: Jelinek Olga. \u2013 K\u00f6z\u00e9piskol\u00e1t Mv.-en a r.k. F\u0151gimn.-ban v\u00e9gzett, majd a kv.-i unit. teol. akad.-n (1920\u201324), a Harvard Egy.-en (1924\u201326), \u00e9s a Chicag\u00f3i Egyetemen szerzett diplom\u00e1kat, a cambridge-i egy.-en teol. magisteri fokozatot kapott (1926). Egy ideig Mv.-en, majd Kv.-on unit. lelk\u00e9sz (1927\u201334), a Chicag\u00f3i egyetem teol\u00f3giai iskol\u00e1j\u00e1nak hallgat\u00f3ja (1932\u201333), Unit\u00e1rius Teol\u00f3giai Akad\u00e9mi\u00e1n teol. tan\u00e1r (1934\u201339), k\u00f6zben a kv.-i unit. teol. akad.-n teol. mag\u00e1ntan\u00e1r (1932\u2013). Bp.-en vall\u00e1stan\u00e1r (1938\u2013), lelk\u00e9sz (1939\u2013), els\u0151 lelk\u00e9sz (1942\u2013). A II. vil\u00e1gh\u00e1bor\u00fa alatt angol \u00e9s lengyel hadifoglyokat \u00e9s zsid\u00f3kat menek\u00edtett. A mo.-i unit. egyh\u00e1z lelk\u00e9szeln\u00f6ke (1945\u2013), p\u00fcsp\u00f6ki vik\u00e1rius, nemzetgy\u0171l\u00e9si k\u00e9pvisel\u0151 (1945\u201347), a Polg\u00e1ri Demokrata P\u00e1rt eln\u00f6ke (1945\u201347). A Bp.-i Nemzeti Bizotts\u00e1g \u00e9s Bp. f\u0151v\u00e1ros t\u00f6rv\u00e9nyhat\u00f3s\u00e1gi bizotts\u00e1g\u00e1nak tagja, a M. V\u00f6r\u00f6skereszt eln\u00f6ke (1945\u201346). A M. Nemzeti Bizottm\u00e1ny tagja (1950\u201356), az Amerikai Kvt\u00e1r \u00e9s T\u00f6rt. T\u00e1rsulat tagja (1955). Nagy-Britanni\u00e1ba emigr\u00e1lt (1947), az USA-ba k\u00f6lt\u00f6z\u00f6tt. Meadville Theological Schoolban doktori oklevelet szerzett (1947). A Jamaica Plains-i egyh\u00e1zk\u00f6zs\u00e9g lelk\u00e9sze (1947\u2013), a Lancasteri Els\u0151 Ker. Egyh\u00e1z (1952\u2013), majd nyugd\u00edjaz\u00e1s\u00e1ig a Clinton Els\u0151 Unit. Egyh\u00e1z lelk\u00e9sze volt. T\u00f6bb magyar t\u00e1rsadalmi szervezet tagja, eln\u00f6ke volt: Unit\u00e1rius Irodalmi T\u00e1rsas\u00e1g, D\u00e1vid Ferenc Egylet, Unit\u00e1rius Iratterjeszt\u0151, Sz\u00e9kelyek Kv.-i T\u00e1rsas\u00e1ga (\u00fcgyvezet\u0151 aleln\u00f6k), Rom\u00e1niai Magyar Dalossz\u00f6vets\u00e9g (ig. tagja), EME (r. tagja). Szerepet v\u00e1llalt az emigr\u00e1ci\u00f3s politik\u00e1ban, eln\u00f6ke volt az Amerikai Magyar K\u00f6nyvt\u00e1r \u00e9s T\u00f6rt\u00e9nelmi T\u00e1rsulatnak (1955\u2013), tagja volt a Kelet-eur\u00f3pai Liber\u00e1lisok Szervezete, az Amerikai Erd\u00e9lyi Sz\u00f6v. vezet\u0151s\u00e9gi tagja. Sz\u00e9les k\u00f6r\u0171 publik\u00e1ci\u00f3s tev\u00e9kenys\u00e9get folytatott. Novell\u00e1it a P\u00e1sztorz\u0171z, Keleti \u00dajs\u00e1g, El\u0151re k\u00f6z\u00f6lte; k\u00f6nyvei jelentek meg magyar \u00e9s angol nyelven, sz\u00e1mos ford\u00edt\u00e1sa is megjelent. A Ker. Magvet\u0151, Unit. K\u00f6z\u00f6ny (1928\u201337) \u00e9s az Unit. Napt\u00e1r (1929\u201333), Vas\u00e1rnap D\u00e9lut\u00e1n (szerkesztette is), Tizenegyek antol\u00f3gi\u00e1ja, a The Hung\u00e1ri\u00e1n Digest \u00e9s a bostoni The Response c. foly\u00f3irat (1948 \u2013 50) szerk. \u2013 <strong><strong>F. m.<\/strong><\/strong>: A n\u00e9p bar\u00e1tja \u2013 M\u00e9g csak egy f\u00e9l\u00e9v az \u00e9let (elb.; Kv., 1928); J\u00e9zus emberarca (Kv., 1929); Jellempr\u00f3ba (sz\u00ednm\u0171; Kv., 1931); Vall\u00e1sos nevel\u00e9s otthon (Kv., 1931); T\u00f6rt\u00e9net egy ifj\u00fas\u00e1gi egylet \u00e9let\u00e9b\u0151l (Kv., 1931); Az unitarizmus l\u00e9nyege (Kv., 1932); Az unitarizmus fejl\u0151d\u00e9se (Kv., 1932); Vil\u00e1goss\u00e1g fel\u00e9 (elm\u00e9lked\u00e9sek; Bp., 1935); \u00c1ldott percek (Kv., 1935); D\u00e1vid Ferenc \u00e9s a t\u00f6meg (Kv., 1937); J\u00e9zus gy\u00f3gy\u00edt\u00e1sai (Kv., 1937); Magass\u00e1gok fel\u00e9 (mes\u00e9k, Bp., 1943); God&#8217;s Law and the Fifth Amendment (New York, 1954); Freedom Legislation in Hungary, 1557\u201371 (New York, 1957); The \u201eHistoria\u201d and its Authors (New York, 1960); T\u00f6rt\u00e9nelem \u00e9s kr\u00edzis (New York, 1961); A magyar vall\u00e1sszabads\u00e1g (New York, 1964); Sz\u00e9chenyi visszhangja (R\u00f3ma, 1964); Eckhardt Tibor. \u00c1llamf\u00e9rfi a sz\u00e1m\u0171zet\u00e9sben&#8230; (New York, 1971); Az Amerikai Magyar K\u00f6nyvt\u00e1r \u00e9s T\u00f6rt\u00e9nelmi T\u00e1rsulat els\u0151 15 \u00e9ve (New York, 1971); D\u00e1niel Szent-Ivani in England, 1665\u20131667 (New York, 1971); <strong>ford.:<\/strong> Fosdick E. H.: Hit \u00e9s \u00e9rtelem (Kv., 1932); Millik\u00e1n, Robert Andrews: Term\u00e9szetudom\u00e1ny \u00e9s vall\u00e1s (Kv., 1932); Peabody F. G.: A l\u00e9lek egyh\u00e1za (Kv., 1935); <strong>szerk.:<\/strong> Fosdick E. H.: Utaz\u00e1s Palesztin\u00e1ba (Kv., 1938); \u00c1hitat kis k\u00f6nyve (Kv., 1934); Erd\u00e9lyi magyar unit\u00e1rius napt\u00e1r (Kv., 1931\u201332). <br \/><strong>Irod.:<\/strong> Borb\u00e1ndi; Eml\u00e9kk\u00f6nyv a K. M: Term\u00e9szettudom\u00e1nyi T\u00e1rsulat f\u00e9lsz\u00e1zados jubileum\u00e1n (Bp., 1892); EM; Encyc. Hung.; Kelemen; KM\u00cd; M\u00c9L; MIIB; Molter 1.; Ny\u00e1r\u00e1dg\u00e1lfalva; Ny\u00e1r\u00e1dg\u00e1lfalva \u2013 500; RMIL; \u00daM\u00c9L, \u00daMIL, Zov\u00e1nyi.<\/br><\/p>\n","protected":false},"excerpt":{"rendered":"<p>Mv., 1902. jan. 18., \u2020 Lancaster (USA), 1983. okt. 16.: unit. lelk\u00e9sz, teol. tan\u00e1r, t\u00f6rt\u00e9n\u00e9sz, politikus. \u2013 Feles\u00e9ge: Jelinek Olga. \u2013 K\u00f6z\u00e9piskol\u00e1t Mv.-en a r.k. F\u0151gimn.-ban v\u00e9gzett, majd a kv.-i unit. teol. akad.-n (1920\u201324), a Harvard Egy.-en (1924\u201326), \u00e9s a Chicag\u00f3i Egyetemen szerzett diplom\u00e1kat, a cambridge-i egy.-en teol. magisteri fokozatot kapott (1926). Egy ideig Mv.-en, [&hellip;]<\/p>\n","protected":false},"featured_media":0,"comment_status":"open","ping_status":"closed","template":"","meta":[],"product_brand":[],"product_cat":[137],"product_tag":[],"class_list":{"0":"post-22063","1":"product","2":"type-product","3":"status-publish","5":"product_cat-maros-megyei-eletrajzi-lexikon","7":"first","8":"instock","9":"shipping-taxable","10":"product-type-simple"},"_links":{"self":[{"href":"https:\/\/uj.adatbank.ro\/lexikon\/wp-json\/wp\/v2\/product\/22063","targetHints":{"allow":["GET"]}}],"collection":[{"href":"https:\/\/uj.adatbank.ro\/lexikon\/wp-json\/wp\/v2\/product"}],"about":[{"href":"https:\/\/uj.adatbank.ro\/lexikon\/wp-json\/wp\/v2\/types\/product"}],"replies":[{"embeddable":true,"href":"https:\/\/uj.adatbank.ro\/lexikon\/wp-json\/wp\/v2\/comments?post=22063"}],"wp:attachment":[{"href":"https:\/\/uj.adatbank.ro\/lexikon\/wp-json\/wp\/v2\/media?parent=22063"}],"wp:term":[{"taxonomy":"product_brand","embeddable":true,"href":"https:\/\/uj.adatbank.ro\/lexikon\/wp-json\/wp\/v2\/product_brand?post=22063"},{"taxonomy":"product_cat","embeddable":true,"href":"https:\/\/uj.adatbank.ro\/lexikon\/wp-json\/wp\/v2\/product_cat?post=22063"},{"taxonomy":"product_tag","embeddable":true,"href":"https:\/\/uj.adatbank.ro\/lexikon\/wp-json\/wp\/v2\/product_tag?post=22063"}],"curies":[{"name":"wp","href":"https:\/\/api.w.org\/{rel}","templated":true}]}}