{"id":22065,"date":"2025-07-22T19:47:48","date_gmt":"2025-07-22T17:47:48","guid":{"rendered":"https:\/\/uj.adatbank.ro\/lexikon\/termek\/szentkereszti-molnar-istvan\/"},"modified":"2025-07-22T19:47:48","modified_gmt":"2025-07-22T17:47:48","slug":"szentkereszti-molnar-istvan","status":"publish","type":"product","link":"https:\/\/uj.adatbank.ro\/lexikon\/termek\/szentkereszti-molnar-istvan\/","title":{"rendered":"SZENTKERESZTI MOLN\u00c1R Istv\u00e1n"},"content":{"rendered":"<p>? \u2020?: ref. lelkip\u00e1sztor. Mv.-en a Ref. Koll.-ban tanult (1758 \u2013?), majd a marburgi egyetem teol\u00f3gia szak\u00e1ra (1768. aug. 19.\u2013) iratkozott be. Hazat\u00e9rve Erd\u0151szentgy\u00f6rgy\u00f6n lett lp. (1771\u201374), ahonnan a somosdiak h\u00edvt\u00e1k meg falujukba (1775\u201377), azut\u00e1n Vaj\u00e1ban szolg\u00e1lt (1777\u201393). <br \/><strong>Irod.:<\/strong> Somosd.<\/br><\/p>\n","protected":false},"excerpt":{"rendered":"<p>? \u2020?: ref. lelkip\u00e1sztor. Mv.-en a Ref. Koll.-ban tanult (1758 \u2013?), majd a marburgi egyetem teol\u00f3gia szak\u00e1ra (1768. aug. 19.\u2013) iratkozott be. Hazat\u00e9rve Erd\u0151szentgy\u00f6rgy\u00f6n lett lp. (1771\u201374), ahonnan a somosdiak h\u00edvt\u00e1k meg falujukba (1775\u201377), azut\u00e1n Vaj\u00e1ban szolg\u00e1lt (1777\u201393). Irod.: Somosd.<\/p>\n","protected":false},"featured_media":0,"comment_status":"open","ping_status":"closed","template":"","meta":[],"product_brand":[],"product_cat":[137],"product_tag":[],"class_list":{"0":"post-22065","1":"product","2":"type-product","3":"status-publish","5":"product_cat-maros-megyei-eletrajzi-lexikon","7":"first","8":"instock","9":"shipping-taxable","10":"product-type-simple"},"_links":{"self":[{"href":"https:\/\/uj.adatbank.ro\/lexikon\/wp-json\/wp\/v2\/product\/22065","targetHints":{"allow":["GET"]}}],"collection":[{"href":"https:\/\/uj.adatbank.ro\/lexikon\/wp-json\/wp\/v2\/product"}],"about":[{"href":"https:\/\/uj.adatbank.ro\/lexikon\/wp-json\/wp\/v2\/types\/product"}],"replies":[{"embeddable":true,"href":"https:\/\/uj.adatbank.ro\/lexikon\/wp-json\/wp\/v2\/comments?post=22065"}],"wp:attachment":[{"href":"https:\/\/uj.adatbank.ro\/lexikon\/wp-json\/wp\/v2\/media?parent=22065"}],"wp:term":[{"taxonomy":"product_brand","embeddable":true,"href":"https:\/\/uj.adatbank.ro\/lexikon\/wp-json\/wp\/v2\/product_brand?post=22065"},{"taxonomy":"product_cat","embeddable":true,"href":"https:\/\/uj.adatbank.ro\/lexikon\/wp-json\/wp\/v2\/product_cat?post=22065"},{"taxonomy":"product_tag","embeddable":true,"href":"https:\/\/uj.adatbank.ro\/lexikon\/wp-json\/wp\/v2\/product_tag?post=22065"}],"curies":[{"name":"wp","href":"https:\/\/api.w.org\/{rel}","templated":true}]}}