{"id":22067,"date":"2025-07-22T19:47:54","date_gmt":"2025-07-22T17:47:54","guid":{"rendered":"https:\/\/uj.adatbank.ro\/lexikon\/termek\/szentkereszty-zagoni-br-csalad\/"},"modified":"2025-07-22T19:47:54","modified_gmt":"2025-07-22T17:47:54","slug":"szentkereszty-zagoni-br-csalad","status":"publish","type":"product","link":"https:\/\/uj.adatbank.ro\/lexikon\/termek\/szentkereszty-zagoni-br-csalad\/","title":{"rendered":"SZENTKERESZTY, z\u00e1goni br. csal\u00e1d"},"content":{"rendered":"<p>Fels\u0151-Magyarorsz\u00e1gb\u00f3l Szentkereszt mez\u0151v\u00e1ros\u00e1b\u00f3l Apaffy Mih\u00e1ly fejedelem idej\u00e9ben k\u00f6lt\u00f6z\u00f6tt Erd\u00e9lybe C\u00edmeres nemeslev\u00e9l: Pozsony, (1646. okt\u00f3ber 5). Az Erd\u00e9lyi b\u00e1r\u00f3i rangot (B\u00e9cs, 1726. december 23). Andr\u00e1s szerezte, aki Erd\u00e9lyben fokonk\u00e9nt a legels\u0151 m\u00e9lt\u00f3s\u00e1gokra emelkedett. Adom\u00e1nyt nyert a kibujdosott Mikes Kelemen Z\u00e1gon j\u00f3sz\u00e1g\u00e1ra Orbai sz\u00e9kben, melyr\u0151l a csal\u00e1d el\u0151nev\u00e9t \u00edrja. A csal\u00e1d r\u00f3m. kath. Az eml\u00edtett Sz. Andr\u00e1s bels\u0151 titk. tan\u00e1csos. A 19. sz.-ban a csal\u00e1d jelent\u0151s szerepet t\u00f6lt\u00f6tt be az erd\u00e9lyi k\u00f6z\u00e9letben (f\u0151isp\u00e1nok, k\u00e9pvisel\u0151k). Birtokaik: Z\u00e1gon, \u00c1rkos, Kelementelke, Hossz\u00faasz\u00f3, Almaker\u00e9k, Darlac, Kisb\u00fan, V\u00e1rhegy, Vidr\u00e1tszeg. Kast\u00e9lyaik: Aranyosgy\u00e9res, \u00c1rkos, Hossz\u00faasz\u00f3, Kisb\u00fan. Lesz\u00e1rmazottak \u00e9lnek Belgiumban, Olaszo.-ban \u00e9s az AE\u00c1-ban. <br \/><strong>Irod.:<\/strong> Bicsok\u2013Orb\u00e1n; Gudenus; K\u0151v\u00e1ry; MNZS; P\u00e1lmay 2.<\/br><\/p>\n","protected":false},"excerpt":{"rendered":"<p>Fels\u0151-Magyarorsz\u00e1gb\u00f3l Szentkereszt mez\u0151v\u00e1ros\u00e1b\u00f3l Apaffy Mih\u00e1ly fejedelem idej\u00e9ben k\u00f6lt\u00f6z\u00f6tt Erd\u00e9lybe C\u00edmeres nemeslev\u00e9l: Pozsony, (1646. okt\u00f3ber 5). Az Erd\u00e9lyi b\u00e1r\u00f3i rangot (B\u00e9cs, 1726. december 23). Andr\u00e1s szerezte, aki Erd\u00e9lyben fokonk\u00e9nt a legels\u0151 m\u00e9lt\u00f3s\u00e1gokra emelkedett. Adom\u00e1nyt nyert a kibujdosott Mikes Kelemen Z\u00e1gon j\u00f3sz\u00e1g\u00e1ra Orbai sz\u00e9kben, melyr\u0151l a csal\u00e1d el\u0151nev\u00e9t \u00edrja. A csal\u00e1d r\u00f3m. kath. Az eml\u00edtett Sz. Andr\u00e1s [&hellip;]<\/p>\n","protected":false},"featured_media":0,"comment_status":"open","ping_status":"closed","template":"","meta":[],"product_brand":[],"product_cat":[137],"product_tag":[],"class_list":{"0":"post-22067","1":"product","2":"type-product","3":"status-publish","5":"product_cat-maros-megyei-eletrajzi-lexikon","7":"first","8":"instock","9":"shipping-taxable","10":"product-type-simple"},"_links":{"self":[{"href":"https:\/\/uj.adatbank.ro\/lexikon\/wp-json\/wp\/v2\/product\/22067","targetHints":{"allow":["GET"]}}],"collection":[{"href":"https:\/\/uj.adatbank.ro\/lexikon\/wp-json\/wp\/v2\/product"}],"about":[{"href":"https:\/\/uj.adatbank.ro\/lexikon\/wp-json\/wp\/v2\/types\/product"}],"replies":[{"embeddable":true,"href":"https:\/\/uj.adatbank.ro\/lexikon\/wp-json\/wp\/v2\/comments?post=22067"}],"wp:attachment":[{"href":"https:\/\/uj.adatbank.ro\/lexikon\/wp-json\/wp\/v2\/media?parent=22067"}],"wp:term":[{"taxonomy":"product_brand","embeddable":true,"href":"https:\/\/uj.adatbank.ro\/lexikon\/wp-json\/wp\/v2\/product_brand?post=22067"},{"taxonomy":"product_cat","embeddable":true,"href":"https:\/\/uj.adatbank.ro\/lexikon\/wp-json\/wp\/v2\/product_cat?post=22067"},{"taxonomy":"product_tag","embeddable":true,"href":"https:\/\/uj.adatbank.ro\/lexikon\/wp-json\/wp\/v2\/product_tag?post=22067"}],"curies":[{"name":"wp","href":"https:\/\/api.w.org\/{rel}","templated":true}]}}