{"id":22068,"date":"2025-07-22T19:47:56","date_gmt":"2025-07-22T17:47:56","guid":{"rendered":"https:\/\/uj.adatbank.ro\/lexikon\/termek\/szentkereszty-andras-zagoni-br\/"},"modified":"2025-07-22T19:47:56","modified_gmt":"2025-07-22T17:47:56","slug":"szentkereszty-andras-zagoni-br","status":"publish","type":"product","link":"https:\/\/uj.adatbank.ro\/lexikon\/termek\/szentkereszty-andras-zagoni-br\/","title":{"rendered":"SZENTKERESZTY Andr\u00e1s, z\u00e1goni, br."},"content":{"rendered":"<p>? \u2020 Nagyszeben, 1736. jan. 31: \u00fcgyv\u00e9d. \u2013 Gyermekei: Andr\u00e1s, S\u00e1muel, J\u00f3zsef, Borb\u00e1la, Julia, \u00e9s M\u00e1ria (karmelita sz\u0171z). \u2013 Erd\u00e9ly egyik els\u0151 jog\u00e1sza. Jelent\u0151s vagyonszerz\u0151 volt. Erd\u00e9lyben fokonk\u00e9nt a legels\u0151 m\u00e9lt\u00f3s\u00e1gokra emelkedett. El\u0151bb Kv.-on viselt hivatalt, majd a Kir. t\u00e1blai \u00fcgyv\u00e9d (1695), a b\u00e9csi udvari kancell\u00e1ri\u00e1n titk\u00e1r (1695), k\u00e9s\u0151bb \u00edt\u00e9l\u0151mester \u00e9s korm\u00e1nysz\u00e9ki tan\u00e1csos. Erd\u00e9lyi b\u00e1r\u00f3i rangot kapott (B\u00e9cs, 1726. dec. 23.). \u00e9s b. t.t., adom\u00e1nyt nyert a kibujdosott Mikes Kelemen Z\u00e1gon j\u00f3sz\u00e1g\u00e1ra (1727), innen \u00edrta a csal\u00e1d el\u0151nev\u00e9t. <br \/><strong>Irod.:<\/strong> Gudenus; K\u0151v\u00e1ry; MNZS, Tr\u00f3cs\u00e1nyi 1988.<\/br><\/p>\n","protected":false},"excerpt":{"rendered":"<p>? \u2020 Nagyszeben, 1736. jan. 31: \u00fcgyv\u00e9d. \u2013 Gyermekei: Andr\u00e1s, S\u00e1muel, J\u00f3zsef, Borb\u00e1la, Julia, \u00e9s M\u00e1ria (karmelita sz\u0171z). \u2013 Erd\u00e9ly egyik els\u0151 jog\u00e1sza. Jelent\u0151s vagyonszerz\u0151 volt. Erd\u00e9lyben fokonk\u00e9nt a legels\u0151 m\u00e9lt\u00f3s\u00e1gokra emelkedett. El\u0151bb Kv.-on viselt hivatalt, majd a Kir. t\u00e1blai \u00fcgyv\u00e9d (1695), a b\u00e9csi udvari kancell\u00e1ri\u00e1n titk\u00e1r (1695), k\u00e9s\u0151bb \u00edt\u00e9l\u0151mester \u00e9s korm\u00e1nysz\u00e9ki tan\u00e1csos. Erd\u00e9lyi b\u00e1r\u00f3i [&hellip;]<\/p>\n","protected":false},"featured_media":0,"comment_status":"open","ping_status":"closed","template":"","meta":[],"product_brand":[],"product_cat":[137],"product_tag":[],"class_list":{"0":"post-22068","1":"product","2":"type-product","3":"status-publish","5":"product_cat-maros-megyei-eletrajzi-lexikon","7":"first","8":"instock","9":"shipping-taxable","10":"product-type-simple"},"_links":{"self":[{"href":"https:\/\/uj.adatbank.ro\/lexikon\/wp-json\/wp\/v2\/product\/22068","targetHints":{"allow":["GET"]}}],"collection":[{"href":"https:\/\/uj.adatbank.ro\/lexikon\/wp-json\/wp\/v2\/product"}],"about":[{"href":"https:\/\/uj.adatbank.ro\/lexikon\/wp-json\/wp\/v2\/types\/product"}],"replies":[{"embeddable":true,"href":"https:\/\/uj.adatbank.ro\/lexikon\/wp-json\/wp\/v2\/comments?post=22068"}],"wp:attachment":[{"href":"https:\/\/uj.adatbank.ro\/lexikon\/wp-json\/wp\/v2\/media?parent=22068"}],"wp:term":[{"taxonomy":"product_brand","embeddable":true,"href":"https:\/\/uj.adatbank.ro\/lexikon\/wp-json\/wp\/v2\/product_brand?post=22068"},{"taxonomy":"product_cat","embeddable":true,"href":"https:\/\/uj.adatbank.ro\/lexikon\/wp-json\/wp\/v2\/product_cat?post=22068"},{"taxonomy":"product_tag","embeddable":true,"href":"https:\/\/uj.adatbank.ro\/lexikon\/wp-json\/wp\/v2\/product_tag?post=22068"}],"curies":[{"name":"wp","href":"https:\/\/api.w.org\/{rel}","templated":true}]}}