{"id":22070,"date":"2025-07-22T19:47:59","date_gmt":"2025-07-22T17:47:59","guid":{"rendered":"https:\/\/uj.adatbank.ro\/lexikon\/termek\/szentkereszty-anna-zagoni-br-szekely-janosne\/"},"modified":"2025-07-22T19:47:59","modified_gmt":"2025-07-22T17:47:59","slug":"szentkereszty-anna-zagoni-br-szekely-janosne","status":"publish","type":"product","link":"https:\/\/uj.adatbank.ro\/lexikon\/termek\/szentkereszty-anna-zagoni-br-szekely-janosne\/","title":{"rendered":"SZENTKERESZTY Anna, z\u00e1goni br., Sz\u00e9kely J\u00e1nosn\u00e9"},"content":{"rendered":"<p>\u00c1rkos, 1852. szept. 25, \u2020?: f\u00f6ldbirtokos. \u2013 Zsigmond (1817\u20131891) \u00e9s gr. Haller Anna l\u00e1nya. F\u00e9rje kily\u00e9ni \u00e9s liszny\u00f3i Sz\u00e9kely J\u00e1nos (1857-Kily\u00e9n, 1883. m\u00e1rc. 28). Esk\u00fcv\u0151 1882. szept. Birtoka Vidr\u00e1tszeg. <br \/><strong>Irod.:<\/strong> MNZSK; P\u00e1lmay 2.<\/br><\/p>\n","protected":false},"excerpt":{"rendered":"<p>\u00c1rkos, 1852. szept. 25, \u2020?: f\u00f6ldbirtokos. \u2013 Zsigmond (1817\u20131891) \u00e9s gr. Haller Anna l\u00e1nya. F\u00e9rje kily\u00e9ni \u00e9s liszny\u00f3i Sz\u00e9kely J\u00e1nos (1857-Kily\u00e9n, 1883. m\u00e1rc. 28). Esk\u00fcv\u0151 1882. szept. Birtoka Vidr\u00e1tszeg. Irod.: MNZSK; P\u00e1lmay 2.<\/p>\n","protected":false},"featured_media":0,"comment_status":"open","ping_status":"closed","template":"","meta":[],"product_brand":[],"product_cat":[137],"product_tag":[],"class_list":{"0":"post-22070","1":"product","2":"type-product","3":"status-publish","5":"product_cat-maros-megyei-eletrajzi-lexikon","7":"first","8":"instock","9":"shipping-taxable","10":"product-type-simple"},"_links":{"self":[{"href":"https:\/\/uj.adatbank.ro\/lexikon\/wp-json\/wp\/v2\/product\/22070","targetHints":{"allow":["GET"]}}],"collection":[{"href":"https:\/\/uj.adatbank.ro\/lexikon\/wp-json\/wp\/v2\/product"}],"about":[{"href":"https:\/\/uj.adatbank.ro\/lexikon\/wp-json\/wp\/v2\/types\/product"}],"replies":[{"embeddable":true,"href":"https:\/\/uj.adatbank.ro\/lexikon\/wp-json\/wp\/v2\/comments?post=22070"}],"wp:attachment":[{"href":"https:\/\/uj.adatbank.ro\/lexikon\/wp-json\/wp\/v2\/media?parent=22070"}],"wp:term":[{"taxonomy":"product_brand","embeddable":true,"href":"https:\/\/uj.adatbank.ro\/lexikon\/wp-json\/wp\/v2\/product_brand?post=22070"},{"taxonomy":"product_cat","embeddable":true,"href":"https:\/\/uj.adatbank.ro\/lexikon\/wp-json\/wp\/v2\/product_cat?post=22070"},{"taxonomy":"product_tag","embeddable":true,"href":"https:\/\/uj.adatbank.ro\/lexikon\/wp-json\/wp\/v2\/product_tag?post=22070"}],"curies":[{"name":"wp","href":"https:\/\/api.w.org\/{rel}","templated":true}]}}