{"id":22074,"date":"2025-07-22T19:48:06","date_gmt":"2025-07-22T17:48:06","guid":{"rendered":"https:\/\/uj.adatbank.ro\/lexikon\/termek\/szentkereszty-pal-zagoni-br\/"},"modified":"2025-07-22T19:48:06","modified_gmt":"2025-07-22T17:48:06","slug":"szentkereszty-pal-zagoni-br","status":"publish","type":"product","link":"https:\/\/uj.adatbank.ro\/lexikon\/termek\/szentkereszty-pal-zagoni-br\/","title":{"rendered":"SZENTKERESZTY P\u00e1l, z\u00e1goni br."},"content":{"rendered":"<p>Kv., 1857. \u00e1pr. 16. \u2020 Erzs\u00e9betv\u00e1ros, 1914. \u00e1pr. 13.: andr\u00e1sfalvi \u00e9s kisb\u00fani birtokos, honv\u00e9dhusz\u00e1rhadnagy. \u2013 Zsigmond (1817\u20131891) \u00e9s Haller Anna fia. Feles\u00e9ge \u00e1br\u00e1nfalvi Ugron Ilona. Fia P\u00e1l (1893\u20131951). Sz\u00fcleit\u0151l \u00f6r\u00f6k\u00f6lte a kisb\u00fani birtokokt \u00e9s kast\u00e9lyt, amelyet Szenkereszty Zsigmond \u00e9s hallerk\u0151i gr. Haller Anna v\u00e1s\u00e1roltak bethleni Bethlen S\u00e1ndor (1777\u20131863) \u00f6r\u00f6k\u00f6seit\u0151l. A sz\u00e9kelys\u00e9get ment\u0151 k\u00eds\u00e9rleteket tett B\u00fan-ban. Az \u00e1llam birtokokat v\u00e1s\u00e1rolt t\u0151le Kisb\u00fan k\u00f6zs\u00e9gben (1900\u201305), azzal a c\u00e9llal, hogy az orsz\u00e1gb\u00f3l elsz\u00e1rmazott sz\u00e9kelyek visszatelep\u00fclhessenek. Hal\u00e1la ut\u00e1n Kisb\u00fan a m. \u00e1llam, majd Trianon ut\u00e1n a rom\u00e1n \u00e1llam tulajdon\u00e1ba ment \u00e1t. <br \/><strong>Irod.:<\/strong> Bicsok\u2013Orb\u00e1n; Gudenus; P\u00e1lmay 2; Sebess D\u00e9nes: A sz\u00e9kelys\u00e9g pusztul\u00e1sa (Mv., 1902); Szekeres Ad\u00e9l: A marosludasi Bels\u0151-telep r\u00f6vid t\u00f6rt\u00e9nete (N\u00fa., 1998. jan. 13.).<\/br><\/p>\n","protected":false},"excerpt":{"rendered":"<p>Kv., 1857. \u00e1pr. 16. \u2020 Erzs\u00e9betv\u00e1ros, 1914. \u00e1pr. 13.: andr\u00e1sfalvi \u00e9s kisb\u00fani birtokos, honv\u00e9dhusz\u00e1rhadnagy. \u2013 Zsigmond (1817\u20131891) \u00e9s Haller Anna fia. Feles\u00e9ge \u00e1br\u00e1nfalvi Ugron Ilona. Fia P\u00e1l (1893\u20131951). Sz\u00fcleit\u0151l \u00f6r\u00f6k\u00f6lte a kisb\u00fani birtokokt \u00e9s kast\u00e9lyt, amelyet Szenkereszty Zsigmond \u00e9s hallerk\u0151i gr. Haller Anna v\u00e1s\u00e1roltak bethleni Bethlen S\u00e1ndor (1777\u20131863) \u00f6r\u00f6k\u00f6seit\u0151l. A sz\u00e9kelys\u00e9get ment\u0151 k\u00eds\u00e9rleteket tett B\u00fan-ban. [&hellip;]<\/p>\n","protected":false},"featured_media":0,"comment_status":"open","ping_status":"closed","template":"","meta":[],"product_brand":[],"product_cat":[137],"product_tag":[],"class_list":{"0":"post-22074","1":"product","2":"type-product","3":"status-publish","5":"product_cat-maros-megyei-eletrajzi-lexikon","7":"first","8":"instock","9":"shipping-taxable","10":"product-type-simple"},"_links":{"self":[{"href":"https:\/\/uj.adatbank.ro\/lexikon\/wp-json\/wp\/v2\/product\/22074","targetHints":{"allow":["GET"]}}],"collection":[{"href":"https:\/\/uj.adatbank.ro\/lexikon\/wp-json\/wp\/v2\/product"}],"about":[{"href":"https:\/\/uj.adatbank.ro\/lexikon\/wp-json\/wp\/v2\/types\/product"}],"replies":[{"embeddable":true,"href":"https:\/\/uj.adatbank.ro\/lexikon\/wp-json\/wp\/v2\/comments?post=22074"}],"wp:attachment":[{"href":"https:\/\/uj.adatbank.ro\/lexikon\/wp-json\/wp\/v2\/media?parent=22074"}],"wp:term":[{"taxonomy":"product_brand","embeddable":true,"href":"https:\/\/uj.adatbank.ro\/lexikon\/wp-json\/wp\/v2\/product_brand?post=22074"},{"taxonomy":"product_cat","embeddable":true,"href":"https:\/\/uj.adatbank.ro\/lexikon\/wp-json\/wp\/v2\/product_cat?post=22074"},{"taxonomy":"product_tag","embeddable":true,"href":"https:\/\/uj.adatbank.ro\/lexikon\/wp-json\/wp\/v2\/product_tag?post=22074"}],"curies":[{"name":"wp","href":"https:\/\/api.w.org\/{rel}","templated":true}]}}