{"id":22076,"date":"2025-07-22T19:48:09","date_gmt":"2025-07-22T17:48:09","guid":{"rendered":"https:\/\/uj.adatbank.ro\/lexikon\/termek\/szentkereszty-samuel-zagoni-br\/"},"modified":"2025-07-22T19:48:09","modified_gmt":"2025-07-22T17:48:09","slug":"szentkereszty-samuel-zagoni-br","status":"publish","type":"product","link":"https:\/\/uj.adatbank.ro\/lexikon\/termek\/szentkereszty-samuel-zagoni-br\/","title":{"rendered":"SZENTKERESZTY S\u00e1muel, z\u00e1goni br."},"content":{"rendered":"<p>? \u2020\u00a01819: ezredes. \u2013 S\u00e1muel ezredes \u00e9s vargyasi Daniel Zsuzsa fia. Feles\u00e9ge br. Nal\u00e1czy Zsuzsa. Gyermekei: Borb\u00e1la-S\u00e1ndor L\u00e1szl\u00f3n\u00e9, Zsuzsa-Petrichevich-Horv\u00e1th Albertn\u00e9. Feles\u00e9ge tulajdona volt a backamadarasi Nal\u00e1czy udvarh\u00e1z \u00e9s birtok. <br \/><strong>Irod.:<\/strong> Bicsok\u2013Orb\u00e1n; Keresztes 1995; K\u0151v\u00e1ry, P\u00e1lmay 2.<\/br><\/p>\n","protected":false},"excerpt":{"rendered":"<p>? \u2020\u00a01819: ezredes. \u2013 S\u00e1muel ezredes \u00e9s vargyasi Daniel Zsuzsa fia. Feles\u00e9ge br. Nal\u00e1czy Zsuzsa. Gyermekei: Borb\u00e1la-S\u00e1ndor L\u00e1szl\u00f3n\u00e9, Zsuzsa-Petrichevich-Horv\u00e1th Albertn\u00e9. Feles\u00e9ge tulajdona volt a backamadarasi Nal\u00e1czy udvarh\u00e1z \u00e9s birtok. Irod.: Bicsok\u2013Orb\u00e1n; Keresztes 1995; K\u0151v\u00e1ry, P\u00e1lmay 2.<\/p>\n","protected":false},"featured_media":0,"comment_status":"open","ping_status":"closed","template":"","meta":[],"product_brand":[],"product_cat":[137],"product_tag":[],"class_list":{"0":"post-22076","1":"product","2":"type-product","3":"status-publish","5":"product_cat-maros-megyei-eletrajzi-lexikon","7":"first","8":"instock","9":"shipping-taxable","10":"product-type-simple"},"_links":{"self":[{"href":"https:\/\/uj.adatbank.ro\/lexikon\/wp-json\/wp\/v2\/product\/22076","targetHints":{"allow":["GET"]}}],"collection":[{"href":"https:\/\/uj.adatbank.ro\/lexikon\/wp-json\/wp\/v2\/product"}],"about":[{"href":"https:\/\/uj.adatbank.ro\/lexikon\/wp-json\/wp\/v2\/types\/product"}],"replies":[{"embeddable":true,"href":"https:\/\/uj.adatbank.ro\/lexikon\/wp-json\/wp\/v2\/comments?post=22076"}],"wp:attachment":[{"href":"https:\/\/uj.adatbank.ro\/lexikon\/wp-json\/wp\/v2\/media?parent=22076"}],"wp:term":[{"taxonomy":"product_brand","embeddable":true,"href":"https:\/\/uj.adatbank.ro\/lexikon\/wp-json\/wp\/v2\/product_brand?post=22076"},{"taxonomy":"product_cat","embeddable":true,"href":"https:\/\/uj.adatbank.ro\/lexikon\/wp-json\/wp\/v2\/product_cat?post=22076"},{"taxonomy":"product_tag","embeddable":true,"href":"https:\/\/uj.adatbank.ro\/lexikon\/wp-json\/wp\/v2\/product_tag?post=22076"}],"curies":[{"name":"wp","href":"https:\/\/api.w.org\/{rel}","templated":true}]}}