{"id":22079,"date":"2025-07-22T19:48:16","date_gmt":"2025-07-22T17:48:16","guid":{"rendered":"https:\/\/uj.adatbank.ro\/lexikon\/termek\/szentkereszty-zsigmond-zagoni-br-ifj\/"},"modified":"2025-07-22T19:48:16","modified_gmt":"2025-07-22T17:48:16","slug":"szentkereszty-zsigmond-zagoni-br-ifj","status":"publish","type":"product","link":"https:\/\/uj.adatbank.ro\/lexikon\/termek\/szentkereszty-zsigmond-zagoni-br-ifj\/","title":{"rendered":"SZENTKERESZTY Zsigmond, z\u00e1goni, br., ifj."},"content":{"rendered":"<p>1850, \u2020?: f\u00f6ldbirtokos, jog\u00e1sz, t\u00e1blab\u00edr\u00f3. \u2013 Istv\u00e1n (1816\u20131879) \u00e9s vargyasi Daniel Anna fia. Feles\u00e9ge cs\u00edkszentmih\u00e1lyi S\u00e1ndor Erzs\u00e9bet. \u2013 A kir. t\u00e1bla b\u00edr\u00f3ja Mv.-en. A Sz\u00ednh\u00e1z\u00e9p\u00edt\u00e9si Alap l\u00e9tes\u00edt\u00e9s\u00e9nek kezdem\u00e9nyez\u0151je. A Sz\u00ednp\u00e1rtol\u00f3 Egylet aleln\u00f6ke, az \u00fajj\u00e1alakult Sz\u00ednp\u00e1rtol\u00f3 Egyes\u00fclet aleln\u00f6ke (1884), \u00e9s nagyobb alap\u00edtv\u00e1nyi \u00f6sszeget adom\u00e1nyozott (200 forintot) a tervezett k\u0151sz\u00ednh\u00e1z meg\u00e9p\u00edt\u00e9s\u00e9re. Kezdem\u00e9nyezte \u00e9s megalap\u00edtotta a Mv.-i Torna Egyletet, majd ut\u00f3dj\u00e1t a Park Egyletet (1884), \u0151k m\u0171k\u00f6dtett\u00e9k a tornakertet, a h\u00e1rom teniszp\u00e1ly\u00e1t, sportp\u00e1ly\u00e1t \u00e9s a tekeh\u00e1zat. K\u00fcl\u00f6n\u00f6sen a torna, v\u00edv\u00e1s, kugliz\u00e1s, c\u00e9ll\u00f6v\u00e9s, labda- \u00e9s abroncsj\u00e1t\u00e9kokat t\u00e1mogatta. Az egyes\u00fclet eln\u00f6ke volt (1885\u2013). Kir.-i \u00edt\u00e9l\u0151t\u00e1blai b\u00edr\u00f3 \u00e9s a mv.-i r. k. f\u0151gimn. f\u0151gondnoka (1886\u201392). Mv.-i virilista (1888). Kinevezt\u00e9k a kv.-i kir. t\u00f6rv\u00e9nysz\u00e9k eln\u00f6k\u00e9v\u00e9 (1889), lemondott a Sz\u00ednp\u00e1rtol\u00f3 Egylet aleln\u00f6ks\u00e9g\u00e9r\u0151l, de \u00f6r\u00f6k\u00f6s d\u00edszeln\u00f6kk\u00e9 v\u00e1lasztott\u00e1k meg. (1891. szept.). <br \/><strong>Irod.:<\/strong> Id\u0151t\u00e1r 2; Kusz\u00e1lik\u2013Zal\u00e1nyi; MNZS; P\u00e1l-Antal 2013; P\u00e1l-Antal S\u00e1ndor: A gymn\u00e1zium catholicumt\u00f3l a f\u0151gimn\u00e1ziumig = Eml\u00e9kk. Szab\u00f3 Mikl\u00f3s; Sikl\u00f3sy.<\/br><\/p>\n","protected":false},"excerpt":{"rendered":"<p>1850, \u2020?: f\u00f6ldbirtokos, jog\u00e1sz, t\u00e1blab\u00edr\u00f3. \u2013 Istv\u00e1n (1816\u20131879) \u00e9s vargyasi Daniel Anna fia. Feles\u00e9ge cs\u00edkszentmih\u00e1lyi S\u00e1ndor Erzs\u00e9bet. \u2013 A kir. t\u00e1bla b\u00edr\u00f3ja Mv.-en. A Sz\u00ednh\u00e1z\u00e9p\u00edt\u00e9si Alap l\u00e9tes\u00edt\u00e9s\u00e9nek kezdem\u00e9nyez\u0151je. A Sz\u00ednp\u00e1rtol\u00f3 Egylet aleln\u00f6ke, az \u00fajj\u00e1alakult Sz\u00ednp\u00e1rtol\u00f3 Egyes\u00fclet aleln\u00f6ke (1884), \u00e9s nagyobb alap\u00edtv\u00e1nyi \u00f6sszeget adom\u00e1nyozott (200 forintot) a tervezett k\u0151sz\u00ednh\u00e1z meg\u00e9p\u00edt\u00e9s\u00e9re. Kezdem\u00e9nyezte \u00e9s megalap\u00edtotta a Mv.-i Torna [&hellip;]<\/p>\n","protected":false},"featured_media":0,"comment_status":"open","ping_status":"closed","template":"","meta":[],"product_brand":[],"product_cat":[137],"product_tag":[],"class_list":{"0":"post-22079","1":"product","2":"type-product","3":"status-publish","5":"product_cat-maros-megyei-eletrajzi-lexikon","7":"first","8":"instock","9":"shipping-taxable","10":"product-type-simple"},"_links":{"self":[{"href":"https:\/\/uj.adatbank.ro\/lexikon\/wp-json\/wp\/v2\/product\/22079","targetHints":{"allow":["GET"]}}],"collection":[{"href":"https:\/\/uj.adatbank.ro\/lexikon\/wp-json\/wp\/v2\/product"}],"about":[{"href":"https:\/\/uj.adatbank.ro\/lexikon\/wp-json\/wp\/v2\/types\/product"}],"replies":[{"embeddable":true,"href":"https:\/\/uj.adatbank.ro\/lexikon\/wp-json\/wp\/v2\/comments?post=22079"}],"wp:attachment":[{"href":"https:\/\/uj.adatbank.ro\/lexikon\/wp-json\/wp\/v2\/media?parent=22079"}],"wp:term":[{"taxonomy":"product_brand","embeddable":true,"href":"https:\/\/uj.adatbank.ro\/lexikon\/wp-json\/wp\/v2\/product_brand?post=22079"},{"taxonomy":"product_cat","embeddable":true,"href":"https:\/\/uj.adatbank.ro\/lexikon\/wp-json\/wp\/v2\/product_cat?post=22079"},{"taxonomy":"product_tag","embeddable":true,"href":"https:\/\/uj.adatbank.ro\/lexikon\/wp-json\/wp\/v2\/product_tag?post=22079"}],"curies":[{"name":"wp","href":"https:\/\/api.w.org\/{rel}","templated":true}]}}