{"id":2208,"date":"2025-06-28T12:07:00","date_gmt":"2025-06-28T10:07:00","guid":{"rendered":"https:\/\/uj.adatbank.ro\/lexikon\/termek\/banffy-miklos-losonczi-br-gr\/"},"modified":"2025-06-28T12:07:00","modified_gmt":"2025-06-28T10:07:00","slug":"banffy-miklos-losonczi-br-gr","status":"publish","type":"product","link":"https:\/\/uj.adatbank.ro\/lexikon\/termek\/banffy-miklos-losonczi-br-gr\/","title":{"rendered":"B\u00c1NFFY Mikl\u00f3s, losonczi br., gr."},"content":{"rendered":"<p>Mv., 1801. dec. 28., \u2020\u00a0Bp., 1894. dec. 17. Kv.-on a H\u00e1zsong\u00e1rdi temet\u0151ben az ikt\u00e1ri Bethlen kript\u00e1ban nyugszik: cs. k. kamar\u00e1s, f\u0151isp\u00e1n. \u2013 B. P\u00e1l (1762\u20131828) \u00e9s felcsuthi G\u00e1nyi Erzs\u00e9bet (1766\u20131831) fia. Feles\u00e9ge: 1. hadadi br. Wessel\u00e9nyi Katalin (1805\u20131885). Esk\u00fcv\u0151 1824. m\u00e1j. 1.; t\u00f6rv\u00e9nyesen elv\u00e1ltak, 1835), gyermek\u00fck: B\u00e1nffy B\u00e9la (1831\u20131888); 2. ikt\u00e1ri gr. Bethlen Katalin (Kv., 1814. m\u00e1rc. 12. \u2013 Bp., 1871. febr. 24.), G\u00f6ncruszkai gr. Kornis Mih\u00e1ly (1796\u20131835.) \u00f6zvegye. (Esk\u00fcv\u0151: Kv., 1840). Gyermekeik: Erzs\u00e9bet (1841\u20131913), Gy\u00f6rgy (1843\u20131929). \u2013 Mv.-en v\u00e9gezte a Ref. Koll.-ot. Az Erd\u00e9lyi Kir\u00e1lyi T\u00e1bla \u00fcln\u00f6ke, Als\u00f3-Feh\u00e9r vm. f\u0151isp\u00e1nja (1838\u201348), az erd\u00e9lyi Ref. Egyh\u00e1z f\u0151gondnoka. A szabds\u00e1gharc lever\u00e9se ut\u00e1n B\u00e9csben \u00e9lt, majd birtokain gazd\u00e1lkodott. Megkapta a v. b. t. t. c\u00edmet (1852). Osztr\u00e1k (1855. m\u00e1j. 20.), majd m. (1880) gr\u00f3fi rangot kapott. Cs. \u00e9s kir. kamarass\u00e1 nevezt\u00e9k ki, megkapta a Lip\u00f3t-rend kis- \u00e9s nagykeresztj\u00e9t, a f\u0151poh\u00e1rnokmesteri c\u00edmet (1882. aug. 10.). Ez\u00e1ltal a f\u0151rendih\u00e1z \u00f6r\u00f6k\u00f6s tagja lett. Birtokai: B\u00e1nffyhunyad, Bonchida, Nagycz\u00e9g stb. Kolozsmegy\u00e9ben. Feles\u00e9ge B. K. H\u00e9derf\u00e1j\u00e1n birtokos. B\u0151kez\u0171en t\u00e1mogatta az unit. egyh\u00e1zat, de birtokain a t\u00f6bbi egyh\u00e1zat is. Gondoskodott a kopp\u00e1ndi gyermekek iskol\u00e1zatat\u00e1s\u00e1r\u00f3l. <strong>F. m.:<\/strong> Sz\u00e9kely Bertalanr\u00f3l-szem\u00e9lyes eml\u00e9kek = Erd\u00e9lyi csillagok 1942 ; <br \/><strong>Irod.:<\/strong> B. M. \u00e9s \u0151seinek nyughelye a H\u00e1zsong\u00e1rdi temet\u0151ben = Ga\u00e1l: Kv. vonz\u00e1s\u00e1ban; Bir\u00f3 J\u00f3zsef. A bonchidai B\u00e1nffy-kast\u00e9ly csal\u00e1di arck\u00e9pei = Lyka eml\u00e9kk.; Egyed \u00c1. 2013; Erd\u00e9lyi csillagok 1942; F\u00e9ja; Gudenus; Halotti besz\u00e9dek; H\u00e1zsong\u00e1rd; Helikon 1924\u20131944; Kelemen Lajos 2006; Kempelen; K\u0151v\u00e1ry L\u00e1szl\u00f3 1899; Losonczi gr\u00f3f B\u00e1nffi Mikl\u00f3sn\u00e9 sz\u00fcletett ikt\u00e1ri gr\u00f3f Bethlen Kata gy\u00e1szeml\u00e9ke (Kv., 1871); Barab\u00e1s Mikl\u00f3s: Portr\u00e9i = Lyka K\u00e1roly eml\u00e9kk\u00f6nyv (Bp., 1944); Korunk; Marosi-Helikon; MNZSK; Mo. f\u0151isp\u00e1njai; Nagy Iv\u00e1n; Nagy P\u00e1l: Erd\u00e9lyi, magyar, eur\u00f3pai = Nagy P\u00e1l: Visszan\u00e9z\u0151; P\u00e1lffy; \u00daj orsz\u00e1ggy\u0171l\u00e9si almanach 1887\u201392 (Bp., 1888); \u00dcnnepi k\u00f6nyv; Veress Endre: A g\u00f6nczruszkai gr\u00f3f Kornis csal\u00e1d anyak\u00f6nyve (Bp., 1917); Egy erd\u00e9lyi gr\u00f3f eml\u00e9kiratai (Bp., 2013)<\/br><\/p>\n","protected":false},"excerpt":{"rendered":"<p>Mv., 1801. dec. 28., \u2020\u00a0Bp., 1894. dec. 17. Kv.-on a H\u00e1zsong\u00e1rdi temet\u0151ben az ikt\u00e1ri Bethlen kript\u00e1ban nyugszik: cs. k. kamar\u00e1s, f\u0151isp\u00e1n. \u2013 B. P\u00e1l (1762\u20131828) \u00e9s felcsuthi G\u00e1nyi Erzs\u00e9bet (1766\u20131831) fia. Feles\u00e9ge: 1. hadadi br. Wessel\u00e9nyi Katalin (1805\u20131885). Esk\u00fcv\u0151 1824. m\u00e1j. 1.; t\u00f6rv\u00e9nyesen elv\u00e1ltak, 1835), gyermek\u00fck: B\u00e1nffy B\u00e9la (1831\u20131888); 2. ikt\u00e1ri gr. Bethlen Katalin (Kv., [&hellip;]<\/p>\n","protected":false},"featured_media":0,"comment_status":"open","ping_status":"closed","template":"","meta":[],"product_brand":[],"product_cat":[137],"product_tag":[],"class_list":{"0":"post-2208","1":"product","2":"type-product","3":"status-publish","5":"product_cat-maros-megyei-eletrajzi-lexikon","7":"first","8":"instock","9":"shipping-taxable","10":"product-type-simple"},"_links":{"self":[{"href":"https:\/\/uj.adatbank.ro\/lexikon\/wp-json\/wp\/v2\/product\/2208","targetHints":{"allow":["GET"]}}],"collection":[{"href":"https:\/\/uj.adatbank.ro\/lexikon\/wp-json\/wp\/v2\/product"}],"about":[{"href":"https:\/\/uj.adatbank.ro\/lexikon\/wp-json\/wp\/v2\/types\/product"}],"replies":[{"embeddable":true,"href":"https:\/\/uj.adatbank.ro\/lexikon\/wp-json\/wp\/v2\/comments?post=2208"}],"wp:attachment":[{"href":"https:\/\/uj.adatbank.ro\/lexikon\/wp-json\/wp\/v2\/media?parent=2208"}],"wp:term":[{"taxonomy":"product_brand","embeddable":true,"href":"https:\/\/uj.adatbank.ro\/lexikon\/wp-json\/wp\/v2\/product_brand?post=2208"},{"taxonomy":"product_cat","embeddable":true,"href":"https:\/\/uj.adatbank.ro\/lexikon\/wp-json\/wp\/v2\/product_cat?post=2208"},{"taxonomy":"product_tag","embeddable":true,"href":"https:\/\/uj.adatbank.ro\/lexikon\/wp-json\/wp\/v2\/product_tag?post=2208"}],"curies":[{"name":"wp","href":"https:\/\/api.w.org\/{rel}","templated":true}]}}