{"id":22080,"date":"2025-07-22T19:48:17","date_gmt":"2025-07-22T17:48:17","guid":{"rendered":"https:\/\/uj.adatbank.ro\/lexikon\/termek\/szentkereszty-zsigmond-zagoni-br-2\/"},"modified":"2025-07-22T19:48:17","modified_gmt":"2025-07-22T17:48:17","slug":"szentkereszty-zsigmond-zagoni-br-2","status":"publish","type":"product","link":"https:\/\/uj.adatbank.ro\/lexikon\/termek\/szentkereszty-zsigmond-zagoni-br-2\/","title":{"rendered":"SZENTKERESZTY Zsigmond, z\u00e1goni, br."},"content":{"rendered":"<p>Mv., 1888. febr. 28. \u2020 Bp., 1925. aug. 29.: m. kir. bel\u00fcgyminiszt\u00e9riumi seg\u00e9dtitk\u00e1r. <br \/><strong>Irod.:<\/strong> Gudenus.<\/br><\/p>\n","protected":false},"excerpt":{"rendered":"<p>Mv., 1888. febr. 28. \u2020 Bp., 1925. aug. 29.: m. kir. bel\u00fcgyminiszt\u00e9riumi seg\u00e9dtitk\u00e1r. Irod.: Gudenus.<\/p>\n","protected":false},"featured_media":0,"comment_status":"open","ping_status":"closed","template":"","meta":[],"product_brand":[],"product_cat":[137],"product_tag":[],"class_list":{"0":"post-22080","1":"product","2":"type-product","3":"status-publish","5":"product_cat-maros-megyei-eletrajzi-lexikon","7":"first","8":"instock","9":"shipping-taxable","10":"product-type-simple"},"_links":{"self":[{"href":"https:\/\/uj.adatbank.ro\/lexikon\/wp-json\/wp\/v2\/product\/22080","targetHints":{"allow":["GET"]}}],"collection":[{"href":"https:\/\/uj.adatbank.ro\/lexikon\/wp-json\/wp\/v2\/product"}],"about":[{"href":"https:\/\/uj.adatbank.ro\/lexikon\/wp-json\/wp\/v2\/types\/product"}],"replies":[{"embeddable":true,"href":"https:\/\/uj.adatbank.ro\/lexikon\/wp-json\/wp\/v2\/comments?post=22080"}],"wp:attachment":[{"href":"https:\/\/uj.adatbank.ro\/lexikon\/wp-json\/wp\/v2\/media?parent=22080"}],"wp:term":[{"taxonomy":"product_brand","embeddable":true,"href":"https:\/\/uj.adatbank.ro\/lexikon\/wp-json\/wp\/v2\/product_brand?post=22080"},{"taxonomy":"product_cat","embeddable":true,"href":"https:\/\/uj.adatbank.ro\/lexikon\/wp-json\/wp\/v2\/product_cat?post=22080"},{"taxonomy":"product_tag","embeddable":true,"href":"https:\/\/uj.adatbank.ro\/lexikon\/wp-json\/wp\/v2\/product_tag?post=22080"}],"curies":[{"name":"wp","href":"https:\/\/api.w.org\/{rel}","templated":true}]}}