{"id":22081,"date":"2025-07-22T19:48:18","date_gmt":"2025-07-22T17:48:18","guid":{"rendered":"https:\/\/uj.adatbank.ro\/lexikon\/termek\/szentkereszty-zsuzsanna-zagoni-br-petrichevich-horvath-albertne\/"},"modified":"2025-07-22T19:48:18","modified_gmt":"2025-07-22T17:48:18","slug":"szentkereszty-zsuzsanna-zagoni-br-petrichevich-horvath-albertne","status":"publish","type":"product","link":"https:\/\/uj.adatbank.ro\/lexikon\/termek\/szentkereszty-zsuzsanna-zagoni-br-petrichevich-horvath-albertne\/","title":{"rendered":"SZENTKERESZTY Zsuzsanna, z\u00e1goni, br.; Petrichevich-Horv\u00e1th Albertn\u00e9"},"content":{"rendered":"<p>Z\u00e1gon, 1807. dec. 7., \u2020 Backamadaras, 1872. dec. 12.: birtokos. \u2013 S\u00e1muel \u00e9s Nal\u00e1czy Zsuzsanna l\u00e1nya. F\u00e9rje sz\u00e9plaki br. Petrichevich Horv\u00e1th Albert Marossz\u00e9k f\u0151kir\u00e1lyb\u00edr\u00f3ja (esk. 1826. jan. 6.). 8 gyermeke k\u00f6z\u00fcl \u00f6ten \u00e9rt\u00e9k meg a feln\u0151ttkort. Anyj\u00e1t\u00f3l \u00f6r\u00f6k\u00f6lte a backamadarasi birtokot, f\u00e9rje \u00e9p\u00edttette a kast\u00e9lyt ami ma is \u00e1ll. <br \/><strong>Irod.:<\/strong> Bicsok\u2013Orb\u00e1n; Gudenus; Keresztes (1995); P\u00e1lmay 2.<\/br><\/p>\n","protected":false},"excerpt":{"rendered":"<p>Z\u00e1gon, 1807. dec. 7., \u2020 Backamadaras, 1872. dec. 12.: birtokos. \u2013 S\u00e1muel \u00e9s Nal\u00e1czy Zsuzsanna l\u00e1nya. F\u00e9rje sz\u00e9plaki br. Petrichevich Horv\u00e1th Albert Marossz\u00e9k f\u0151kir\u00e1lyb\u00edr\u00f3ja (esk. 1826. jan. 6.). 8 gyermeke k\u00f6z\u00fcl \u00f6ten \u00e9rt\u00e9k meg a feln\u0151ttkort. Anyj\u00e1t\u00f3l \u00f6r\u00f6k\u00f6lte a backamadarasi birtokot, f\u00e9rje \u00e9p\u00edttette a kast\u00e9lyt ami ma is \u00e1ll. Irod.: Bicsok\u2013Orb\u00e1n; Gudenus; Keresztes (1995); P\u00e1lmay [&hellip;]<\/p>\n","protected":false},"featured_media":0,"comment_status":"open","ping_status":"closed","template":"","meta":[],"product_brand":[],"product_cat":[137],"product_tag":[],"class_list":{"0":"post-22081","1":"product","2":"type-product","3":"status-publish","5":"product_cat-maros-megyei-eletrajzi-lexikon","7":"first","8":"instock","9":"shipping-taxable","10":"product-type-simple"},"_links":{"self":[{"href":"https:\/\/uj.adatbank.ro\/lexikon\/wp-json\/wp\/v2\/product\/22081","targetHints":{"allow":["GET"]}}],"collection":[{"href":"https:\/\/uj.adatbank.ro\/lexikon\/wp-json\/wp\/v2\/product"}],"about":[{"href":"https:\/\/uj.adatbank.ro\/lexikon\/wp-json\/wp\/v2\/types\/product"}],"replies":[{"embeddable":true,"href":"https:\/\/uj.adatbank.ro\/lexikon\/wp-json\/wp\/v2\/comments?post=22081"}],"wp:attachment":[{"href":"https:\/\/uj.adatbank.ro\/lexikon\/wp-json\/wp\/v2\/media?parent=22081"}],"wp:term":[{"taxonomy":"product_brand","embeddable":true,"href":"https:\/\/uj.adatbank.ro\/lexikon\/wp-json\/wp\/v2\/product_brand?post=22081"},{"taxonomy":"product_cat","embeddable":true,"href":"https:\/\/uj.adatbank.ro\/lexikon\/wp-json\/wp\/v2\/product_cat?post=22081"},{"taxonomy":"product_tag","embeddable":true,"href":"https:\/\/uj.adatbank.ro\/lexikon\/wp-json\/wp\/v2\/product_tag?post=22081"}],"curies":[{"name":"wp","href":"https:\/\/api.w.org\/{rel}","templated":true}]}}