{"id":22083,"date":"2025-07-22T19:48:22","date_gmt":"2025-07-22T17:48:22","guid":{"rendered":"https:\/\/uj.adatbank.ro\/lexikon\/termek\/szentkiralyi-kissarosi-csalad\/"},"modified":"2025-07-22T19:48:22","modified_gmt":"2025-07-22T17:48:22","slug":"szentkiralyi-kissarosi-csalad","status":"publish","type":"product","link":"https:\/\/uj.adatbank.ro\/lexikon\/termek\/szentkiralyi-kissarosi-csalad\/","title":{"rendered":"SZENTKIR\u00c1LYI, kiss\u00e1rosi csal\u00e1d"},"content":{"rendered":"<p>K\u00fck\u00fcll\u0151 megyei Kiss\u00e1rosr\u00f3l \u00edrja mag\u00e1t, \u00e9s azon megy\u00e9ben most is birtokos, elterjedve t\u00f6bb megy\u00e9ben. Ismeretesebb k\u00f6z\u00fcl\u00fck J\u00f3zsef, az 1791. \u00e9vi erd\u00e9lyi orsz\u00e1ggy\u0171l\u00e9sen Kolozs v\u00e1rmegye k\u00f6vete. S\u00e1ndor, Lajos, Ferenc, M\u00f3zes \u00e9s Zsigmond K\u00fck\u00fcll\u0151 megy\u00e9ben hivatalt viseltek (1848. el\u0151tt). Anna Kom\u00e1romy Istv\u00e1nn\u00e9, Bal\u00e1stelk\u00e9n birtokos. <br \/><strong>Irod.:<\/strong> Nagy Iv\u00e1n.<\/br><\/p>\n","protected":false},"excerpt":{"rendered":"<p>K\u00fck\u00fcll\u0151 megyei Kiss\u00e1rosr\u00f3l \u00edrja mag\u00e1t, \u00e9s azon megy\u00e9ben most is birtokos, elterjedve t\u00f6bb megy\u00e9ben. Ismeretesebb k\u00f6z\u00fcl\u00fck J\u00f3zsef, az 1791. \u00e9vi erd\u00e9lyi orsz\u00e1ggy\u0171l\u00e9sen Kolozs v\u00e1rmegye k\u00f6vete. S\u00e1ndor, Lajos, Ferenc, M\u00f3zes \u00e9s Zsigmond K\u00fck\u00fcll\u0151 megy\u00e9ben hivatalt viseltek (1848. el\u0151tt). Anna Kom\u00e1romy Istv\u00e1nn\u00e9, Bal\u00e1stelk\u00e9n birtokos. Irod.: Nagy Iv\u00e1n.<\/p>\n","protected":false},"featured_media":0,"comment_status":"open","ping_status":"closed","template":"","meta":[],"product_brand":[],"product_cat":[137],"product_tag":[],"class_list":{"0":"post-22083","1":"product","2":"type-product","3":"status-publish","5":"product_cat-maros-megyei-eletrajzi-lexikon","7":"first","8":"instock","9":"shipping-taxable","10":"product-type-simple"},"_links":{"self":[{"href":"https:\/\/uj.adatbank.ro\/lexikon\/wp-json\/wp\/v2\/product\/22083","targetHints":{"allow":["GET"]}}],"collection":[{"href":"https:\/\/uj.adatbank.ro\/lexikon\/wp-json\/wp\/v2\/product"}],"about":[{"href":"https:\/\/uj.adatbank.ro\/lexikon\/wp-json\/wp\/v2\/types\/product"}],"replies":[{"embeddable":true,"href":"https:\/\/uj.adatbank.ro\/lexikon\/wp-json\/wp\/v2\/comments?post=22083"}],"wp:attachment":[{"href":"https:\/\/uj.adatbank.ro\/lexikon\/wp-json\/wp\/v2\/media?parent=22083"}],"wp:term":[{"taxonomy":"product_brand","embeddable":true,"href":"https:\/\/uj.adatbank.ro\/lexikon\/wp-json\/wp\/v2\/product_brand?post=22083"},{"taxonomy":"product_cat","embeddable":true,"href":"https:\/\/uj.adatbank.ro\/lexikon\/wp-json\/wp\/v2\/product_cat?post=22083"},{"taxonomy":"product_tag","embeddable":true,"href":"https:\/\/uj.adatbank.ro\/lexikon\/wp-json\/wp\/v2\/product_tag?post=22083"}],"curies":[{"name":"wp","href":"https:\/\/api.w.org\/{rel}","templated":true}]}}