{"id":22084,"date":"2025-07-22T19:48:23","date_gmt":"2025-07-22T17:48:23","guid":{"rendered":"https:\/\/uj.adatbank.ro\/lexikon\/termek\/szentkiralyi-bela-erszentkiralyi\/"},"modified":"2025-07-22T19:48:23","modified_gmt":"2025-07-22T17:48:23","slug":"szentkiralyi-bela-erszentkiralyi","status":"publish","type":"product","link":"https:\/\/uj.adatbank.ro\/lexikon\/termek\/szentkiralyi-bela-erszentkiralyi\/","title":{"rendered":"SZENTKIR\u00c1LYI B\u00e9la, \u00e9rszentkir\u00e1lyi"},"content":{"rendered":"<p>1884, \u2020\u00a0Mez\u0151pagocsa, 1944: f\u00f6ldbirtokos, jog\u00e1sz. \u2013 Feles\u00e9ge L\u00e1szl\u00f3falvi Velits Ir\u00e9n (Magyarkaj\u00e1n, 1891-Mv., 1962). Az OMP jel\u00fcltje a szen\u00e1tusi v\u00e1laszt\u00e1sokon (1928). <br \/><strong>Irod.:<\/strong> Id\u0151t\u00e1r 3; Kornis, P\u00e1lmay.<\/br><\/p>\n","protected":false},"excerpt":{"rendered":"<p>1884, \u2020\u00a0Mez\u0151pagocsa, 1944: f\u00f6ldbirtokos, jog\u00e1sz. \u2013 Feles\u00e9ge L\u00e1szl\u00f3falvi Velits Ir\u00e9n (Magyarkaj\u00e1n, 1891-Mv., 1962). Az OMP jel\u00fcltje a szen\u00e1tusi v\u00e1laszt\u00e1sokon (1928). Irod.: Id\u0151t\u00e1r 3; Kornis, P\u00e1lmay.<\/p>\n","protected":false},"featured_media":0,"comment_status":"open","ping_status":"closed","template":"","meta":[],"product_brand":[],"product_cat":[137],"product_tag":[],"class_list":{"0":"post-22084","1":"product","2":"type-product","3":"status-publish","5":"product_cat-maros-megyei-eletrajzi-lexikon","7":"first","8":"instock","9":"shipping-taxable","10":"product-type-simple"},"_links":{"self":[{"href":"https:\/\/uj.adatbank.ro\/lexikon\/wp-json\/wp\/v2\/product\/22084","targetHints":{"allow":["GET"]}}],"collection":[{"href":"https:\/\/uj.adatbank.ro\/lexikon\/wp-json\/wp\/v2\/product"}],"about":[{"href":"https:\/\/uj.adatbank.ro\/lexikon\/wp-json\/wp\/v2\/types\/product"}],"replies":[{"embeddable":true,"href":"https:\/\/uj.adatbank.ro\/lexikon\/wp-json\/wp\/v2\/comments?post=22084"}],"wp:attachment":[{"href":"https:\/\/uj.adatbank.ro\/lexikon\/wp-json\/wp\/v2\/media?parent=22084"}],"wp:term":[{"taxonomy":"product_brand","embeddable":true,"href":"https:\/\/uj.adatbank.ro\/lexikon\/wp-json\/wp\/v2\/product_brand?post=22084"},{"taxonomy":"product_cat","embeddable":true,"href":"https:\/\/uj.adatbank.ro\/lexikon\/wp-json\/wp\/v2\/product_cat?post=22084"},{"taxonomy":"product_tag","embeddable":true,"href":"https:\/\/uj.adatbank.ro\/lexikon\/wp-json\/wp\/v2\/product_tag?post=22084"}],"curies":[{"name":"wp","href":"https:\/\/api.w.org\/{rel}","templated":true}]}}