{"id":22085,"date":"2025-07-22T19:48:25","date_gmt":"2025-07-22T17:48:25","guid":{"rendered":"https:\/\/uj.adatbank.ro\/lexikon\/termek\/szentkiralyi-benedek-marosszentkiralyi\/"},"modified":"2025-07-22T19:48:25","modified_gmt":"2025-07-22T17:48:25","slug":"szentkiralyi-benedek-marosszentkiralyi","status":"publish","type":"product","link":"https:\/\/uj.adatbank.ro\/lexikon\/termek\/szentkiralyi-benedek-marosszentkiralyi\/","title":{"rendered":"SZENTKIR\u00c1LYI Benedek; Marosszentkir\u00e1lyi"},"content":{"rendered":"<p>Marosszentkir\u00e1ly? \u2020?: ref. lelk\u00e9szjel\u00f6lt. \u2013 Honi tanulm\u00e1nyai v\u00e9gezt\u00e9vel k\u00fclf\u00f6ldre ment \u00e9s Heidelbergben (1617. szept. 22\u2013), Marburgban (1618 szept.\u2013) gyarap\u00edtotta ismereteit. 1619 nyar\u00e1n m\u00e9g ez ut\u00f3bbi helyen volt, de tov\u00e1bbi sorsa ismeretlen. Szenczi Moln\u00e1r Albert tan\u00edtv\u00e1nya, csod\u00e1l\u00f3ja (1618) \u2013 <strong>F. m.<\/strong>: Vindicatio locorum Veteris Testamenti, aeternam deitatem Filii et Spiritus Sancti\u2026 confirmantium (Enyedi Gy\u00f6rgy m\u0171ve ellen). (Marburg, 1619.) (II. kiad. Hanau, 1624.); \u00dcdv\u00f6zl\u0151 verset \u00edrt Csepei Ferenchez (1618.), Putnoki J\u00e1noshoz (1618.), Szenczi Moln\u00e1r Alberthez (1618.), Borz\u00e1si B. Bal\u00e1zshoz (1619.) \u00e9s Szilv\u00e1si K. M\u00e1rtonhoz (1619). <br \/><strong>Irod.:<\/strong> Zov\u00e1nyi.<\/br><\/p>\n","protected":false},"excerpt":{"rendered":"<p>Marosszentkir\u00e1ly? \u2020?: ref. lelk\u00e9szjel\u00f6lt. \u2013 Honi tanulm\u00e1nyai v\u00e9gezt\u00e9vel k\u00fclf\u00f6ldre ment \u00e9s Heidelbergben (1617. szept. 22\u2013), Marburgban (1618 szept.\u2013) gyarap\u00edtotta ismereteit. 1619 nyar\u00e1n m\u00e9g ez ut\u00f3bbi helyen volt, de tov\u00e1bbi sorsa ismeretlen. Szenczi Moln\u00e1r Albert tan\u00edtv\u00e1nya, csod\u00e1l\u00f3ja (1618) \u2013 F. m.: Vindicatio locorum Veteris Testamenti, aeternam deitatem Filii et Spiritus Sancti\u2026 confirmantium (Enyedi Gy\u00f6rgy m\u0171ve ellen). [&hellip;]<\/p>\n","protected":false},"featured_media":0,"comment_status":"open","ping_status":"closed","template":"","meta":[],"product_brand":[],"product_cat":[137],"product_tag":[],"class_list":{"0":"post-22085","1":"product","2":"type-product","3":"status-publish","5":"product_cat-maros-megyei-eletrajzi-lexikon","7":"first","8":"instock","9":"shipping-taxable","10":"product-type-simple"},"_links":{"self":[{"href":"https:\/\/uj.adatbank.ro\/lexikon\/wp-json\/wp\/v2\/product\/22085","targetHints":{"allow":["GET"]}}],"collection":[{"href":"https:\/\/uj.adatbank.ro\/lexikon\/wp-json\/wp\/v2\/product"}],"about":[{"href":"https:\/\/uj.adatbank.ro\/lexikon\/wp-json\/wp\/v2\/types\/product"}],"replies":[{"embeddable":true,"href":"https:\/\/uj.adatbank.ro\/lexikon\/wp-json\/wp\/v2\/comments?post=22085"}],"wp:attachment":[{"href":"https:\/\/uj.adatbank.ro\/lexikon\/wp-json\/wp\/v2\/media?parent=22085"}],"wp:term":[{"taxonomy":"product_brand","embeddable":true,"href":"https:\/\/uj.adatbank.ro\/lexikon\/wp-json\/wp\/v2\/product_brand?post=22085"},{"taxonomy":"product_cat","embeddable":true,"href":"https:\/\/uj.adatbank.ro\/lexikon\/wp-json\/wp\/v2\/product_cat?post=22085"},{"taxonomy":"product_tag","embeddable":true,"href":"https:\/\/uj.adatbank.ro\/lexikon\/wp-json\/wp\/v2\/product_tag?post=22085"}],"curies":[{"name":"wp","href":"https:\/\/api.w.org\/{rel}","templated":true}]}}