{"id":22086,"date":"2025-07-22T19:48:27","date_gmt":"2025-07-22T17:48:27","guid":{"rendered":"https:\/\/uj.adatbank.ro\/lexikon\/termek\/szentkiralyi-eva\/"},"modified":"2025-07-22T19:48:27","modified_gmt":"2025-07-22T17:48:27","slug":"szentkiralyi-eva","status":"publish","type":"product","link":"https:\/\/uj.adatbank.ro\/lexikon\/termek\/szentkiralyi-eva\/","title":{"rendered":"SZENTKIR\u00c1LYI \u00c9va"},"content":{"rendered":"<p>1923., \u2020 Mv., 1978. okt. 23. eltemett\u00e9k Nagybaconban: orvos. \u2013 A Fert\u0151z\u0151betegs\u00e9gek Klinik\u00e1j\u00e1nak adjunktusa \u00e9s f\u0151orvosa, a MOGYI Mikr\u00f3biol\u00f3giai Tansz\u00e9k\u00e9n adjunktus, r\u00e9szt vett a gy\u00f3gyszer\u00e9sz k\u00e9pz\u00e9sben is. \u2013 <strong>F. m.<\/strong>: <strong>t\u00e1rssz.:<\/strong> Mikrobiol\u00f3giai jegyzet. 1\u20133 k\u00f6t. (Putnoky Gyula, B\u00e1n Zsuzs\u00e1val, Mv., 1951\u20131952.); Fert\u0151z\u0151 betegs\u00e9gek. (Mv., 1975.). <br \/><strong>Irod.:<\/strong> Genersich; P\u00e9ter; P\u00e9ter H. M\u00e1ria; [Nekrol\u00f3g] (V. Z., 1978. okt. 25.); Todea.<\/br><\/p>\n","protected":false},"excerpt":{"rendered":"<p>1923., \u2020 Mv., 1978. okt. 23. eltemett\u00e9k Nagybaconban: orvos. \u2013 A Fert\u0151z\u0151betegs\u00e9gek Klinik\u00e1j\u00e1nak adjunktusa \u00e9s f\u0151orvosa, a MOGYI Mikr\u00f3biol\u00f3giai Tansz\u00e9k\u00e9n adjunktus, r\u00e9szt vett a gy\u00f3gyszer\u00e9sz k\u00e9pz\u00e9sben is. \u2013 F. m.: t\u00e1rssz.: Mikrobiol\u00f3giai jegyzet. 1\u20133 k\u00f6t. (Putnoky Gyula, B\u00e1n Zsuzs\u00e1val, Mv., 1951\u20131952.); Fert\u0151z\u0151 betegs\u00e9gek. (Mv., 1975.). Irod.: Genersich; P\u00e9ter; P\u00e9ter H. M\u00e1ria; [Nekrol\u00f3g] (V. Z., 1978. [&hellip;]<\/p>\n","protected":false},"featured_media":0,"comment_status":"open","ping_status":"closed","template":"","meta":[],"product_brand":[],"product_cat":[137],"product_tag":[],"class_list":{"0":"post-22086","1":"product","2":"type-product","3":"status-publish","5":"product_cat-maros-megyei-eletrajzi-lexikon","7":"first","8":"instock","9":"shipping-taxable","10":"product-type-simple"},"_links":{"self":[{"href":"https:\/\/uj.adatbank.ro\/lexikon\/wp-json\/wp\/v2\/product\/22086","targetHints":{"allow":["GET"]}}],"collection":[{"href":"https:\/\/uj.adatbank.ro\/lexikon\/wp-json\/wp\/v2\/product"}],"about":[{"href":"https:\/\/uj.adatbank.ro\/lexikon\/wp-json\/wp\/v2\/types\/product"}],"replies":[{"embeddable":true,"href":"https:\/\/uj.adatbank.ro\/lexikon\/wp-json\/wp\/v2\/comments?post=22086"}],"wp:attachment":[{"href":"https:\/\/uj.adatbank.ro\/lexikon\/wp-json\/wp\/v2\/media?parent=22086"}],"wp:term":[{"taxonomy":"product_brand","embeddable":true,"href":"https:\/\/uj.adatbank.ro\/lexikon\/wp-json\/wp\/v2\/product_brand?post=22086"},{"taxonomy":"product_cat","embeddable":true,"href":"https:\/\/uj.adatbank.ro\/lexikon\/wp-json\/wp\/v2\/product_cat?post=22086"},{"taxonomy":"product_tag","embeddable":true,"href":"https:\/\/uj.adatbank.ro\/lexikon\/wp-json\/wp\/v2\/product_tag?post=22086"}],"curies":[{"name":"wp","href":"https:\/\/api.w.org\/{rel}","templated":true}]}}