{"id":22088,"date":"2025-07-22T19:48:30","date_gmt":"2025-07-22T17:48:30","guid":{"rendered":"https:\/\/uj.adatbank.ro\/lexikon\/termek\/szentkiralyi-gabor\/"},"modified":"2025-07-22T19:48:30","modified_gmt":"2025-07-22T17:48:30","slug":"szentkiralyi-gabor","status":"publish","type":"product","link":"https:\/\/uj.adatbank.ro\/lexikon\/termek\/szentkiralyi-gabor\/","title":{"rendered":"SZENTKIR\u00c1LYI G\u00e1bor"},"content":{"rendered":"<p>1827., \u2020\u00a0Torda, 1878. szept.: alisp\u00e1n, f\u0151jegyz\u0151. \u2013 A gernyeszegi ref. pap legid\u0151sebb fia. \u2013 A mv.-i ref. f\u0151tan\u00f3d\u00e1ban subscrib\u00e1lt (1843\u201346), Di\u00e1kk\u00e9nt erd\u00e9lyi sz\u00e9kely n\u00e9pdalokat gy\u0171jt\u00f6tt Mv. k\u00f6rny\u00e9k\u00e9r\u0151l \u00e9s elk\u00fcldte Erd\u00e9lyi J\u00e1nosnak (1846. febr. 18), valamint Tordak\u00f3kr\u00f3l is k\u00fcld\u00f6tt (1846. j\u00fan. 29.). Nagyenyeden folytatott jogi tanulm\u00e1nyokat (1846\u2013), Honv\u00e9dk\u00e9nt r\u00e9szt vett az 1848\u201349-es forradalom \u00e9s szabads\u00e1gharcban. Feles\u00e9ge tordak\u00f3ki \u00e9s ez\u00e9rt Torda megy\u00e9ben telepedett le, alisp\u00e1n, f\u0151jegyz\u0151, kataszteri becsl\u0151biztos, a tordai ref. egyh\u00e1zk\u00f6zs\u00e9g f\u0151gondnoka. <br \/><strong>Irod.:<\/strong> Olosz Katalin: V\u00edz ment\u00e9re elindultam. Tudom\u00e1nyt\u00f6rt\u00e9neti, n\u00e9pismereti \u00edr\u00e1sok (Marosv\u00e1s\u00e1rhely, 2003).<\/br><\/p>\n","protected":false},"excerpt":{"rendered":"<p>1827., \u2020\u00a0Torda, 1878. szept.: alisp\u00e1n, f\u0151jegyz\u0151. \u2013 A gernyeszegi ref. pap legid\u0151sebb fia. \u2013 A mv.-i ref. f\u0151tan\u00f3d\u00e1ban subscrib\u00e1lt (1843\u201346), Di\u00e1kk\u00e9nt erd\u00e9lyi sz\u00e9kely n\u00e9pdalokat gy\u0171jt\u00f6tt Mv. k\u00f6rny\u00e9k\u00e9r\u0151l \u00e9s elk\u00fcldte Erd\u00e9lyi J\u00e1nosnak (1846. febr. 18), valamint Tordak\u00f3kr\u00f3l is k\u00fcld\u00f6tt (1846. j\u00fan. 29.). Nagyenyeden folytatott jogi tanulm\u00e1nyokat (1846\u2013), Honv\u00e9dk\u00e9nt r\u00e9szt vett az 1848\u201349-es forradalom \u00e9s szabads\u00e1gharcban. Feles\u00e9ge [&hellip;]<\/p>\n","protected":false},"featured_media":0,"comment_status":"open","ping_status":"closed","template":"","meta":[],"product_brand":[],"product_cat":[137],"product_tag":[],"class_list":{"0":"post-22088","1":"product","2":"type-product","3":"status-publish","5":"product_cat-maros-megyei-eletrajzi-lexikon","7":"first","8":"instock","9":"shipping-taxable","10":"product-type-simple"},"_links":{"self":[{"href":"https:\/\/uj.adatbank.ro\/lexikon\/wp-json\/wp\/v2\/product\/22088","targetHints":{"allow":["GET"]}}],"collection":[{"href":"https:\/\/uj.adatbank.ro\/lexikon\/wp-json\/wp\/v2\/product"}],"about":[{"href":"https:\/\/uj.adatbank.ro\/lexikon\/wp-json\/wp\/v2\/types\/product"}],"replies":[{"embeddable":true,"href":"https:\/\/uj.adatbank.ro\/lexikon\/wp-json\/wp\/v2\/comments?post=22088"}],"wp:attachment":[{"href":"https:\/\/uj.adatbank.ro\/lexikon\/wp-json\/wp\/v2\/media?parent=22088"}],"wp:term":[{"taxonomy":"product_brand","embeddable":true,"href":"https:\/\/uj.adatbank.ro\/lexikon\/wp-json\/wp\/v2\/product_brand?post=22088"},{"taxonomy":"product_cat","embeddable":true,"href":"https:\/\/uj.adatbank.ro\/lexikon\/wp-json\/wp\/v2\/product_cat?post=22088"},{"taxonomy":"product_tag","embeddable":true,"href":"https:\/\/uj.adatbank.ro\/lexikon\/wp-json\/wp\/v2\/product_tag?post=22088"}],"curies":[{"name":"wp","href":"https:\/\/api.w.org\/{rel}","templated":true}]}}