{"id":22089,"date":"2025-07-22T19:48:31","date_gmt":"2025-07-22T17:48:31","guid":{"rendered":"https:\/\/uj.adatbank.ro\/lexikon\/termek\/szentkiralyi-gabor-erszentmihalyi\/"},"modified":"2025-07-22T19:48:31","modified_gmt":"2025-07-22T17:48:31","slug":"szentkiralyi-gabor-erszentmihalyi","status":"publish","type":"product","link":"https:\/\/uj.adatbank.ro\/lexikon\/termek\/szentkiralyi-gabor-erszentmihalyi\/","title":{"rendered":"SZENTKIR\u00c1LYI G\u00e1bor, \u00e9rszentmih\u00e1lyi"},"content":{"rendered":"<p>1880., \u2020?: gazd\u00e1lkod\u00f3, f\u00f6ldb\u00e9rl\u0151. \u2013 K\u00f6z\u00e9piskol\u00e1it Nagyszebenben, a Gazdas\u00e1gi Akad\u00e9mi\u00e1t Kv.-on v\u00e9gezte. Oklevel\u00e9nek megszerz\u00e9se ut\u00e1n a csal\u00e1di birtokon \u00e9s b\u00e9relt birtokon, majd Marosszentkir\u00e1lyon gazd\u00e1lkodott (1937\u2013). A MP megalakul\u00e1sa \u00f3ta tagja, a KZST \u00e9s a ny\u00e1r\u00e1dszeredai Kaszin\u00f3 tagja, a mosoni ref. egyh\u00e1z patr\u00f3nusa, a tompai egyh\u00e1z vil\u00e1gi k\u00e9pvisel\u0151je, a marosludasi F\u00fcggetlens\u00e9gi P\u00e1rt aleln\u00f6ke volt. Az els\u0151 vh.-ban a 312. \u00e1s a 21. h. ezredben az orosz, rom\u00e1n fronton harcolt mint \u00f6nk\u00e9ntes tizedes. A h\u00e1bor\u00fa ut\u00e1n letart\u00f3ztatt\u00e1k, vagyon\u00e1nak nagyr\u00e9sz\u00e9t elvett\u00e9k. <br \/><strong>Irod.:<\/strong> Sz\u00e9kelyf\u00f6ld \u00ed. k.<\/br><\/p>\n","protected":false},"excerpt":{"rendered":"<p>1880., \u2020?: gazd\u00e1lkod\u00f3, f\u00f6ldb\u00e9rl\u0151. \u2013 K\u00f6z\u00e9piskol\u00e1it Nagyszebenben, a Gazdas\u00e1gi Akad\u00e9mi\u00e1t Kv.-on v\u00e9gezte. Oklevel\u00e9nek megszerz\u00e9se ut\u00e1n a csal\u00e1di birtokon \u00e9s b\u00e9relt birtokon, majd Marosszentkir\u00e1lyon gazd\u00e1lkodott (1937\u2013). A MP megalakul\u00e1sa \u00f3ta tagja, a KZST \u00e9s a ny\u00e1r\u00e1dszeredai Kaszin\u00f3 tagja, a mosoni ref. egyh\u00e1z patr\u00f3nusa, a tompai egyh\u00e1z vil\u00e1gi k\u00e9pvisel\u0151je, a marosludasi F\u00fcggetlens\u00e9gi P\u00e1rt aleln\u00f6ke volt. Az els\u0151 [&hellip;]<\/p>\n","protected":false},"featured_media":0,"comment_status":"open","ping_status":"closed","template":"","meta":[],"product_brand":[],"product_cat":[137],"product_tag":[],"class_list":{"0":"post-22089","1":"product","2":"type-product","3":"status-publish","5":"product_cat-maros-megyei-eletrajzi-lexikon","7":"first","8":"instock","9":"shipping-taxable","10":"product-type-simple"},"_links":{"self":[{"href":"https:\/\/uj.adatbank.ro\/lexikon\/wp-json\/wp\/v2\/product\/22089","targetHints":{"allow":["GET"]}}],"collection":[{"href":"https:\/\/uj.adatbank.ro\/lexikon\/wp-json\/wp\/v2\/product"}],"about":[{"href":"https:\/\/uj.adatbank.ro\/lexikon\/wp-json\/wp\/v2\/types\/product"}],"replies":[{"embeddable":true,"href":"https:\/\/uj.adatbank.ro\/lexikon\/wp-json\/wp\/v2\/comments?post=22089"}],"wp:attachment":[{"href":"https:\/\/uj.adatbank.ro\/lexikon\/wp-json\/wp\/v2\/media?parent=22089"}],"wp:term":[{"taxonomy":"product_brand","embeddable":true,"href":"https:\/\/uj.adatbank.ro\/lexikon\/wp-json\/wp\/v2\/product_brand?post=22089"},{"taxonomy":"product_cat","embeddable":true,"href":"https:\/\/uj.adatbank.ro\/lexikon\/wp-json\/wp\/v2\/product_cat?post=22089"},{"taxonomy":"product_tag","embeddable":true,"href":"https:\/\/uj.adatbank.ro\/lexikon\/wp-json\/wp\/v2\/product_tag?post=22089"}],"curies":[{"name":"wp","href":"https:\/\/api.w.org\/{rel}","templated":true}]}}