{"id":22090,"date":"2025-07-22T19:48:34","date_gmt":"2025-07-22T17:48:34","guid":{"rendered":"https:\/\/uj.adatbank.ro\/lexikon\/termek\/szentkiralyi-gyula-erszentkiralyi\/"},"modified":"2025-07-22T19:48:34","modified_gmt":"2025-07-22T17:48:34","slug":"szentkiralyi-gyula-erszentkiralyi","status":"publish","type":"product","link":"https:\/\/uj.adatbank.ro\/lexikon\/termek\/szentkiralyi-gyula-erszentkiralyi\/","title":{"rendered":"SZENTKIR\u00c1LYI Gyula, \u00e9rszentkir\u00e1lyi"},"content":{"rendered":"<p>Mez\u0151k\u00f3k, 1852. m\u00e1j. 21., \u2020 Mez\u0151pagocsa, 1897. j\u00fan. 3.: mez\u0151pagocsai f\u00f6ldbirtokos, \u00e1llatorvos, jogi doktor. \u2013 Sz. G\u00e1bor alisp\u00e1n fia. Feles\u00e9ge: thind\u00e1rosi Dind\u00e1r Lenke (1857-Debrecen, 1930. nov. 5.). Gyermekeik: Istv\u00e1n, Gyula, Margit, Ilona, B\u00e9la. \u2013 Fi\u00fak Gyula cs. k. husz\u00e1rhadnagy (1880\u2013) \u00f6r\u00f6k\u00f6lte a birtokot. A f\u0151gimn\u00e1ziumot Nagyenyeden v\u00e9gezte; a z\u00fcrichi akad\u00e9mi\u00e1n gazdas\u00e1gi \u00e9s \u00e1llatorvosi tanfolyamot hallgatott. R\u00f6vid ideig adminisztr\u00e1lta a Tisza f\u00e9le kocsordi birtokot. Az Agr\u00e1r-Takar\u00e9kp\u00e9nzt\u00e1r-R\u00e9szv\u00e9nyt\u00e1rsas\u00e1g alap\u00edt\u00e1s\u00e1n k\u00f6zrem\u0171k\u00f6d\u00f6tt, melynek igazgat\u00f3ja lett; az \u00darlovas-sz\u00f6vetkezetnek aleln\u00f6ke volt. Az EMKE mv.-i v\u00e1rosi v\u00e1lasztm\u00e1ny\u00e1nak alap\u00edt\u00f3 tagja (1885). \u2013 <strong>F. m.<\/strong>: A v\u00e9grehajt\u00e1si t\u00f6rv\u00e9ny revizi\u00f3ja. (Bp., 1902). <br \/><strong>Irod.:<\/strong> B. Nagy Margit 1970; Kornis; Lev\u00e9lt\u00e1ri gy\u00e1szj.; P\u00e1lmay; S\u00e1ndor; Szinnyei.<\/br><\/p>\n","protected":false},"excerpt":{"rendered":"<p>Mez\u0151k\u00f3k, 1852. m\u00e1j. 21., \u2020 Mez\u0151pagocsa, 1897. j\u00fan. 3.: mez\u0151pagocsai f\u00f6ldbirtokos, \u00e1llatorvos, jogi doktor. \u2013 Sz. G\u00e1bor alisp\u00e1n fia. Feles\u00e9ge: thind\u00e1rosi Dind\u00e1r Lenke (1857-Debrecen, 1930. nov. 5.). Gyermekeik: Istv\u00e1n, Gyula, Margit, Ilona, B\u00e9la. \u2013 Fi\u00fak Gyula cs. k. husz\u00e1rhadnagy (1880\u2013) \u00f6r\u00f6k\u00f6lte a birtokot. A f\u0151gimn\u00e1ziumot Nagyenyeden v\u00e9gezte; a z\u00fcrichi akad\u00e9mi\u00e1n gazdas\u00e1gi \u00e9s \u00e1llatorvosi tanfolyamot hallgatott. [&hellip;]<\/p>\n","protected":false},"featured_media":0,"comment_status":"open","ping_status":"closed","template":"","meta":[],"product_brand":[],"product_cat":[137],"product_tag":[],"class_list":{"0":"post-22090","1":"product","2":"type-product","3":"status-publish","5":"product_cat-maros-megyei-eletrajzi-lexikon","7":"first","8":"instock","9":"shipping-taxable","10":"product-type-simple"},"_links":{"self":[{"href":"https:\/\/uj.adatbank.ro\/lexikon\/wp-json\/wp\/v2\/product\/22090","targetHints":{"allow":["GET"]}}],"collection":[{"href":"https:\/\/uj.adatbank.ro\/lexikon\/wp-json\/wp\/v2\/product"}],"about":[{"href":"https:\/\/uj.adatbank.ro\/lexikon\/wp-json\/wp\/v2\/types\/product"}],"replies":[{"embeddable":true,"href":"https:\/\/uj.adatbank.ro\/lexikon\/wp-json\/wp\/v2\/comments?post=22090"}],"wp:attachment":[{"href":"https:\/\/uj.adatbank.ro\/lexikon\/wp-json\/wp\/v2\/media?parent=22090"}],"wp:term":[{"taxonomy":"product_brand","embeddable":true,"href":"https:\/\/uj.adatbank.ro\/lexikon\/wp-json\/wp\/v2\/product_brand?post=22090"},{"taxonomy":"product_cat","embeddable":true,"href":"https:\/\/uj.adatbank.ro\/lexikon\/wp-json\/wp\/v2\/product_cat?post=22090"},{"taxonomy":"product_tag","embeddable":true,"href":"https:\/\/uj.adatbank.ro\/lexikon\/wp-json\/wp\/v2\/product_tag?post=22090"}],"curies":[{"name":"wp","href":"https:\/\/api.w.org\/{rel}","templated":true}]}}