{"id":22091,"date":"2025-07-22T19:48:37","date_gmt":"2025-07-22T17:48:37","guid":{"rendered":"https:\/\/uj.adatbank.ro\/lexikon\/termek\/szentkiralyi-gyula-erszentkiralyi-2\/"},"modified":"2025-07-22T19:48:37","modified_gmt":"2025-07-22T17:48:37","slug":"szentkiralyi-gyula-erszentkiralyi-2","status":"publish","type":"product","link":"https:\/\/uj.adatbank.ro\/lexikon\/termek\/szentkiralyi-gyula-erszentkiralyi-2\/","title":{"rendered":"SZENTKIR\u00c1LYI Gyula, \u00e9rszentkir\u00e1lyi"},"content":{"rendered":"<p>Mez\u0151pagocsa, Kv., 1912. okt. 12., \u2020 Mv., 1986 1988. jan 26.: k\u00e9pz\u0151m\u0171v\u00e9sz, szobr\u00e1sz. \u2013 Feles\u00e9ge bethleni gr. Bethlen B\u00e9la le\u00e1nya, Bethlen \u00c9va (Bethlen, 1920. \u2013 Mv., 2008. j\u00fal. 26.). P\u00e1tzay P\u00e1l tan\u00edtv\u00e1nya a M. K\u00e9pz\u0151m\u0171v\u00e9szeti F\u0151iskol\u00e1n (1935\u201338). H\u00e1zass\u00e1guk ut\u00e1n (Bethlen, 1940. aug. 31) a mez\u0151pagocsai birtokon laktak (1940\u201342), majd Kocsordon a Tisza-birtokon volt int\u00e9z\u0151 (1942\u201344), Bp. \u00e9lt\u00e9k \u00e1t a h\u00e1bor\u00fa borzalmait, visszat\u00e9rtek Mez\u0151pagocs\u00e1ra (1945\u201349. m\u00e1rc. 3.), az udvarh\u00e1z utols\u00f3 tulajdonosa ekkor (1949. m\u00e1rc.) k\u00e9nyszerlakhelyre Mv.-re vitt\u00e9k a csal\u00e1dot (1963. aug.-ig), ahol \u00e9desanyj\u00e1val \u00e9s h\u00e1rom gyermek\u00fckkel laktak. A csal\u00e1d fenntart\u00e1s\u00e1\u00e9rt k\u00fczd\u00f6ttek, volt munkan\u00e9lk\u00fcli, kert\u00e9sz, p\u00e9nzbeszed\u0151 a Villamoss\u00e1gi M\u0171vekn\u00e9l, a feles\u00e9ge kert\u00e9sz, piaci \u00e1rus \u00e9s k\u00f6t\u00f6tt. <br \/><strong>Irod.:<\/strong> G\u00e1l; Gudenus, Keresztes Gyula: \u00d6r\u00f6ks\u00e9g\u00fcnk 59.: A mez\u0151s\u00e9g udvarh\u00e1zai (N\u00fa., 1994. j\u00fal. 15.); Kornis; Mik\u00f3.<\/br><\/p>\n","protected":false},"excerpt":{"rendered":"<p>Mez\u0151pagocsa, Kv., 1912. okt. 12., \u2020 Mv., 1986 1988. jan 26.: k\u00e9pz\u0151m\u0171v\u00e9sz, szobr\u00e1sz. \u2013 Feles\u00e9ge bethleni gr. Bethlen B\u00e9la le\u00e1nya, Bethlen \u00c9va (Bethlen, 1920. \u2013 Mv., 2008. j\u00fal. 26.). P\u00e1tzay P\u00e1l tan\u00edtv\u00e1nya a M. K\u00e9pz\u0151m\u0171v\u00e9szeti F\u0151iskol\u00e1n (1935\u201338). H\u00e1zass\u00e1guk ut\u00e1n (Bethlen, 1940. aug. 31) a mez\u0151pagocsai birtokon laktak (1940\u201342), majd Kocsordon a Tisza-birtokon volt int\u00e9z\u0151 (1942\u201344), [&hellip;]<\/p>\n","protected":false},"featured_media":0,"comment_status":"open","ping_status":"closed","template":"","meta":[],"product_brand":[],"product_cat":[137],"product_tag":[],"class_list":{"0":"post-22091","1":"product","2":"type-product","3":"status-publish","5":"product_cat-maros-megyei-eletrajzi-lexikon","7":"first","8":"instock","9":"shipping-taxable","10":"product-type-simple"},"_links":{"self":[{"href":"https:\/\/uj.adatbank.ro\/lexikon\/wp-json\/wp\/v2\/product\/22091","targetHints":{"allow":["GET"]}}],"collection":[{"href":"https:\/\/uj.adatbank.ro\/lexikon\/wp-json\/wp\/v2\/product"}],"about":[{"href":"https:\/\/uj.adatbank.ro\/lexikon\/wp-json\/wp\/v2\/types\/product"}],"replies":[{"embeddable":true,"href":"https:\/\/uj.adatbank.ro\/lexikon\/wp-json\/wp\/v2\/comments?post=22091"}],"wp:attachment":[{"href":"https:\/\/uj.adatbank.ro\/lexikon\/wp-json\/wp\/v2\/media?parent=22091"}],"wp:term":[{"taxonomy":"product_brand","embeddable":true,"href":"https:\/\/uj.adatbank.ro\/lexikon\/wp-json\/wp\/v2\/product_brand?post=22091"},{"taxonomy":"product_cat","embeddable":true,"href":"https:\/\/uj.adatbank.ro\/lexikon\/wp-json\/wp\/v2\/product_cat?post=22091"},{"taxonomy":"product_tag","embeddable":true,"href":"https:\/\/uj.adatbank.ro\/lexikon\/wp-json\/wp\/v2\/product_tag?post=22091"}],"curies":[{"name":"wp","href":"https:\/\/api.w.org\/{rel}","templated":true}]}}