{"id":22093,"date":"2025-07-22T19:48:43","date_gmt":"2025-07-22T17:48:43","guid":{"rendered":"https:\/\/uj.adatbank.ro\/lexikon\/termek\/szentkiralyi-ilona-erdszentkiralyi-kuun-zsigmondne\/"},"modified":"2025-07-22T19:48:43","modified_gmt":"2025-07-22T17:48:43","slug":"szentkiralyi-ilona-erdszentkiralyi-kuun-zsigmondne","status":"publish","type":"product","link":"https:\/\/uj.adatbank.ro\/lexikon\/termek\/szentkiralyi-ilona-erdszentkiralyi-kuun-zsigmondne\/","title":{"rendered":"SZENTKIR\u00c1LYI Ilona, \u00e9rdszentkir\u00e1lyi; Kuun Zsigmondn\u00e9"},"content":{"rendered":"<p>Mez\u0151pagocsa, 1882. dec. 2. \u2020 Mv., 1957. jan. 17. \u2013 Sz Gyula \u00e9s Dind\u00e1r Lenke le\u00e1nya. F\u00e9rjhez ment Kuun Zsigmondhoz Mv., 1915. okt. 6). <br \/><strong>Irod.:<\/strong> Gudenus.<\/br><\/p>\n","protected":false},"excerpt":{"rendered":"<p>Mez\u0151pagocsa, 1882. dec. 2. \u2020 Mv., 1957. jan. 17. \u2013 Sz Gyula \u00e9s Dind\u00e1r Lenke le\u00e1nya. F\u00e9rjhez ment Kuun Zsigmondhoz Mv., 1915. okt. 6). Irod.: Gudenus.<\/p>\n","protected":false},"featured_media":0,"comment_status":"open","ping_status":"closed","template":"","meta":[],"product_brand":[],"product_cat":[137],"product_tag":[],"class_list":{"0":"post-22093","1":"product","2":"type-product","3":"status-publish","5":"product_cat-maros-megyei-eletrajzi-lexikon","7":"first","8":"instock","9":"shipping-taxable","10":"product-type-simple"},"_links":{"self":[{"href":"https:\/\/uj.adatbank.ro\/lexikon\/wp-json\/wp\/v2\/product\/22093","targetHints":{"allow":["GET"]}}],"collection":[{"href":"https:\/\/uj.adatbank.ro\/lexikon\/wp-json\/wp\/v2\/product"}],"about":[{"href":"https:\/\/uj.adatbank.ro\/lexikon\/wp-json\/wp\/v2\/types\/product"}],"replies":[{"embeddable":true,"href":"https:\/\/uj.adatbank.ro\/lexikon\/wp-json\/wp\/v2\/comments?post=22093"}],"wp:attachment":[{"href":"https:\/\/uj.adatbank.ro\/lexikon\/wp-json\/wp\/v2\/media?parent=22093"}],"wp:term":[{"taxonomy":"product_brand","embeddable":true,"href":"https:\/\/uj.adatbank.ro\/lexikon\/wp-json\/wp\/v2\/product_brand?post=22093"},{"taxonomy":"product_cat","embeddable":true,"href":"https:\/\/uj.adatbank.ro\/lexikon\/wp-json\/wp\/v2\/product_cat?post=22093"},{"taxonomy":"product_tag","embeddable":true,"href":"https:\/\/uj.adatbank.ro\/lexikon\/wp-json\/wp\/v2\/product_tag?post=22093"}],"curies":[{"name":"wp","href":"https:\/\/api.w.org\/{rel}","templated":true}]}}