{"id":22094,"date":"2025-07-22T19:48:47","date_gmt":"2025-07-22T17:48:47","guid":{"rendered":"https:\/\/uj.adatbank.ro\/lexikon\/termek\/szentkiralyi-istvan\/"},"modified":"2025-07-22T19:48:47","modified_gmt":"2025-07-22T17:48:47","slug":"szentkiralyi-istvan","status":"publish","type":"product","link":"https:\/\/uj.adatbank.ro\/lexikon\/termek\/szentkiralyi-istvan\/","title":{"rendered":"SZENTKIR\u00c1LYI Istv\u00e1n"},"content":{"rendered":"<p>Zalatna, 1906. dec. 28., \u2020 Mv., 1972. j\u00fal. 4.: orvos, gyermekgy\u00f3gy\u00e1sz, egyetemi tan\u00e1r. \u2013 Feles\u00e9ge Balogh Lujza (1910, \u20201994). \u2013 K\u00f6z\u00e9piskolai tanulm\u00e1nyait a sz\u00e1szv\u00e1rosi Kuun koll.-ban kezdte, a tordai Unit Koll.-ban folytatta, majd ennek megsz\u0171n\u00e9se ut\u00e1n Tord\u00e1n a rom\u00e1n gimn\u00e1ziumban fejezte be. (1925). Orvosi tanulm\u00e1nyait Kv.-on v\u00e9gezte (1934). R\u00f6vid ideig a gyulai k\u00f3rh\u00e1z sz\u00fcl\u00e9szeti-n\u0151gy\u00f3gy\u00e1szati oszt\u00e1ly\u00e1n, majd a szegedi egyetem gyermekklinik\u00e1j\u00e1n k\u00e9pezte tov\u00e1bb mag\u00e1t. Tord\u00e1n nyitott \u00e1ltal\u00e1nos orvosi rendel\u0151t (1935). A kv.-i Anya- \u00e9s Csecsem\u0151v\u00e9d\u0151 Int\u00e9zetben gyermekorvos (1940\u2013); az Orsz\u00e1gos T\u00e1rsadalombiztos\u00edt\u00e1si Alapn\u00e1l dolgozott (1943\u2013); a Dermata gy\u00e1r b\u00f6lcs\u0151d\u00e9j\u00e9nek orvosa (1945\u2013). A MOGYI orvosi kar\u00e1nak Gyermekklinik\u00e1j\u00e1n el\u0151ad\u00f3tan\u00e1r (1948\u201368), egyetemi tan\u00e1r, prof. (1968\u201372). Kutat\u00e1si ter\u00fclete a csecsem\u0151kori enterocolitisek, dizenterias atrofi\u00e1s \u00e1llapotok kezel\u00e9se, gyermekkori rheum\u00e1s fert\u0151z\u00e9sek ter\u00e1pi\u00e1ja v\u00e9rplazm\u00e1val, a m\u00e9z hat\u00e1sa a korasz\u00fcl\u00f6ttek s\u00falygyarapod\u00e1s\u00e1ra. A csecsem\u0151k malignus szindr\u00f3m\u00e1ja, a gyermekkori h\u00fagy\u00fati gyullad\u00e1sok patol\u00f3gi\u00e1ja, az enzimopathi\u00e1k felismer\u00e9se. Dolgozatai hazai \u00e9s k\u00fclf\u00f6ldi szakfoly\u00f3iratokban jelentek meg: Orvosi Szemle, Gyermekgy\u00f3gy\u00e1szat, Kis\u00e9rletes Orvostudom\u00e1ny, Pediatrie, Kinderarzliche Praxis, Wiener Ned. Wochenschrift has\u00e1bjain. \u2013 <strong>F. m.<\/strong>: Gyermekgy\u00f3gy\u00e1szati jegyzetek. 1\u20133 r\u00e9sz. (Mv., 1951., 1953; 1955\u201356, 1957, 1960); Gyermekgy\u00f3gy\u00e1szati el\u0151ad\u00e1sok.1. k\u00f6t. (Mv., 1952); <strong>t\u00e1rssz.:<\/strong> Pediatria (Buc., 1960.); Pediatria: Manual pentru \u00eenv\u0103\u0163\u0103m\u00eentul medical (Buc., 1962.); Pediatria: Manual pentru studen\u0163ii facult\u0103\u0163ilor de stomatologie. (Buc., 1965, 1966). <br \/><strong>Irod.:<\/strong> Genersich; Kiss\u2013P\u00e9terffy\u2013P\u00e9terffy; Komj\u00e1tszegi; MOGYE; Nagy L.; P\u00e9ter; RMIL; RMIL; Todea.<\/br><\/p>\n","protected":false},"excerpt":{"rendered":"<p>Zalatna, 1906. dec. 28., \u2020 Mv., 1972. j\u00fal. 4.: orvos, gyermekgy\u00f3gy\u00e1sz, egyetemi tan\u00e1r. \u2013 Feles\u00e9ge Balogh Lujza (1910, \u20201994). \u2013 K\u00f6z\u00e9piskolai tanulm\u00e1nyait a sz\u00e1szv\u00e1rosi Kuun koll.-ban kezdte, a tordai Unit Koll.-ban folytatta, majd ennek megsz\u0171n\u00e9se ut\u00e1n Tord\u00e1n a rom\u00e1n gimn\u00e1ziumban fejezte be. (1925). Orvosi tanulm\u00e1nyait Kv.-on v\u00e9gezte (1934). R\u00f6vid ideig a gyulai k\u00f3rh\u00e1z sz\u00fcl\u00e9szeti-n\u0151gy\u00f3gy\u00e1szati oszt\u00e1ly\u00e1n, [&hellip;]<\/p>\n","protected":false},"featured_media":0,"comment_status":"open","ping_status":"closed","template":"","meta":[],"product_brand":[],"product_cat":[137],"product_tag":[],"class_list":{"0":"post-22094","1":"product","2":"type-product","3":"status-publish","5":"product_cat-maros-megyei-eletrajzi-lexikon","7":"first","8":"instock","9":"shipping-taxable","10":"product-type-simple"},"_links":{"self":[{"href":"https:\/\/uj.adatbank.ro\/lexikon\/wp-json\/wp\/v2\/product\/22094","targetHints":{"allow":["GET"]}}],"collection":[{"href":"https:\/\/uj.adatbank.ro\/lexikon\/wp-json\/wp\/v2\/product"}],"about":[{"href":"https:\/\/uj.adatbank.ro\/lexikon\/wp-json\/wp\/v2\/types\/product"}],"replies":[{"embeddable":true,"href":"https:\/\/uj.adatbank.ro\/lexikon\/wp-json\/wp\/v2\/comments?post=22094"}],"wp:attachment":[{"href":"https:\/\/uj.adatbank.ro\/lexikon\/wp-json\/wp\/v2\/media?parent=22094"}],"wp:term":[{"taxonomy":"product_brand","embeddable":true,"href":"https:\/\/uj.adatbank.ro\/lexikon\/wp-json\/wp\/v2\/product_brand?post=22094"},{"taxonomy":"product_cat","embeddable":true,"href":"https:\/\/uj.adatbank.ro\/lexikon\/wp-json\/wp\/v2\/product_cat?post=22094"},{"taxonomy":"product_tag","embeddable":true,"href":"https:\/\/uj.adatbank.ro\/lexikon\/wp-json\/wp\/v2\/product_tag?post=22094"}],"curies":[{"name":"wp","href":"https:\/\/api.w.org\/{rel}","templated":true}]}}