{"id":22095,"date":"2025-07-22T19:48:49","date_gmt":"2025-07-22T17:48:49","guid":{"rendered":"https:\/\/uj.adatbank.ro\/lexikon\/termek\/szentkiralyi-janos-erszentkiralyi\/"},"modified":"2025-07-22T19:48:49","modified_gmt":"2025-07-22T17:48:49","slug":"szentkiralyi-janos-erszentkiralyi","status":"publish","type":"product","link":"https:\/\/uj.adatbank.ro\/lexikon\/termek\/szentkiralyi-janos-erszentkiralyi\/","title":{"rendered":"SZENTKIR\u00c1LYI J\u00e1nos, \u00e9rszentkir\u00e1lyi"},"content":{"rendered":"<p>1765, \u2020\u00a01831: tan\u00edt\u00f3, ref. lelk\u00e9sz. \u2013 Feles\u00e9ge Nagyb\u00f6l\u00f6ni Kerest\u00e9ly Kl\u00e1ra. Magyars\u00fcly\u00e9n (1782\u201394) \u00e9s Dics\u0151szentm\u00e1rtonban el\u0151k\u00f6ny\u00f6rg\u0151 levita, pap (1796\u20131805), k\u00e9s\u0151bb marosugrai, majd gernyeszegi lelk\u00e9sz (1829\u2013). <br \/><strong>Irod.:<\/strong> B\u00f6jthe Andor: A G\u00f6rg\u00e9nyi ev. ref. egyh\u00e1zmegye t\u00f6rt\u00e9nete [k\u00e9zirat]; Kornis; K\u00fck\u00fcll\u0151i Ref. Egyh\u00e1zm. 2., 3.; P\u00e1lmay.<\/br><\/p>\n","protected":false},"excerpt":{"rendered":"<p>1765, \u2020\u00a01831: tan\u00edt\u00f3, ref. lelk\u00e9sz. \u2013 Feles\u00e9ge Nagyb\u00f6l\u00f6ni Kerest\u00e9ly Kl\u00e1ra. Magyars\u00fcly\u00e9n (1782\u201394) \u00e9s Dics\u0151szentm\u00e1rtonban el\u0151k\u00f6ny\u00f6rg\u0151 levita, pap (1796\u20131805), k\u00e9s\u0151bb marosugrai, majd gernyeszegi lelk\u00e9sz (1829\u2013). Irod.: B\u00f6jthe Andor: A G\u00f6rg\u00e9nyi ev. ref. egyh\u00e1zmegye t\u00f6rt\u00e9nete [k\u00e9zirat]; Kornis; K\u00fck\u00fcll\u0151i Ref. Egyh\u00e1zm. 2., 3.; P\u00e1lmay.<\/p>\n","protected":false},"featured_media":0,"comment_status":"open","ping_status":"closed","template":"","meta":[],"product_brand":[],"product_cat":[137],"product_tag":[],"class_list":{"0":"post-22095","1":"product","2":"type-product","3":"status-publish","5":"product_cat-maros-megyei-eletrajzi-lexikon","7":"first","8":"instock","9":"shipping-taxable","10":"product-type-simple"},"_links":{"self":[{"href":"https:\/\/uj.adatbank.ro\/lexikon\/wp-json\/wp\/v2\/product\/22095","targetHints":{"allow":["GET"]}}],"collection":[{"href":"https:\/\/uj.adatbank.ro\/lexikon\/wp-json\/wp\/v2\/product"}],"about":[{"href":"https:\/\/uj.adatbank.ro\/lexikon\/wp-json\/wp\/v2\/types\/product"}],"replies":[{"embeddable":true,"href":"https:\/\/uj.adatbank.ro\/lexikon\/wp-json\/wp\/v2\/comments?post=22095"}],"wp:attachment":[{"href":"https:\/\/uj.adatbank.ro\/lexikon\/wp-json\/wp\/v2\/media?parent=22095"}],"wp:term":[{"taxonomy":"product_brand","embeddable":true,"href":"https:\/\/uj.adatbank.ro\/lexikon\/wp-json\/wp\/v2\/product_brand?post=22095"},{"taxonomy":"product_cat","embeddable":true,"href":"https:\/\/uj.adatbank.ro\/lexikon\/wp-json\/wp\/v2\/product_cat?post=22095"},{"taxonomy":"product_tag","embeddable":true,"href":"https:\/\/uj.adatbank.ro\/lexikon\/wp-json\/wp\/v2\/product_tag?post=22095"}],"curies":[{"name":"wp","href":"https:\/\/api.w.org\/{rel}","templated":true}]}}