{"id":22096,"date":"2025-07-22T19:48:52","date_gmt":"2025-07-22T17:48:52","guid":{"rendered":"https:\/\/uj.adatbank.ro\/lexikon\/termek\/szentkiralyi-janos-erszentkiralyi-2\/"},"modified":"2025-07-22T19:48:52","modified_gmt":"2025-07-22T17:48:52","slug":"szentkiralyi-janos-erszentkiralyi-2","status":"publish","type":"product","link":"https:\/\/uj.adatbank.ro\/lexikon\/termek\/szentkiralyi-janos-erszentkiralyi-2\/","title":{"rendered":"SZENTKIR\u00c1LYI J\u00e1nos, \u00e9rszentkir\u00e1lyi"},"content":{"rendered":"<p>Dics\u0151szentm\u00e1rton, 1794. jan. 25., \u2020\u00a0Gernyeszeg, 1864. dec. 8.: ref. lelk\u00e9sz. \u2013 Feles\u00e9ge: Csiki Zsuzs\u00e1nna. Gyermekeik: G\u00e1bor; Biri Bitai Mih\u00e1lyn\u00e9; Anna Csejdi Istv\u00e1nn\u00e9; Lajos. \u2013 Sz\u00fcl\u0151v\u00e1ros\u00e1ban az unit. iskol\u00e1ban kezdte a tanul\u00e1st, befejezte a mv.-i ref. f\u0151tanod\u00e1ban. Kit\u0171n\u0151 tanul\u00f3k\u00e9nt utols\u00f3 lp. jel\u00f6lti \u00e9ve alatt k\u00e9t als\u00f3 oszt\u00e1lynak sz\u00e1mtant \u00e9s m\u00e9rtant tan\u00edtott., majd nevel\u0151je gr. Teleki Domokosnak (1810\u20131876), egyben gr. Teleki Istv\u00e1nnal kir. \u00edt\u00e9l\u0151t\u00e1blai \u00edrnok. Gr. Teleki Istv\u00e1nnal B\u00e9csbe ment teol\u00f3giai ismeretei elm\u00e9ly\u00edt\u00e9se \u00e9rdek\u00e9ben, innen h\u00edvta meg a magyarp\u00e9terlaki gy\u00fclekezet lelk\u00e9sznek. Megkezdte szolg\u00e1lat\u00e1t (1824. j\u00fal. 1.\u20131829. \u00e1pr. 24.), lelk\u00e9ssz\u00e9 avatt\u00e1k a Magyarr\u00e9geni zsinaton (1825. j\u00fan. 15.). Gernyeszegi lp.-nak iktatt\u00e1k be (1829\u201364), gr. Teleki J\u00f3zsefn\u00e9 R\u00f3th Johanna t\u00e1mogat\u00e1s\u00e1val. Egyh\u00e1zmegyei tan\u00e1csos (assessor) (1832. febr. 1.), g\u00f6rg\u00e9nyi egyh\u00e1zmegyei jegyz\u0151 (1835\u201348), esperes hal\u00e1l\u00e1ig (1848\u201364), egyh\u00e1zker\u00fcleti gener\u00e1lis direktor hal\u00e1l\u00e1ig (1858\u201364). Feles\u00e9ge Csiki Zsuzsanna, Cs. S\u00e1muel (1787\u20131837) lp. le\u00e1nya, majd Somosi Sz\u00e9kely Borb\u00e1la. Ut\u00f3da Elekes K\u00e1lm\u00e1n lelk\u00e9sz. <br \/><strong>Irod.:<\/strong> B\u00f6jthe Andor: A G\u00f6rg\u00e9nyi ev. ref. egyh\u00e1zmegye t\u00f6rt\u00e9nete [k\u00e9zirat]; Gy\u00e1szjelent\u0151; Kornis; P\u00e1lmay; Zov\u00e1nyi.<\/br><\/p>\n","protected":false},"excerpt":{"rendered":"<p>Dics\u0151szentm\u00e1rton, 1794. jan. 25., \u2020\u00a0Gernyeszeg, 1864. dec. 8.: ref. lelk\u00e9sz. \u2013 Feles\u00e9ge: Csiki Zsuzs\u00e1nna. Gyermekeik: G\u00e1bor; Biri Bitai Mih\u00e1lyn\u00e9; Anna Csejdi Istv\u00e1nn\u00e9; Lajos. \u2013 Sz\u00fcl\u0151v\u00e1ros\u00e1ban az unit. iskol\u00e1ban kezdte a tanul\u00e1st, befejezte a mv.-i ref. f\u0151tanod\u00e1ban. Kit\u0171n\u0151 tanul\u00f3k\u00e9nt utols\u00f3 lp. jel\u00f6lti \u00e9ve alatt k\u00e9t als\u00f3 oszt\u00e1lynak sz\u00e1mtant \u00e9s m\u00e9rtant tan\u00edtott., majd nevel\u0151je gr. Teleki Domokosnak [&hellip;]<\/p>\n","protected":false},"featured_media":0,"comment_status":"open","ping_status":"closed","template":"","meta":[],"product_brand":[],"product_cat":[137],"product_tag":[],"class_list":{"0":"post-22096","1":"product","2":"type-product","3":"status-publish","5":"product_cat-maros-megyei-eletrajzi-lexikon","7":"first","8":"instock","9":"shipping-taxable","10":"product-type-simple"},"_links":{"self":[{"href":"https:\/\/uj.adatbank.ro\/lexikon\/wp-json\/wp\/v2\/product\/22096","targetHints":{"allow":["GET"]}}],"collection":[{"href":"https:\/\/uj.adatbank.ro\/lexikon\/wp-json\/wp\/v2\/product"}],"about":[{"href":"https:\/\/uj.adatbank.ro\/lexikon\/wp-json\/wp\/v2\/types\/product"}],"replies":[{"embeddable":true,"href":"https:\/\/uj.adatbank.ro\/lexikon\/wp-json\/wp\/v2\/comments?post=22096"}],"wp:attachment":[{"href":"https:\/\/uj.adatbank.ro\/lexikon\/wp-json\/wp\/v2\/media?parent=22096"}],"wp:term":[{"taxonomy":"product_brand","embeddable":true,"href":"https:\/\/uj.adatbank.ro\/lexikon\/wp-json\/wp\/v2\/product_brand?post=22096"},{"taxonomy":"product_cat","embeddable":true,"href":"https:\/\/uj.adatbank.ro\/lexikon\/wp-json\/wp\/v2\/product_cat?post=22096"},{"taxonomy":"product_tag","embeddable":true,"href":"https:\/\/uj.adatbank.ro\/lexikon\/wp-json\/wp\/v2\/product_tag?post=22096"}],"curies":[{"name":"wp","href":"https:\/\/api.w.org\/{rel}","templated":true}]}}