{"id":2210,"date":"2025-06-28T12:07:06","date_gmt":"2025-06-28T10:07:06","guid":{"rendered":"https:\/\/uj.adatbank.ro\/lexikon\/termek\/banffy-pal-losonci-br\/"},"modified":"2025-06-28T12:07:06","modified_gmt":"2025-06-28T10:07:06","slug":"banffy-pal-losonci-br","status":"publish","type":"product","link":"https:\/\/uj.adatbank.ro\/lexikon\/termek\/banffy-pal-losonci-br\/","title":{"rendered":"B\u00c1NFFY P\u00e1l, losonci br."},"content":{"rendered":"<p>1762. m\u00e1rc. 17., \u2020\u00a01828. okt. 3.: f\u00f6ldbirtokos, krasznai f\u0151isp\u00e1n. \u2013 B. Mih\u00e1ly\/Mikl\u00f3s (1724\u20131777) \u00e9s br. gyer\u0151monostori Kem\u00e9ny Ter\u00e9zia (1739\u201318 6) fia. Feles\u00e9ge: felcs\u00fati G\u00e1nyi Erzs\u00e9bet (1767\u20131831). \u2013 Teremi\u00fajfalu ref. templom\u00e1nak Horv\u00e1th Zsigmonddal az \u00farasztalt takar\u00f3 t\u00f6r\u00f6k sz\u00f6nyeget adom\u00e1nyoztak (1795). <br \/><strong>Irod.:<\/strong> Bir\u00f3 J\u00f3zsef. A bonchidai B\u00e1nffy-kast\u00e9ly csal\u00e1di arck\u00e9pei = Lyka eml\u00e9kk.; K\u00fck\u00fcll\u0151i Ref. Egyh\u00e1zm. 4.<\/br><\/p>\n","protected":false},"excerpt":{"rendered":"<p>1762. m\u00e1rc. 17., \u2020\u00a01828. okt. 3.: f\u00f6ldbirtokos, krasznai f\u0151isp\u00e1n. \u2013 B. Mih\u00e1ly\/Mikl\u00f3s (1724\u20131777) \u00e9s br. gyer\u0151monostori Kem\u00e9ny Ter\u00e9zia (1739\u201318 6) fia. Feles\u00e9ge: felcs\u00fati G\u00e1nyi Erzs\u00e9bet (1767\u20131831). \u2013 Teremi\u00fajfalu ref. templom\u00e1nak Horv\u00e1th Zsigmonddal az \u00farasztalt takar\u00f3 t\u00f6r\u00f6k sz\u00f6nyeget adom\u00e1nyoztak (1795). Irod.: Bir\u00f3 J\u00f3zsef. A bonchidai B\u00e1nffy-kast\u00e9ly csal\u00e1di arck\u00e9pei = Lyka eml\u00e9kk.; K\u00fck\u00fcll\u0151i Ref. Egyh\u00e1zm. 4.<\/p>\n","protected":false},"featured_media":0,"comment_status":"open","ping_status":"closed","template":"","meta":[],"product_brand":[],"product_cat":[137],"product_tag":[],"class_list":{"0":"post-2210","1":"product","2":"type-product","3":"status-publish","5":"product_cat-maros-megyei-eletrajzi-lexikon","7":"first","8":"instock","9":"shipping-taxable","10":"product-type-simple"},"_links":{"self":[{"href":"https:\/\/uj.adatbank.ro\/lexikon\/wp-json\/wp\/v2\/product\/2210","targetHints":{"allow":["GET"]}}],"collection":[{"href":"https:\/\/uj.adatbank.ro\/lexikon\/wp-json\/wp\/v2\/product"}],"about":[{"href":"https:\/\/uj.adatbank.ro\/lexikon\/wp-json\/wp\/v2\/types\/product"}],"replies":[{"embeddable":true,"href":"https:\/\/uj.adatbank.ro\/lexikon\/wp-json\/wp\/v2\/comments?post=2210"}],"wp:attachment":[{"href":"https:\/\/uj.adatbank.ro\/lexikon\/wp-json\/wp\/v2\/media?parent=2210"}],"wp:term":[{"taxonomy":"product_brand","embeddable":true,"href":"https:\/\/uj.adatbank.ro\/lexikon\/wp-json\/wp\/v2\/product_brand?post=2210"},{"taxonomy":"product_cat","embeddable":true,"href":"https:\/\/uj.adatbank.ro\/lexikon\/wp-json\/wp\/v2\/product_cat?post=2210"},{"taxonomy":"product_tag","embeddable":true,"href":"https:\/\/uj.adatbank.ro\/lexikon\/wp-json\/wp\/v2\/product_tag?post=2210"}],"curies":[{"name":"wp","href":"https:\/\/api.w.org\/{rel}","templated":true}]}}