{"id":22100,"date":"2025-07-22T19:49:01","date_gmt":"2025-07-22T17:49:01","guid":{"rendered":"https:\/\/uj.adatbank.ro\/lexikon\/termek\/szentkiralyi-margit-erszentkiralyi-petrichevich-horvath-gaborne\/"},"modified":"2025-07-22T19:49:01","modified_gmt":"2025-07-22T17:49:01","slug":"szentkiralyi-margit-erszentkiralyi-petrichevich-horvath-gaborne","status":"publish","type":"product","link":"https:\/\/uj.adatbank.ro\/lexikon\/termek\/szentkiralyi-margit-erszentkiralyi-petrichevich-horvath-gaborne\/","title":{"rendered":"SZENTKIR\u00c1LYI Margit, \u00e9rszentkir\u00e1lyi; Petrichevich-Horv\u00e1th G\u00e1born\u00e9"},"content":{"rendered":"<p>Mez\u0151pagocsa, 1881. dec. 11., \u2020\u00a0Bp., 1970. aug. 4: F\u00e9rjhez ment Petrichevivh Horv\u00e1th G\u00e1borhoz Mez\u0151pagocs\u00e1n (1903. jan. 31). M\u00e1sodik f\u00e9rje Sz\u00e1deczky-Kardos Dezs\u0151 (1917\u2013). <br \/><strong>Irod.:<\/strong> Gudenus.<\/br><\/p>\n","protected":false},"excerpt":{"rendered":"<p>Mez\u0151pagocsa, 1881. dec. 11., \u2020\u00a0Bp., 1970. aug. 4: F\u00e9rjhez ment Petrichevivh Horv\u00e1th G\u00e1borhoz Mez\u0151pagocs\u00e1n (1903. jan. 31). M\u00e1sodik f\u00e9rje Sz\u00e1deczky-Kardos Dezs\u0151 (1917\u2013). Irod.: Gudenus.<\/p>\n","protected":false},"featured_media":0,"comment_status":"open","ping_status":"closed","template":"","meta":[],"product_brand":[],"product_cat":[137],"product_tag":[],"class_list":{"0":"post-22100","1":"product","2":"type-product","3":"status-publish","5":"product_cat-maros-megyei-eletrajzi-lexikon","7":"first","8":"instock","9":"shipping-taxable","10":"product-type-simple"},"_links":{"self":[{"href":"https:\/\/uj.adatbank.ro\/lexikon\/wp-json\/wp\/v2\/product\/22100","targetHints":{"allow":["GET"]}}],"collection":[{"href":"https:\/\/uj.adatbank.ro\/lexikon\/wp-json\/wp\/v2\/product"}],"about":[{"href":"https:\/\/uj.adatbank.ro\/lexikon\/wp-json\/wp\/v2\/types\/product"}],"replies":[{"embeddable":true,"href":"https:\/\/uj.adatbank.ro\/lexikon\/wp-json\/wp\/v2\/comments?post=22100"}],"wp:attachment":[{"href":"https:\/\/uj.adatbank.ro\/lexikon\/wp-json\/wp\/v2\/media?parent=22100"}],"wp:term":[{"taxonomy":"product_brand","embeddable":true,"href":"https:\/\/uj.adatbank.ro\/lexikon\/wp-json\/wp\/v2\/product_brand?post=22100"},{"taxonomy":"product_cat","embeddable":true,"href":"https:\/\/uj.adatbank.ro\/lexikon\/wp-json\/wp\/v2\/product_cat?post=22100"},{"taxonomy":"product_tag","embeddable":true,"href":"https:\/\/uj.adatbank.ro\/lexikon\/wp-json\/wp\/v2\/product_tag?post=22100"}],"curies":[{"name":"wp","href":"https:\/\/api.w.org\/{rel}","templated":true}]}}